{"id":695786,"date":"2025-08-27T14:31:10","date_gmt":"2025-08-27T11:31:10","guid":{"rendered":"https:\/\/roveyayinevi.com.tr\/index.php\/urun\/atesin-cagrisi-kisim-2\/"},"modified":"2026-04-16T02:05:45","modified_gmt":"2026-04-15T23:05:45","slug":"atesin-cagrisi-kisim-2","status":"publish","type":"product","link":"https:\/\/roveyayinevi.com.tr\/index.php\/urun\/atesin-cagrisi-kisim-2\/","title":{"rendered":"Ate\u015fin \u00c7a\u011fr\u0131s\u0131 &#8211; K\u0131s\u0131m: 2"},"content":{"rendered":"<p>Sava\u015f ve karma\u015fa. A\u015fk ve tutku. Sevgi ve ba\u011fl\u0131l\u0131k. Tutku ve nefret. Jamie ve Claire korkun\u00e7 kaderlerine do\u011fru ad\u0131m ad\u0131m yakla\u015f\u0131yor. Y\u0131l 1771 ve sava\u015f yakla\u015f\u0131yor. T\u0131pk\u0131 kar\u0131s\u0131n\u0131n Jamie Fraser&#8217;a s\u00f6yledi\u011fi gibi. Bir yan\u0131 bunun olmamas\u0131n\u0131 dilese de Jamie, Claire&#8217;e ve onun korkun\u00e7 kehanet yetene\u011fine inan\u0131yor \u00e7\u00fcnk\u00fc bir zaman yolcusuyla evli oldu\u011funu biliyor. Sevdi\u011fi erkek i\u00e7in zaman\u0131n s\u0131n\u0131rlar\u0131n\u0131 a\u015fan Claire; klan\u0131n\u0131 ve \u00fclkesini h\u00e2l\u00e2 i\u00e7inde ya\u015fatan Jamie; ge\u00e7mi\u015fin hayaletlerinden ka\u00e7amayan ama ailesi i\u00e7in ya\u015fayan Brianna; kendi yolunu bulmaya \u00e7al\u0131\u015fan Roger. Hepsi ka\u00e7\u0131n\u0131lmaza do\u011fru yol al\u0131rken, a\u015fklar\u0131 ve aileleri i\u00e7in ayakta kalmaya \u00e7al\u0131\u015f\u0131yor. &#8220;B\u00fcy\u00fcleyici ve \u015fa\u015f\u0131rt\u0131c\u0131.&#8221; The Dallas Morning News &#8220;Kusursuz bir yaz\u0131m. Doyurucu, davetk\u00e2r, tutkulu ve zengin tarihi detaylarla dolu.&#8221; Library Journal \ufffcTan\u0131t\u0131m Metni<\/p>\n","protected":false},"excerpt":{"rendered":"<p>Sava\u015f ve karma\u015fa. A\u015fk ve tutku. Sevgi ve ba\u011fl\u0131l\u0131k. Tutku ve nefret. Jamie ve Claire korkun\u00e7 kaderlerine do\u011fru ad\u0131m ad\u0131m yakla\u015f\u0131yor. Y\u0131l 1771 ve sava\u015f yakla\u015f\u0131yor.<span class=\"excerpt-hellip\"> [\u2026]<\/span><\/p>\n","protected":false},"featured_media":0,"template":"","meta":{"_monsterinsights_skip_tracking":false,"_monsterinsights_sitenote_active":false,"_monsterinsights_sitenote_note":"","_monsterinsights_sitenote_category":0},"product_brand":[],"product_cat":[12891,12291],"product_tag":[],"class_list":{"0":"post-695786","1":"product","2":"type-product","3":"status-publish","5":"product_cat-amerikan-edebiyati","6":"product_cat-edebiyat","7":"pa_cilt-ciltsiz","8":"pa_tur-kitap","9":"pa_yayinevi-epsilon-yayinlari","10":"pa_yazar-diana-gabaldon","12":"first","13":"instock","14":"sale","15":"shipping-taxable","16":"purchasable","17":"product-type-simple"},"_links":{"self":[{"href":"https:\/\/roveyayinevi.com.tr\/index.php\/wp-json\/wp\/v2\/product\/695786","targetHints":{"allow":["GET"]}}],"collection":[{"href":"https:\/\/roveyayinevi.com.tr\/index.php\/wp-json\/wp\/v2\/product"}],"about":[{"href":"https:\/\/roveyayinevi.com.tr\/index.php\/wp-json\/wp\/v2\/types\/product"}],"wp:attachment":[{"href":"https:\/\/roveyayinevi.com.tr\/index.php\/wp-json\/wp\/v2\/media?parent=695786"}],"wp:term":[{"taxonomy":"product_brand","embeddable":true,"href":"https:\/\/roveyayinevi.com.tr\/index.php\/wp-json\/wp\/v2\/product_brand?post=695786"},{"taxonomy":"product_cat","embeddable":true,"href":"https:\/\/roveyayinevi.com.tr\/index.php\/wp-json\/wp\/v2\/product_cat?post=695786"},{"taxonomy":"product_tag","embeddable":true,"href":"https:\/\/roveyayinevi.com.tr\/index.php\/wp-json\/wp\/v2\/product_tag?post=695786"}],"curies":[{"name":"wp","href":"https:\/\/api.w.org\/{rel}","templated":true}]}}