{"id":695785,"date":"2025-08-27T14:31:10","date_gmt":"2025-08-27T11:31:10","guid":{"rendered":"https:\/\/roveyayinevi.com.tr\/index.php\/urun\/kuresel-finans-ve-makro-iktisat\/"},"modified":"2026-04-16T02:05:45","modified_gmt":"2026-04-15T23:05:45","slug":"kuresel-finans-ve-makro-iktisat","status":"publish","type":"product","link":"https:\/\/roveyayinevi.com.tr\/index.php\/urun\/kuresel-finans-ve-makro-iktisat\/","title":{"rendered":"K\u00fcresel Finans ve Makro \u0130ktisat"},"content":{"rendered":"<p>ABD\u2019de 2008 y\u0131l\u0131nda ipotekli ev kredisi sisteminin iflas\u0131 ile ba\u015flayan banka krizi, k\u0131sa bir s\u00fcrede geni\u015fleyerek t\u00fcm finans sekt\u00f6r\u00fcn\u00fc i\u00e7ine alan bir krize d\u00f6nm\u00fc\u015ft\u00fcr. Binlerce i\u015fletme ve banka iflasa s\u00fcr\u00fcklenip, ekonomi tamamen durmu\u015f, i\u015fsizlik oran\u0131 ABD\u2019nin tarihinde 1929 Birinci D\u00fcnya Krizi\u2019nden sonra ilk defa y\u00fczde onu a\u015fm\u0131\u015ft\u0131r. Bundan daha k\u00f6t\u00fcs\u00fc, Amerika\u2019da ba\u015flayan bu kriz k\u0131sa s\u00fcrede d\u00fcnyan\u0131n di\u011fer geli\u015fmi\u015f \u00fclkelerine de s\u0131\u00e7ram\u0131\u015f ve d\u00fcnya ekonomisi \u0130kinci D\u00fcnya Krizi ne girmi\u015ftir. \ufffcTan\u0131t\u0131m Metni<\/p>\n","protected":false},"excerpt":{"rendered":"<p>ABD\u2019de 2008 y\u0131l\u0131nda ipotekli ev kredisi sisteminin iflas\u0131 ile ba\u015flayan banka krizi, k\u0131sa bir s\u00fcrede geni\u015fleyerek t\u00fcm finans sekt\u00f6r\u00fcn\u00fc i\u00e7ine alan bir krize d\u00f6nm\u00fc\u015ft\u00fcr. Binlerce i\u015fletme<span class=\"excerpt-hellip\"> [\u2026]<\/span><\/p>\n","protected":false},"featured_media":0,"template":"","meta":{"_monsterinsights_skip_tracking":false,"_monsterinsights_sitenote_active":false,"_monsterinsights_sitenote_note":"","_monsterinsights_sitenote_category":0},"product_brand":[],"product_cat":[13044,13043],"product_tag":[],"class_list":{"0":"post-695785","1":"product","2":"type-product","3":"status-publish","5":"product_cat-dunya-ekonomisi","6":"product_cat-ekonomi","7":"pa_tur-kitap","8":"pa_yayinevi-efil-yayinevi","9":"pa_yazar-vural-fuat-savas","11":"first","12":"instock","13":"sale","14":"shipping-taxable","15":"purchasable","16":"product-type-simple"},"_links":{"self":[{"href":"https:\/\/roveyayinevi.com.tr\/index.php\/wp-json\/wp\/v2\/product\/695785","targetHints":{"allow":["GET"]}}],"collection":[{"href":"https:\/\/roveyayinevi.com.tr\/index.php\/wp-json\/wp\/v2\/product"}],"about":[{"href":"https:\/\/roveyayinevi.com.tr\/index.php\/wp-json\/wp\/v2\/types\/product"}],"wp:attachment":[{"href":"https:\/\/roveyayinevi.com.tr\/index.php\/wp-json\/wp\/v2\/media?parent=695785"}],"wp:term":[{"taxonomy":"product_brand","embeddable":true,"href":"https:\/\/roveyayinevi.com.tr\/index.php\/wp-json\/wp\/v2\/product_brand?post=695785"},{"taxonomy":"product_cat","embeddable":true,"href":"https:\/\/roveyayinevi.com.tr\/index.php\/wp-json\/wp\/v2\/product_cat?post=695785"},{"taxonomy":"product_tag","embeddable":true,"href":"https:\/\/roveyayinevi.com.tr\/index.php\/wp-json\/wp\/v2\/product_tag?post=695785"}],"curies":[{"name":"wp","href":"https:\/\/api.w.org\/{rel}","templated":true}]}}