{"id":695781,"date":"2025-08-27T14:31:09","date_gmt":"2025-08-27T11:31:09","guid":{"rendered":"https:\/\/roveyayinevi.com.tr\/index.php\/urun\/parlamenter-demokrasinin-krizi\/"},"modified":"2026-04-16T02:05:45","modified_gmt":"2026-04-15T23:05:45","slug":"parlamenter-demokrasinin-krizi","status":"publish","type":"product","link":"https:\/\/roveyayinevi.com.tr\/index.php\/urun\/parlamenter-demokrasinin-krizi\/","title":{"rendered":"Parlamenter Demokrasinin Krizi"},"content":{"rendered":"<p>Sonsuz bir erdem kayna\u011f\u0131 olarak demokrasi fikrinin onun siyasi bir rejim ve\/veya ideoloji olarak sahip oldu\u011fu pozitivist \u00f6z\u00fc \u00e7oktan a\u015ft\u0131\u011f\u0131 bir \u00e7a\u011fda ya\u015f\u0131yor insanl\u0131k. Art\u0131k demokrat olman\u0131n de\u011fil, olmaman\u0131n ya da \u00f6yle g\u00f6r\u00fcnmemenin imkans\u0131z oldu\u011fu bir konjonkt\u00fcr k\u00f6kle\u015fiyor d\u00fcnyan\u0131n her yerinde. Carl Schmitt, demokrasi d\u00fc\u015f\u00fcncesinin her t\u00fcr \u00e7iftanlaml\u0131l\u0131\u011f\u0131 a\u015fan bir \u201cfikri hile\u201d olarak te\u015fhir edildi\u011fi bu \u00e7arp\u0131c\u0131 yap\u0131t\u0131nda, demokrasiyi \u201ce\u015fitlerin e\u015fitli\u011fi\u201d olarak tan\u0131ml\u0131yor. Y\u00f6netici s\u0131n\u0131f\u0131n incelmi\u015f manip\u00fclasyon tekniklerinden, do\u011frudan demokrasinin fiziken ortadan kalkt\u0131\u011f\u0131 g\u00fcn \u00f6len bir halk erkinin i\u00e7i bo\u015f \u00fclk\u00fcs\u00fcnden, \u201cb\u00fcy\u00fcs\u00fc bozulmu\u015f\u201d bir d\u00fcnyaca demokrasiye y\u00fcklenen anlam\u0131n bir siyasi mitologya olarak donand\u0131\u011f\u0131 masals\u0131 aldatmacadan s\u00f6z ediyor. <\/p>\n","protected":false},"excerpt":{"rendered":"<p>Sonsuz bir erdem kayna\u011f\u0131 olarak demokrasi fikrinin onun siyasi bir rejim ve\/veya ideoloji olarak sahip oldu\u011fu pozitivist \u00f6z\u00fc \u00e7oktan a\u015ft\u0131\u011f\u0131 bir \u00e7a\u011fda ya\u015f\u0131yor insanl\u0131k. Art\u0131k demokrat<span class=\"excerpt-hellip\"> [\u2026]<\/span><\/p>\n","protected":false},"featured_media":0,"template":"","meta":{"_monsterinsights_skip_tracking":false,"_monsterinsights_sitenote_active":false,"_monsterinsights_sitenote_note":"","_monsterinsights_sitenote_category":0},"product_brand":[],"product_cat":[12338,12337],"product_tag":[],"class_list":{"0":"post-695781","1":"product","2":"type-product","3":"status-publish","5":"product_cat-dunya-siyaseti-ve-politikasi","6":"product_cat-politika-siyaset","7":"pa_cilt-ciltsiz","8":"pa_tur-kitap","9":"pa_yayinevi-dost-kitabevi-yayinlari","10":"pa_yazar-carl-schmitt","12":"first","13":"instock","14":"sale","15":"shipping-taxable","16":"purchasable","17":"product-type-simple"},"_links":{"self":[{"href":"https:\/\/roveyayinevi.com.tr\/index.php\/wp-json\/wp\/v2\/product\/695781","targetHints":{"allow":["GET"]}}],"collection":[{"href":"https:\/\/roveyayinevi.com.tr\/index.php\/wp-json\/wp\/v2\/product"}],"about":[{"href":"https:\/\/roveyayinevi.com.tr\/index.php\/wp-json\/wp\/v2\/types\/product"}],"wp:attachment":[{"href":"https:\/\/roveyayinevi.com.tr\/index.php\/wp-json\/wp\/v2\/media?parent=695781"}],"wp:term":[{"taxonomy":"product_brand","embeddable":true,"href":"https:\/\/roveyayinevi.com.tr\/index.php\/wp-json\/wp\/v2\/product_brand?post=695781"},{"taxonomy":"product_cat","embeddable":true,"href":"https:\/\/roveyayinevi.com.tr\/index.php\/wp-json\/wp\/v2\/product_cat?post=695781"},{"taxonomy":"product_tag","embeddable":true,"href":"https:\/\/roveyayinevi.com.tr\/index.php\/wp-json\/wp\/v2\/product_tag?post=695781"}],"curies":[{"name":"wp","href":"https:\/\/api.w.org\/{rel}","templated":true}]}}