{"id":695780,"date":"2025-08-27T14:31:09","date_gmt":"2025-08-27T11:31:09","guid":{"rendered":"https:\/\/roveyayinevi.com.tr\/index.php\/urun\/cocugun-gozuyle-dunya\/"},"modified":"2025-11-22T02:42:59","modified_gmt":"2025-11-21T23:42:59","slug":"cocugun-gozuyle-dunya","status":"publish","type":"product","link":"https:\/\/roveyayinevi.com.tr\/index.php\/urun\/cocugun-gozuyle-dunya\/","title":{"rendered":"\u00c7ocu\u011fun G\u00f6z\u00fcyle D\u00fcnya"},"content":{"rendered":"<p>\u00c7ocuk psikolojisi ve bili\u015fsel geli\u015fim alan\u0131nda yapt\u0131\u011f\u0131 \u00e7al\u0131\u015fmalarla \u00e7\u0131\u011f\u0131r a\u00e7an Piaget, insan bilgisinin geli\u015fimini inceledi\u011fi \u00e7al\u0131\u015fmalar\u0131yla genetik epistemolojinin kurucusu ve \u00f6nc\u00fcs\u00fc olmu\u015ftur. \u00c7ocu\u011fun \u00e7evresindeki nesnelerle kurdu\u011fu ili\u015fkinin g\u00fcd\u00fcleyici do\u011fas\u0131, Piaget\u2019nin deyi\u015fiyle, \u00e7ocu\u011fun kendi d\u0131\u015f\u0131ndaki ger\u00e7ekli\u011fi i\u00e7sel ve \u00f6znel bir d\u00fcnyadan ay\u0131rma \u00e7abas\u0131yla tan\u0131mlan\u0131r. Bu davran\u0131\u015fsal u\u011fra\u015f\u0131n \u00f6z\u00fcnde maddesel ve somut bir evren kurma itkisinin yatt\u0131\u011f\u0131na i\u015faret eden Piaget, insan zekas\u0131n\u0131n geli\u015fimindeki evreleri uyarlama ve uyarlanma aras\u0131ndaki kar\u015f\u0131l\u0131kl\u0131 ili\u015fkiden itibaren \u00e7\u00f6z\u00fcmler. \u00c7al\u0131\u015fmas\u0131na temel olan geli\u015fim psikolojisi, bili\u015fsel teori gibi kavramalar\u0131n bug\u00fcn ba\u011f\u0131ms\u0131z birer bilimsel ara\u015ft\u0131rma alan\u0131na d\u00f6n\u00fc\u015ft\u00fc\u011f\u00fc \u0130svi\u00e7reli bilginden g\u00f6rkemini koruyan bir klasik. <\/p>\n","protected":false},"excerpt":{"rendered":"<p>\u00c7ocuk psikolojisi ve bili\u015fsel geli\u015fim alan\u0131nda yapt\u0131\u011f\u0131 \u00e7al\u0131\u015fmalarla \u00e7\u0131\u011f\u0131r a\u00e7an Piaget, insan bilgisinin geli\u015fimini inceledi\u011fi \u00e7al\u0131\u015fmalar\u0131yla genetik epistemolojinin kurucusu ve \u00f6nc\u00fcs\u00fc olmu\u015ftur. \u00c7ocu\u011fun \u00e7evresindeki nesnelerle kurdu\u011fu<span class=\"excerpt-hellip\"> [\u2026]<\/span><\/p>\n","protected":false},"featured_media":0,"template":"","meta":{"_monsterinsights_skip_tracking":false,"_monsterinsights_sitenote_active":false,"_monsterinsights_sitenote_note":"","_monsterinsights_sitenote_category":0},"product_brand":[],"product_cat":[12679,12357],"product_tag":[],"class_list":{"0":"post-695780","1":"product","2":"type-product","3":"status-publish","5":"product_cat-cocuk-psikolojisi","6":"product_cat-psikoloji","7":"pa_cilt-ciltsiz","8":"pa_tur-kitap","9":"pa_yayinevi-dost-kitabevi-yayinlari","10":"pa_yazar-jean-piaget","12":"first","13":"instock","14":"sale","15":"shipping-taxable","16":"purchasable","17":"product-type-simple"},"_links":{"self":[{"href":"https:\/\/roveyayinevi.com.tr\/index.php\/wp-json\/wp\/v2\/product\/695780","targetHints":{"allow":["GET"]}}],"collection":[{"href":"https:\/\/roveyayinevi.com.tr\/index.php\/wp-json\/wp\/v2\/product"}],"about":[{"href":"https:\/\/roveyayinevi.com.tr\/index.php\/wp-json\/wp\/v2\/types\/product"}],"wp:attachment":[{"href":"https:\/\/roveyayinevi.com.tr\/index.php\/wp-json\/wp\/v2\/media?parent=695780"}],"wp:term":[{"taxonomy":"product_brand","embeddable":true,"href":"https:\/\/roveyayinevi.com.tr\/index.php\/wp-json\/wp\/v2\/product_brand?post=695780"},{"taxonomy":"product_cat","embeddable":true,"href":"https:\/\/roveyayinevi.com.tr\/index.php\/wp-json\/wp\/v2\/product_cat?post=695780"},{"taxonomy":"product_tag","embeddable":true,"href":"https:\/\/roveyayinevi.com.tr\/index.php\/wp-json\/wp\/v2\/product_tag?post=695780"}],"curies":[{"name":"wp","href":"https:\/\/api.w.org\/{rel}","templated":true}]}}