{"id":695777,"date":"2025-08-27T14:31:08","date_gmt":"2025-08-27T11:31:08","guid":{"rendered":"https:\/\/roveyayinevi.com.tr\/index.php\/urun\/anne-babalar-icin-pedagogsavar-diyaloglar\/"},"modified":"2026-04-16T02:05:45","modified_gmt":"2026-04-15T23:05:45","slug":"anne-babalar-icin-pedagogsavar-diyaloglar","status":"publish","type":"product","link":"https:\/\/roveyayinevi.com.tr\/index.php\/urun\/anne-babalar-icin-pedagogsavar-diyaloglar\/","title":{"rendered":"Anne Babalar \u0130\u00e7in Pedagogsavar Diyaloglar"},"content":{"rendered":"<p>T\u00fcm Nineler Yuvalara Kar\u015f\u0131 Birle\u015fin! \u201cSizi fuzuli yarat\u0131klar sizi\u2026\u201d \u201cDoldurmu\u015flar raflar\u0131 tahta par\u00e7alar\u0131yla, uzaktan kumandal\u0131 araba bile yok!..\u201d \u201cBenim ad\u0131m Ceren! Kovsan\u0131z bile gitmem!!!\u201d \u201cModern Anne\u201d ile \u201c\u00c7ocukerkil Baba\u201d kli\u015felere kar\u015f\u0131! Okullar\u0131mdan Veli Manzaralar\u0131 \u201cO daha \u00e7ocuuuk\u201d diyenler \u201cAma\u2026\u201dc\u0131lar \u201cS\u0131nav Endeksli\u201d anne babalar \u201cHafta Sonu\u201d anne babalar\u0131 Yabanc\u0131 dil tutkunu, moda ve terim d\u00fc\u015fk\u00fcn\u00fc olanlar Gri tonu olmayan anne babalar \u201cS\u0131f\u0131r Tolerans\u201d anne babalar Direkten d\u00f6nenler Bug\u00fcn Bile Y\u00fcre\u011fimi Kanatanlar \u201cKe\u015fke k\u0131s\u0131r olsaym\u0131\u015fs\u0131n\u0131z!..\u201d \u201cBen babay\u0131m; d\u00f6verim de s\u00f6verim de\u2026\u201d Or\u00e7un \u201cMehendis\u201d olacak! <\/p>\n","protected":false},"excerpt":{"rendered":"<p>T\u00fcm Nineler Yuvalara Kar\u015f\u0131 Birle\u015fin! \u201cSizi fuzuli yarat\u0131klar sizi\u2026\u201d \u201cDoldurmu\u015flar raflar\u0131 tahta par\u00e7alar\u0131yla, uzaktan kumandal\u0131 araba bile yok!..\u201d \u201cBenim ad\u0131m Ceren! Kovsan\u0131z bile gitmem!!!\u201d \u201cModern Anne\u201d<span class=\"excerpt-hellip\"> [\u2026]<\/span><\/p>\n","protected":false},"featured_media":0,"template":"","meta":{"_monsterinsights_skip_tracking":false,"_monsterinsights_sitenote_active":false,"_monsterinsights_sitenote_note":"","_monsterinsights_sitenote_category":0},"product_brand":[],"product_cat":[17996,12364],"product_tag":[],"class_list":{"0":"post-695777","1":"product","2":"type-product","3":"status-publish","5":"product_cat-ebeveyn-kitaplari","6":"product_cat-genel-konular","7":"pa_cilt-ciltsiz","8":"pa_tur-kitap","9":"pa_yayinevi-epsilon-yayinlari","10":"pa_yazar-tanzer-yilmaz","12":"first","13":"instock","14":"sale","15":"shipping-taxable","16":"purchasable","17":"product-type-simple"},"_links":{"self":[{"href":"https:\/\/roveyayinevi.com.tr\/index.php\/wp-json\/wp\/v2\/product\/695777","targetHints":{"allow":["GET"]}}],"collection":[{"href":"https:\/\/roveyayinevi.com.tr\/index.php\/wp-json\/wp\/v2\/product"}],"about":[{"href":"https:\/\/roveyayinevi.com.tr\/index.php\/wp-json\/wp\/v2\/types\/product"}],"wp:attachment":[{"href":"https:\/\/roveyayinevi.com.tr\/index.php\/wp-json\/wp\/v2\/media?parent=695777"}],"wp:term":[{"taxonomy":"product_brand","embeddable":true,"href":"https:\/\/roveyayinevi.com.tr\/index.php\/wp-json\/wp\/v2\/product_brand?post=695777"},{"taxonomy":"product_cat","embeddable":true,"href":"https:\/\/roveyayinevi.com.tr\/index.php\/wp-json\/wp\/v2\/product_cat?post=695777"},{"taxonomy":"product_tag","embeddable":true,"href":"https:\/\/roveyayinevi.com.tr\/index.php\/wp-json\/wp\/v2\/product_tag?post=695777"}],"curies":[{"name":"wp","href":"https:\/\/api.w.org\/{rel}","templated":true}]}}