{"id":695773,"date":"2025-08-27T14:31:07","date_gmt":"2025-08-27T11:31:07","guid":{"rendered":"https:\/\/roveyayinevi.com.tr\/index.php\/urun\/dersimiz-samata\/"},"modified":"2026-03-02T02:06:37","modified_gmt":"2026-03-01T23:06:37","slug":"dersimiz-samata","status":"publish","type":"product","link":"https:\/\/roveyayinevi.com.tr\/index.php\/urun\/dersimiz-samata\/","title":{"rendered":"Dersimiz \u015eamata"},"content":{"rendered":"<p>Okulda tuhafl\u0131klar devam ediyor. Yeni k\u00fct\u00fcphaneci Bayan Roopy okula kafas\u0131nda bir tavayla geliyor. Bir g\u00fcn kendini devlet ba\u015fkan\u0131, ertesi g\u00fcn masal kahraman\u0131 san\u0131yor. \u0130\u015fin en k\u00f6t\u00fc taraf\u0131 da yapt\u0131\u011f\u0131 deliliklerin fark\u0131nda de\u011fil! Resim \u00f6\u011fretmeni Bayan Hannah ise ba\u015fka bir \u00e2lem. Tutacaklardan yap\u0131lm\u0131\u015f bir elbise giyiyor. \u00c7\u00f6plerin hi\u00e7birini atmay\u0131p biriktiriyor. \u00dcstelik can d\u00fc\u015fman\u0131 olan A.J. ve Andrea\u2019dan birlikte \u00e7al\u0131\u015fmalar\u0131n\u0131 istiyor. Bundan daha k\u00f6t\u00fc ne olabilir ki? A.J., Michael, Ryan, Andrea ve Emily\u2019nin i\u015fleri yine \u00e7ok zor! \ufffcTan\u0131t\u0131m Metni<\/p>\n","protected":false},"excerpt":{"rendered":"<p>Okulda tuhafl\u0131klar devam ediyor. Yeni k\u00fct\u00fcphaneci Bayan Roopy okula kafas\u0131nda bir tavayla geliyor. Bir g\u00fcn kendini devlet ba\u015fkan\u0131, ertesi g\u00fcn masal kahraman\u0131 san\u0131yor. \u0130\u015fin en k\u00f6t\u00fc<span class=\"excerpt-hellip\"> [\u2026]<\/span><\/p>\n","protected":false},"featured_media":0,"template":"","meta":{"_monsterinsights_skip_tracking":false,"_monsterinsights_sitenote_active":false,"_monsterinsights_sitenote_note":"","_monsterinsights_sitenote_category":0},"product_brand":[],"product_cat":[12274,12284],"product_tag":[],"class_list":{"0":"post-695773","1":"product","2":"type-product","3":"status-publish","5":"product_cat-cocuk-ve-genclik-kitaplari","6":"product_cat-hikayeler","7":"pa_cilt-ciltli","8":"pa_tur-kitap","9":"pa_yayinevi-epsilon-yayinlari","10":"pa_yazar-dan-gutman","12":"first","13":"instock","14":"sale","15":"shipping-taxable","16":"purchasable","17":"product-type-simple"},"_links":{"self":[{"href":"https:\/\/roveyayinevi.com.tr\/index.php\/wp-json\/wp\/v2\/product\/695773","targetHints":{"allow":["GET"]}}],"collection":[{"href":"https:\/\/roveyayinevi.com.tr\/index.php\/wp-json\/wp\/v2\/product"}],"about":[{"href":"https:\/\/roveyayinevi.com.tr\/index.php\/wp-json\/wp\/v2\/types\/product"}],"wp:attachment":[{"href":"https:\/\/roveyayinevi.com.tr\/index.php\/wp-json\/wp\/v2\/media?parent=695773"}],"wp:term":[{"taxonomy":"product_brand","embeddable":true,"href":"https:\/\/roveyayinevi.com.tr\/index.php\/wp-json\/wp\/v2\/product_brand?post=695773"},{"taxonomy":"product_cat","embeddable":true,"href":"https:\/\/roveyayinevi.com.tr\/index.php\/wp-json\/wp\/v2\/product_cat?post=695773"},{"taxonomy":"product_tag","embeddable":true,"href":"https:\/\/roveyayinevi.com.tr\/index.php\/wp-json\/wp\/v2\/product_tag?post=695773"}],"curies":[{"name":"wp","href":"https:\/\/api.w.org\/{rel}","templated":true}]}}