{"id":695772,"date":"2025-08-27T14:31:06","date_gmt":"2025-08-27T11:31:06","guid":{"rendered":"https:\/\/roveyayinevi.com.tr\/index.php\/urun\/ah-su-buyukler\/"},"modified":"2026-04-16T02:05:45","modified_gmt":"2026-04-15T23:05:45","slug":"ah-su-buyukler","status":"publish","type":"product","link":"https:\/\/roveyayinevi.com.tr\/index.php\/urun\/ah-su-buyukler\/","title":{"rendered":"Ah \u015eu B\u00fcy\u00fckler!"},"content":{"rendered":"<p>Yine okulda acayip \u015feyler oluyor. Fransa\u2019dan yeni gelen Bayan LaGrange \u00e7ok komik konu\u015fuyor ve patates p\u00fcresiyle gizli mesajlar yaz\u0131yor. A.J. ise okulun hem\u015firesi Bayan Cooney\u2019den \u00e7ok ho\u015flan\u0131yor. Peki Bayan Cooney uluslararas\u0131 bir gizli ajan olabilir mi? A.J.\u2019nin a\u015fk\u0131 m\u0131 yoksa \u00fclkesine olan sevgisi mi \u00fcst\u00fcn gelecek, ne dersiniz? \ufffcTan\u0131t\u0131m Metni<\/p>\n","protected":false},"excerpt":{"rendered":"<p>Yine okulda acayip \u015feyler oluyor. Fransa\u2019dan yeni gelen Bayan LaGrange \u00e7ok komik konu\u015fuyor ve patates p\u00fcresiyle gizli mesajlar yaz\u0131yor. A.J. ise okulun hem\u015firesi Bayan Cooney\u2019den \u00e7ok<span class=\"excerpt-hellip\"> [\u2026]<\/span><\/p>\n","protected":false},"featured_media":0,"template":"","meta":{"_monsterinsights_skip_tracking":false,"_monsterinsights_sitenote_active":false,"_monsterinsights_sitenote_note":"","_monsterinsights_sitenote_category":0},"product_brand":[],"product_cat":[12274,12284],"product_tag":[],"class_list":{"0":"post-695772","1":"product","2":"type-product","3":"status-publish","5":"product_cat-cocuk-ve-genclik-kitaplari","6":"product_cat-hikayeler","7":"pa_cilt-ciltsiz","8":"pa_tur-kitap","9":"pa_yayinevi-epsilon-yayinlari","10":"pa_yazar-dan-gutman","12":"first","13":"instock","14":"sale","15":"shipping-taxable","16":"purchasable","17":"product-type-simple"},"_links":{"self":[{"href":"https:\/\/roveyayinevi.com.tr\/index.php\/wp-json\/wp\/v2\/product\/695772","targetHints":{"allow":["GET"]}}],"collection":[{"href":"https:\/\/roveyayinevi.com.tr\/index.php\/wp-json\/wp\/v2\/product"}],"about":[{"href":"https:\/\/roveyayinevi.com.tr\/index.php\/wp-json\/wp\/v2\/types\/product"}],"wp:attachment":[{"href":"https:\/\/roveyayinevi.com.tr\/index.php\/wp-json\/wp\/v2\/media?parent=695772"}],"wp:term":[{"taxonomy":"product_brand","embeddable":true,"href":"https:\/\/roveyayinevi.com.tr\/index.php\/wp-json\/wp\/v2\/product_brand?post=695772"},{"taxonomy":"product_cat","embeddable":true,"href":"https:\/\/roveyayinevi.com.tr\/index.php\/wp-json\/wp\/v2\/product_cat?post=695772"},{"taxonomy":"product_tag","embeddable":true,"href":"https:\/\/roveyayinevi.com.tr\/index.php\/wp-json\/wp\/v2\/product_tag?post=695772"}],"curies":[{"name":"wp","href":"https:\/\/api.w.org\/{rel}","templated":true}]}}