{"id":695771,"date":"2025-08-27T14:31:06","date_gmt":"2025-08-27T11:31:06","guid":{"rendered":"https:\/\/roveyayinevi.com.tr\/index.php\/urun\/buyu-dukkaninda-iki-cinar\/"},"modified":"2026-04-16T02:05:45","modified_gmt":"2026-04-15T23:05:45","slug":"buyu-dukkaninda-iki-cinar","status":"publish","type":"product","link":"https:\/\/roveyayinevi.com.tr\/index.php\/urun\/buyu-dukkaninda-iki-cinar\/","title":{"rendered":"B\u00fcy\u00fc D\u00fckkan\u0131\u2019nda \u0130ki \u00c7\u0131nar"},"content":{"rendered":"<p>Ye\u015fim T\u00fcrk\u00f6z diyor ki: B\u00fcy\u00fc D\u00fckk\u00e2n\u0131\u2019na yapt\u0131\u011f\u0131n\u0131z bu ikinci ziyaret, ilkinden farkl\u0131 olacak. Yeni m\u00fc\u015fteriler ile yeni al\u0131\u015fveri\u015flerde daha \u00e7etin pazarl\u0131klarla kar\u015f\u0131la\u015facaks\u0131n\u0131z. Ancak orada pazarl\u0131klardan \u00e7ok daha fazlas\u0131na tan\u0131k olacaks\u0131n\u0131z. Al\u0131\u015fveri\u015f biter bitmez oradan ayr\u0131lmayacak, bu sihirli mek\u00e2nda misafir olacaks\u0131n\u0131z. Peki, sihir bozulacak m\u0131? Kim bilir? Belki de sihir sizin g\u00f6zlerinizdedir&#8230; Ye\u015fim T\u00fcrk\u00f6z, \u00e7ok sevilen kitab\u0131 B\u00fcy\u00fc D\u00fckk\u00e2n\u0131\u2019n\u0131n b\u00fcy\u00fcl\u00fc mek\u00e2n\u0131na y\u0131llar sonra tekrar gidiyor ve okuyucusunu, eski diyarda yepyeni bir bulu\u015fmaya davet ediyor. Mucizev\u00ee al\u0131\u015fveri\u015flerin yap\u0131ld\u0131\u011f\u0131 bu mek\u00e2nda, bizleri yeni m\u00fc\u015fteriler, yeni pazarl\u0131klar ve bamba\u015fka s\u00fcrprizler bekliyor. B\u00fcy\u00fc D\u00fckk\u00e2n\u0131, m\u00fc\u015fterilerine ikinci kez kap\u0131s\u0131n\u0131 a\u00e7arken, d\u00fckk\u00e2n sahibi ya\u015fl\u0131 adam, yazar\u0131 ve okuyucuyu, mek\u00e2n\u0131n\u0131n daha da i\u00e7ine alarak, \u00f6znel d\u00fcnyas\u0131n\u0131n derin katmanlar\u0131nda bulu\u015fturuyor; kendi hayat ser\u00fcvenini g\u00fcn\u0131\u015f\u0131\u011f\u0131na \u00e7\u0131kar\u0131yor&#8230; \ufffc<\/p>\n","protected":false},"excerpt":{"rendered":"<p>Ye\u015fim T\u00fcrk\u00f6z diyor ki: B\u00fcy\u00fc D\u00fckk\u00e2n\u0131\u2019na yapt\u0131\u011f\u0131n\u0131z bu ikinci ziyaret, ilkinden farkl\u0131 olacak. Yeni m\u00fc\u015fteriler ile yeni al\u0131\u015fveri\u015flerde daha \u00e7etin pazarl\u0131klarla kar\u015f\u0131la\u015facaks\u0131n\u0131z. Ancak orada pazarl\u0131klardan \u00e7ok<span class=\"excerpt-hellip\"> [\u2026]<\/span><\/p>\n","protected":false},"featured_media":0,"template":"","meta":{"_monsterinsights_skip_tracking":false,"_monsterinsights_sitenote_active":false,"_monsterinsights_sitenote_note":"","_monsterinsights_sitenote_category":0},"product_brand":[],"product_cat":[12291,12292],"product_tag":[],"class_list":{"0":"post-695771","1":"product","2":"type-product","3":"status-publish","5":"product_cat-edebiyat","6":"product_cat-turk-edebiyati","7":"pa_cilt-ciltsiz","8":"pa_tur-kitap","9":"pa_yayinevi-epsilon-yayinlari","10":"pa_yazar-yesim-turkoz","12":"first","13":"instock","14":"sale","15":"shipping-taxable","16":"purchasable","17":"product-type-simple"},"_links":{"self":[{"href":"https:\/\/roveyayinevi.com.tr\/index.php\/wp-json\/wp\/v2\/product\/695771","targetHints":{"allow":["GET"]}}],"collection":[{"href":"https:\/\/roveyayinevi.com.tr\/index.php\/wp-json\/wp\/v2\/product"}],"about":[{"href":"https:\/\/roveyayinevi.com.tr\/index.php\/wp-json\/wp\/v2\/types\/product"}],"wp:attachment":[{"href":"https:\/\/roveyayinevi.com.tr\/index.php\/wp-json\/wp\/v2\/media?parent=695771"}],"wp:term":[{"taxonomy":"product_brand","embeddable":true,"href":"https:\/\/roveyayinevi.com.tr\/index.php\/wp-json\/wp\/v2\/product_brand?post=695771"},{"taxonomy":"product_cat","embeddable":true,"href":"https:\/\/roveyayinevi.com.tr\/index.php\/wp-json\/wp\/v2\/product_cat?post=695771"},{"taxonomy":"product_tag","embeddable":true,"href":"https:\/\/roveyayinevi.com.tr\/index.php\/wp-json\/wp\/v2\/product_tag?post=695771"}],"curies":[{"name":"wp","href":"https:\/\/api.w.org\/{rel}","templated":true}]}}