{"id":695770,"date":"2025-08-27T14:31:06","date_gmt":"2025-08-27T11:31:06","guid":{"rendered":"https:\/\/roveyayinevi.com.tr\/index.php\/urun\/buyu-dukkani\/"},"modified":"2026-04-16T02:05:45","modified_gmt":"2026-04-15T23:05:45","slug":"buyu-dukkani","status":"publish","type":"product","link":"https:\/\/roveyayinevi.com.tr\/index.php\/urun\/buyu-dukkani\/","title":{"rendered":"B\u00fcy\u00fc D\u00fckkan\u0131"},"content":{"rendered":"<p>Hayatta en \u00e7ok istedi\u011finiz \u015fey, hayattan alabilece\u011finiz en iyi \u015fey midir?Epsilon Yay\u0131nevi, sizin de kendi ger\u00e7e\u011finizle kar\u015f\u0131la\u015fabilece\u011finiz B\u00fcy\u00fc D\u00fckkan\u0131&#8217;nda sizi bu soruya haz\u0131rl\u0131kl\u0131 olmaya \u00e7a\u011f\u0131r\u0131yor!B\u00fcy\u00fc D\u00fckkan\u0131, hayatta istenebilecek her \u015feyin var oldu\u011fu, mucizevi al\u0131\u015fveri\u015flerin ger\u00e7ekle\u015fti\u011fi bir mekand\u0131r. \u00dcn\u00fc \u00fclkenin d\u00f6rt bir taraf\u0131na yay\u0131lm\u0131\u015f olan bu d\u00fckkana gelen m\u00fc\u015fterilerin tek bir hedefi vard\u0131r: Kendilerine her \u015feyin vaat edildi\u011fi bu yerden, hayatta en \u00e7ok istedikleri \u015feyi almadan ayr\u0131lmamak&#8230;Kimisi ge\u00e7mi\u015f y\u0131llar\u0131n\u0131 geri almak, kimi b\u00fcy\u00fck bir a\u015fk ya\u015famak, kimi de korkular\u0131ndan kurtulmak i\u00e7in oradad\u0131r. \u0130steklerine bi\u00e7ilen bedeli \u00f6demeye \u00e7oktan haz\u0131rd\u0131rlar. Ancak B\u00fcy\u00fc D\u00fckkan\u0131&#8217;ndaki al\u0131\u015fveri\u015fler kolay de\u011fildir. \u00c7\u00fcnk\u00fc usta sat\u0131c\u0131n\u0131n bir kural\u0131 vard\u0131r: M\u00fc\u015fterisini d\u00fckkandan alabilece\u011fi en iyi \u015feyle g\u00f6ndermek&#8230; Ya\u015fl\u0131 adam ile m\u00fc\u015fterileri aras\u0131nda ge\u00e7en s\u0131k\u0131 pazarl\u0131klar, hayata dair \u00f6nemli sorgulamalar i\u00e7ermektedir.<\/p>\n","protected":false},"excerpt":{"rendered":"<p>Hayatta en \u00e7ok istedi\u011finiz \u015fey, hayattan alabilece\u011finiz en iyi \u015fey midir?Epsilon Yay\u0131nevi, sizin de kendi ger\u00e7e\u011finizle kar\u015f\u0131la\u015fabilece\u011finiz B\u00fcy\u00fc D\u00fckkan\u0131&#8217;nda sizi bu soruya haz\u0131rl\u0131kl\u0131 olmaya \u00e7a\u011f\u0131r\u0131yor!B\u00fcy\u00fc D\u00fckkan\u0131,<span class=\"excerpt-hellip\"> [\u2026]<\/span><\/p>\n","protected":false},"featured_media":0,"template":"","meta":{"_monsterinsights_skip_tracking":false,"_monsterinsights_sitenote_active":false,"_monsterinsights_sitenote_note":"","_monsterinsights_sitenote_category":0},"product_brand":[],"product_cat":[12291,12292],"product_tag":[],"class_list":{"0":"post-695770","1":"product","2":"type-product","3":"status-publish","5":"product_cat-edebiyat","6":"product_cat-turk-edebiyati","7":"pa_cilt-ciltsiz","8":"pa_tur-kitap","9":"pa_yayinevi-epsilon-yayinlari","10":"pa_yazar-yesim-turkoz","12":"first","13":"instock","14":"sale","15":"shipping-taxable","16":"purchasable","17":"product-type-simple"},"_links":{"self":[{"href":"https:\/\/roveyayinevi.com.tr\/index.php\/wp-json\/wp\/v2\/product\/695770","targetHints":{"allow":["GET"]}}],"collection":[{"href":"https:\/\/roveyayinevi.com.tr\/index.php\/wp-json\/wp\/v2\/product"}],"about":[{"href":"https:\/\/roveyayinevi.com.tr\/index.php\/wp-json\/wp\/v2\/types\/product"}],"wp:attachment":[{"href":"https:\/\/roveyayinevi.com.tr\/index.php\/wp-json\/wp\/v2\/media?parent=695770"}],"wp:term":[{"taxonomy":"product_brand","embeddable":true,"href":"https:\/\/roveyayinevi.com.tr\/index.php\/wp-json\/wp\/v2\/product_brand?post=695770"},{"taxonomy":"product_cat","embeddable":true,"href":"https:\/\/roveyayinevi.com.tr\/index.php\/wp-json\/wp\/v2\/product_cat?post=695770"},{"taxonomy":"product_tag","embeddable":true,"href":"https:\/\/roveyayinevi.com.tr\/index.php\/wp-json\/wp\/v2\/product_tag?post=695770"}],"curies":[{"name":"wp","href":"https:\/\/api.w.org\/{rel}","templated":true}]}}