{"id":695767,"date":"2025-08-27T14:31:05","date_gmt":"2025-08-27T11:31:05","guid":{"rendered":"https:\/\/roveyayinevi.com.tr\/index.php\/urun\/zeytin-uzum-ve-incir\/"},"modified":"2026-04-16T02:05:45","modified_gmt":"2026-04-15T23:05:45","slug":"zeytin-uzum-ve-incir","status":"publish","type":"product","link":"https:\/\/roveyayinevi.com.tr\/index.php\/urun\/zeytin-uzum-ve-incir\/","title":{"rendered":"Zeytin, \u00dcz\u00fcm ve \u0130ncir"},"content":{"rendered":"<p>Victor Hehn\u2019in 1870&#8217;te yay\u0131mlanan bilimsel ba\u015fyap\u0131t\u0131 Kulturpflanzen und Haustiere in ihrem \u00dcbergang aus Asien nach Griechenland und italien sowie in das \u00fcbrige Europa [K\u00fclt\u00fcr Bitkileri ve Evcil Hayvanlar\u0131n Asya\u2019dan Yunanistan, \u0130talya ve Di\u011fer Avrupa \u00dclkelerine intikali] o tarihten bu yana \u00e7ok\u00e7a okunmu\u015f tekrar tekrar bas\u0131lm\u0131\u015ft\u0131r. Yunanistan ve \u0130talya\u2019n\u0131n g\u00fcn\u00fcm\u00fczdeki bitki \u00f6rt\u00fcs\u00fc, zeytinlikler, asmalar, incir a\u011fa\u00e7lar\u0131, \u00e7am f\u0131st\u0131\u011f\u0131 ve me\u015fe a\u011fa\u00e7lar\u0131, k\u0131sacas\u0131 Goethe&#8217;nin Mignon-Lied\u2019inde Almanlar\u0131n \u0130talya \u00f6zleminin nesneleri olarak kar\u015f\u0131m\u0131za \u00e7\u0131kan her \u015fey bu eserde, birer ithal mal\u0131, Do\u011fu Akdeniz b\u00f6lgesi k\u00f6kenli k\u00fclt\u00fcr g\u00f6\u00e7\u00fcn\u00fcn bir sonucu, topra\u011f\u0131 i\u015fleyen, \u00f6zenle \u00e7al\u0131\u015fan, \u0131slah eden insan\u0131n eseri, kelimenin tam anlam\u0131yla \u201ccultura\u201d olarak ele al\u0131n\u0131r. Elinizdeki kitap, bu dev eserde, antik\u00e7a\u011f\u0131n en \u00f6nemli \u00fc\u00e7 bitkisi zeytin, \u00fcz\u00fcm ve incirin ele al\u0131nd\u0131\u011f\u0131 b\u00f6l\u00fcmlerden Klaus von See taraf\u0131ndan derlenmi\u015ftir. Hehn\u2019in b\u00fct\u00fcn yap\u0131tlar\u0131nda dikkati \u00e7eken yaln\u0131zca engin bilgisi de\u011fil, antik\u00e7a\u011f ve orta\u00e7a\u011f kaynaklar\u0131ndan da yola \u00e7\u0131karak \u015fiirsel bir \u00fcslup kullanmas\u0131d\u0131r. \u201cB\u00fcy\u00fcs\u00fc\u201d ve \u201czarafeti\u201d s\u0131k s\u0131k \u00f6v\u00fclen dili, akademik inceleme ile ruh dolu deneme aras\u0131ndaki fark\u0131 ortadan kald\u0131rm\u0131\u015ft\u0131r. K\u00fclt\u00fcr tarihi incelemelerinin \u00fcstad\u0131 Victor Hehn, yeniden ke\u015ffedilmesi gereken bir yazard\u0131r. <\/p>\n","protected":false},"excerpt":{"rendered":"<p>Victor Hehn\u2019in 1870&#8217;te yay\u0131mlanan bilimsel ba\u015fyap\u0131t\u0131 Kulturpflanzen und Haustiere in ihrem \u00dcbergang aus Asien nach Griechenland und italien sowie in das \u00fcbrige Europa [K\u00fclt\u00fcr Bitkileri ve<span class=\"excerpt-hellip\"> [\u2026]<\/span><\/p>\n","protected":false},"featured_media":0,"template":"","meta":{"_monsterinsights_skip_tracking":false,"_monsterinsights_sitenote_active":false,"_monsterinsights_sitenote_note":"","_monsterinsights_sitenote_category":0},"product_brand":[],"product_cat":[12312,12304],"product_tag":[],"class_list":{"0":"post-695767","1":"product","2":"type-product","3":"status-publish","5":"product_cat-diger","6":"product_cat-tarih","7":"pa_cilt-ciltsiz","8":"pa_tur-kitap","9":"pa_yayinevi-dost-kitabevi-yayinlari","10":"pa_yazar-victor-hehn","12":"first","13":"instock","14":"sale","15":"shipping-taxable","16":"purchasable","17":"product-type-simple"},"_links":{"self":[{"href":"https:\/\/roveyayinevi.com.tr\/index.php\/wp-json\/wp\/v2\/product\/695767","targetHints":{"allow":["GET"]}}],"collection":[{"href":"https:\/\/roveyayinevi.com.tr\/index.php\/wp-json\/wp\/v2\/product"}],"about":[{"href":"https:\/\/roveyayinevi.com.tr\/index.php\/wp-json\/wp\/v2\/types\/product"}],"wp:attachment":[{"href":"https:\/\/roveyayinevi.com.tr\/index.php\/wp-json\/wp\/v2\/media?parent=695767"}],"wp:term":[{"taxonomy":"product_brand","embeddable":true,"href":"https:\/\/roveyayinevi.com.tr\/index.php\/wp-json\/wp\/v2\/product_brand?post=695767"},{"taxonomy":"product_cat","embeddable":true,"href":"https:\/\/roveyayinevi.com.tr\/index.php\/wp-json\/wp\/v2\/product_cat?post=695767"},{"taxonomy":"product_tag","embeddable":true,"href":"https:\/\/roveyayinevi.com.tr\/index.php\/wp-json\/wp\/v2\/product_tag?post=695767"}],"curies":[{"name":"wp","href":"https:\/\/api.w.org\/{rel}","templated":true}]}}