{"id":695763,"date":"2025-08-27T14:31:04","date_gmt":"2025-08-27T11:31:04","guid":{"rendered":"https:\/\/roveyayinevi.com.tr\/index.php\/urun\/dictionnaire-francais-buyuk-sozluk\/"},"modified":"2026-04-16T02:05:45","modified_gmt":"2026-04-15T23:05:45","slug":"dictionnaire-francais-buyuk-sozluk","status":"publish","type":"product","link":"https:\/\/roveyayinevi.com.tr\/index.php\/urun\/dictionnaire-francais-buyuk-sozluk\/","title":{"rendered":"Dictionnaire Fran\u00e7ais B\u00fcy\u00fck S\u00f6zl\u00fck"},"content":{"rendered":"<p>Bu s\u00f6zl\u00fckte T\u00fcrk\u00e7e ve Frans\u0131zcada en \u00e7ok kullan\u0131lan 110.000 s\u00f6zc\u00fck kullan\u0131lm\u0131\u015ft\u0131r. S\u00f6zl\u00fckte Frans\u0131zcada en \u00e7ok kullan\u0131lan deyimlere ve argo s\u00f6zc\u00fcklere yer verilmi\u015ftir. Frans\u0131zca s\u00f6zc\u00fcklerin okunu\u015flar\u0131 T\u00fcrk\u00e7e telaffuzla yaz\u0131lm\u0131\u015ft\u0131r. S\u00f6zc\u00fcklerin Frans\u0131zcada kullan\u0131mlar\u0131n\u0131 g\u00f6stermek amac\u0131yla \u00d6rnek c\u00fcmlelere yer verilmi\u015ftir. S\u00f6zc\u00fcklerin Frans\u0131zcadak\u0130 kullan\u0131m\u0131na ili\u015fkin \u00f6zel a\u00e7\u0131klamalar yap\u0131lm\u0131\u015ft\u0131r. Frans\u0131zcadak\u0130 baz\u0131 \u00f6nemli fiillerin \u00e7ekimleri yap\u0131lm\u0131\u015f ve temel dilbilgisi kurallar\u0131 a\u00e7\u0131klanm\u0131\u015ft\u0131r. B\u00fct\u00fcn bu y\u00f6nleriyle bu s\u00f6zl\u00fck kendi alan\u0131nda en geni\u015f kapsaml\u0131 bir eser olmu\u015ftur. <\/p>\n","protected":false},"excerpt":{"rendered":"<p>Bu s\u00f6zl\u00fckte T\u00fcrk\u00e7e ve Frans\u0131zcada en \u00e7ok kullan\u0131lan 110.000 s\u00f6zc\u00fck kullan\u0131lm\u0131\u015ft\u0131r. S\u00f6zl\u00fckte Frans\u0131zcada en \u00e7ok kullan\u0131lan deyimlere ve argo s\u00f6zc\u00fcklere yer verilmi\u015ftir. Frans\u0131zca s\u00f6zc\u00fcklerin okunu\u015flar\u0131 T\u00fcrk\u00e7e<span class=\"excerpt-hellip\"> [\u2026]<\/span><\/p>\n","protected":false},"featured_media":0,"template":"","meta":{"_monsterinsights_skip_tracking":false,"_monsterinsights_sitenote_active":false,"_monsterinsights_sitenote_note":"","_monsterinsights_sitenote_category":0},"product_brand":[],"product_cat":[12364],"product_tag":[],"class_list":{"0":"post-695763","1":"product","2":"type-product","3":"status-publish","5":"product_cat-genel-konular","6":"pa_tur-kitap","7":"pa_yayinevi-engin-yayinevi","8":"pa_yazar-sevgi-turker-terlemez","10":"first","11":"instock","12":"sale","13":"shipping-taxable","14":"purchasable","15":"product-type-simple"},"_links":{"self":[{"href":"https:\/\/roveyayinevi.com.tr\/index.php\/wp-json\/wp\/v2\/product\/695763","targetHints":{"allow":["GET"]}}],"collection":[{"href":"https:\/\/roveyayinevi.com.tr\/index.php\/wp-json\/wp\/v2\/product"}],"about":[{"href":"https:\/\/roveyayinevi.com.tr\/index.php\/wp-json\/wp\/v2\/types\/product"}],"wp:attachment":[{"href":"https:\/\/roveyayinevi.com.tr\/index.php\/wp-json\/wp\/v2\/media?parent=695763"}],"wp:term":[{"taxonomy":"product_brand","embeddable":true,"href":"https:\/\/roveyayinevi.com.tr\/index.php\/wp-json\/wp\/v2\/product_brand?post=695763"},{"taxonomy":"product_cat","embeddable":true,"href":"https:\/\/roveyayinevi.com.tr\/index.php\/wp-json\/wp\/v2\/product_cat?post=695763"},{"taxonomy":"product_tag","embeddable":true,"href":"https:\/\/roveyayinevi.com.tr\/index.php\/wp-json\/wp\/v2\/product_tag?post=695763"}],"curies":[{"name":"wp","href":"https:\/\/api.w.org\/{rel}","templated":true}]}}