{"id":695762,"date":"2025-08-27T14:31:04","date_gmt":"2025-08-27T11:31:04","guid":{"rendered":"https:\/\/roveyayinevi.com.tr\/index.php\/urun\/ankara-turistik-ankara\/"},"modified":"2026-04-16T02:05:45","modified_gmt":"2026-04-15T23:05:45","slug":"ankara-turistik-ankara","status":"publish","type":"product","link":"https:\/\/roveyayinevi.com.tr\/index.php\/urun\/ankara-turistik-ankara\/","title":{"rendered":"Ankara Turistik Ankara"},"content":{"rendered":"<p>Ankara\u2019y\u0131 turistik bir kent haline getirebilmek amac\u0131yla haz\u0131rlanan bu kitapta kentin t\u00fcm tarihi ve turistik mekanlar\u0131 havadan ve karadan foto\u011fraflarla detayl\u0131 olarak anlat\u0131lm\u0131\u015ft\u0131r. Haritalarla da desteklenen Ankara kitab\u0131, T\u00fcrk\u00e7e, \u0130ngilizce ve Almanca dillerinde haz\u0131rlanm\u0131\u015ft\u0131r. <\/p>\n","protected":false},"excerpt":{"rendered":"<p>Ankara\u2019y\u0131 turistik bir kent haline getirebilmek amac\u0131yla haz\u0131rlanan bu kitapta kentin t\u00fcm tarihi ve turistik mekanlar\u0131 havadan ve karadan foto\u011fraflarla detayl\u0131 olarak anlat\u0131lm\u0131\u015ft\u0131r. Haritalarla da desteklenen<span class=\"excerpt-hellip\"> [\u2026]<\/span><\/p>\n","protected":false},"featured_media":0,"template":"","meta":{"_monsterinsights_skip_tracking":false,"_monsterinsights_sitenote_active":false,"_monsterinsights_sitenote_note":"","_monsterinsights_sitenote_category":0},"product_brand":[],"product_cat":[13055,13054],"product_tag":[],"class_list":{"0":"post-695762","1":"product","2":"type-product","3":"status-publish","5":"product_cat-gezi-rehberi","6":"product_cat-gezi-ve-rehber-kitaplari","7":"pa_tur-kitap","8":"pa_yayinevi-engin-yayinevi","9":"pa_yazar-mehmet-hengirmen","11":"first","12":"instock","13":"sale","14":"shipping-taxable","15":"purchasable","16":"product-type-simple"},"_links":{"self":[{"href":"https:\/\/roveyayinevi.com.tr\/index.php\/wp-json\/wp\/v2\/product\/695762","targetHints":{"allow":["GET"]}}],"collection":[{"href":"https:\/\/roveyayinevi.com.tr\/index.php\/wp-json\/wp\/v2\/product"}],"about":[{"href":"https:\/\/roveyayinevi.com.tr\/index.php\/wp-json\/wp\/v2\/types\/product"}],"wp:attachment":[{"href":"https:\/\/roveyayinevi.com.tr\/index.php\/wp-json\/wp\/v2\/media?parent=695762"}],"wp:term":[{"taxonomy":"product_brand","embeddable":true,"href":"https:\/\/roveyayinevi.com.tr\/index.php\/wp-json\/wp\/v2\/product_brand?post=695762"},{"taxonomy":"product_cat","embeddable":true,"href":"https:\/\/roveyayinevi.com.tr\/index.php\/wp-json\/wp\/v2\/product_cat?post=695762"},{"taxonomy":"product_tag","embeddable":true,"href":"https:\/\/roveyayinevi.com.tr\/index.php\/wp-json\/wp\/v2\/product_tag?post=695762"}],"curies":[{"name":"wp","href":"https:\/\/api.w.org\/{rel}","templated":true}]}}