{"id":695754,"date":"2025-08-27T14:31:02","date_gmt":"2025-08-27T11:31:02","guid":{"rendered":"https:\/\/roveyayinevi.com.tr\/index.php\/urun\/iktisat-ideolojisinin-elestirisi\/"},"modified":"2026-04-16T02:05:45","modified_gmt":"2026-04-15T23:05:45","slug":"iktisat-ideolojisinin-elestirisi","status":"publish","type":"product","link":"https:\/\/roveyayinevi.com.tr\/index.php\/urun\/iktisat-ideolojisinin-elestirisi\/","title":{"rendered":"\u0130ktisat \u0130deolojisinin Ele\u015ftirisi"},"content":{"rendered":"<p>\u0130ktisat ideolojisi modern toplumlar\u0131n tahayy\u00fcl d\u00fcnyas\u0131na damgas\u0131n\u0131 vurdu. Bu ideolojinin ele\u015ftirisi ba\u015fka bir toplumsal ili\u015fki d\u00fczeni hayal edebilmenin ka\u00e7\u0131n\u0131lmaz ilk ad\u0131m\u0131n\u0131 olu\u015fturuyor. \u0130nsanlar\u0131n \u201c\u00f6z\u00fcnde\u201d iktisadi d\u00fcrt\u00fcler mi yat\u0131yor? \u0130ktisadi ili\u015fkiler modern toplumlar\u0131n altyap\u0131s\u0131n\u0131 m\u0131 olu\u015fturuyor? Bu sorular, modern toplumsal tahayy\u00fcl\u00fcn inan\u00e7 d\u00fcnyas\u0131n\u0131 sarsmak ve toplumsal pratikten t\u00fcreyen ama do\u011fal ya da nesnel kurallar k\u0131l\u0131\u011f\u0131nda geri d\u00f6n\u00fcp toplumsal prati\u011fi belirleyen iktisat simgeselini sorgulanabilir k\u0131lmak i\u00e7in \u00f6nemli. \u0130ktisat ideolojisi, \u00f6zg\u00fcrl\u00fck ve demokrasinin harc\u0131n\u0131 olu\u015fturacaklar\u0131 ba\u015fka bir toplumsal ili\u015fki d\u00fczeni tasarlayabilmenin \u00f6n\u00fcnde epistemolojik bir engel olarak duruyor. Kendini iktisadi d\u00fcrt\u00fclerin esiri ya da ba\u015far\u0131l\u0131 bir akt\u00f6r\u00fc olarak g\u00f6ren g\u00fcn\u00fcm\u00fcz insan\u0131na, i\u00e7inde ya\u015fad\u0131\u011f\u0131 ve kendisinin \u00fcr\u00fcn\u00fc olan bu toplumun, sand\u0131\u011f\u0131 kadar iktisadi d\u00fcrt\u00fclerle d\u00f6nmedi\u011fini g\u00f6sterebilmek gerekiyor. Saf iktisadiyat toplumunun m\u00fcmk\u00fcn olmad\u0131\u011f\u0131n\u0131, iktisadi toplumun kendini yeniden \u00fcretmek i\u00e7in iktisat d\u0131\u015f\u0131 ili\u015fki ve de\u011ferlere ba\u011f\u0131ml\u0131 oldu\u011funu g\u00f6rmek, bize, iktisat toplumunu \u00f6zg\u00fcrl\u00fck ve demokrasi yolunda a\u015fabilmenin imk\u00e2nlar\u0131n\u0131 g\u00f6sterecektir. Ahmet \u0130nsel, \u0130ktisat \u0130deolojisinin Ele\u015ftirisi\u2019nde bunlar\u0131 deniyor. <\/p>\n","protected":false},"excerpt":{"rendered":"<p>\u0130ktisat ideolojisi modern toplumlar\u0131n tahayy\u00fcl d\u00fcnyas\u0131na damgas\u0131n\u0131 vurdu. Bu ideolojinin ele\u015ftirisi ba\u015fka bir toplumsal ili\u015fki d\u00fczeni hayal edebilmenin ka\u00e7\u0131n\u0131lmaz ilk ad\u0131m\u0131n\u0131 olu\u015fturuyor. \u0130nsanlar\u0131n \u201c\u00f6z\u00fcnde\u201d iktisadi d\u00fcrt\u00fcler<span class=\"excerpt-hellip\"> [\u2026]<\/span><\/p>\n","protected":false},"featured_media":0,"template":"","meta":{"_monsterinsights_skip_tracking":false,"_monsterinsights_sitenote_active":false,"_monsterinsights_sitenote_note":"","_monsterinsights_sitenote_category":0},"product_brand":[],"product_cat":[14841,13043],"product_tag":[],"class_list":{"0":"post-695754","1":"product","2":"type-product","3":"status-publish","5":"product_cat-arastirma-inceleme-kuram","6":"product_cat-ekonomi","7":"pa_cilt-ciltsiz","8":"pa_tur-kitap","9":"pa_yayinevi-iletisim-yayinlari","10":"pa_yazar-ahmet-insel","12":"first","13":"instock","14":"sale","15":"shipping-taxable","16":"purchasable","17":"product-type-simple"},"_links":{"self":[{"href":"https:\/\/roveyayinevi.com.tr\/index.php\/wp-json\/wp\/v2\/product\/695754","targetHints":{"allow":["GET"]}}],"collection":[{"href":"https:\/\/roveyayinevi.com.tr\/index.php\/wp-json\/wp\/v2\/product"}],"about":[{"href":"https:\/\/roveyayinevi.com.tr\/index.php\/wp-json\/wp\/v2\/types\/product"}],"wp:attachment":[{"href":"https:\/\/roveyayinevi.com.tr\/index.php\/wp-json\/wp\/v2\/media?parent=695754"}],"wp:term":[{"taxonomy":"product_brand","embeddable":true,"href":"https:\/\/roveyayinevi.com.tr\/index.php\/wp-json\/wp\/v2\/product_brand?post=695754"},{"taxonomy":"product_cat","embeddable":true,"href":"https:\/\/roveyayinevi.com.tr\/index.php\/wp-json\/wp\/v2\/product_cat?post=695754"},{"taxonomy":"product_tag","embeddable":true,"href":"https:\/\/roveyayinevi.com.tr\/index.php\/wp-json\/wp\/v2\/product_tag?post=695754"}],"curies":[{"name":"wp","href":"https:\/\/api.w.org\/{rel}","templated":true}]}}