{"id":695750,"date":"2025-08-27T14:31:01","date_gmt":"2025-08-27T11:31:01","guid":{"rendered":"https:\/\/roveyayinevi.com.tr\/index.php\/urun\/tibbi-mucizeler\/"},"modified":"2026-04-16T02:05:44","modified_gmt":"2026-04-15T23:05:44","slug":"tibbi-mucizeler","status":"publish","type":"product","link":"https:\/\/roveyayinevi.com.tr\/index.php\/urun\/tibbi-mucizeler\/","title":{"rendered":"T\u0131bbi Mucizeler"},"content":{"rendered":"<p>&#8220;Modern T\u0131p tarihine genel bir bak\u0131\u015f sunan heyecan verici bir kitap. Alan\u0131nda bir temel eser.&#8221; Dr. Rosalyn S. Yalow, Nobel T\u0131p \u00d6d\u00fcl\u00fc sahibi&#8230; &#8220;En temel bilimsel kurallar\u0131n yeniden tart\u0131\u015f\u0131ld\u0131\u011f\u0131 g\u00fcn\u00fcm\u00fczde, bilimi kutlama amac\u0131n\u0131 ta\u015f\u0131yan bir kitap okumak insan\u0131n y\u00fcre\u011fine su serpiyor. T\u0131bbi Mucizeler bilimsel anlay\u0131\u015f\u0131n hayatlar\u0131m\u0131z\u0131 nas\u0131l de\u011fi\u015ftirdi\u011fini g\u00f6zler \u00f6n\u00fcne seren olduk\u00e7a etkileyici bir ara\u015ft\u0131rma. Ayr\u0131ca k\u0131sa, e\u011flenceli ve bilgilendirici biyografiler kaleme alma konusunda da \u00e7ok iyi bir \u00f6rnek kitap.&#8221; Peter Rothberg, The Nation &#8220;..Ola\u011fan\u00fcst\u00fc bir kitap. Fazlas\u0131yla kolay okunur, bilgilendirici, a\u00e7\u0131k fikirli ve d\u00fc\u015f\u00fcnd\u00fcr\u00fcc\u00fc.&#8221; William T. Golden, &#8220;American Museum of Natural History&#8221; Onursal Ba\u015fkan\u0131  Bug\u00fcn belki fark\u0131nda olmasak da, torunlar\u0131n d\u00fc\u011f\u00fcn\u00fcn\u00fc g\u00f6rmek sadece 200 y\u0131l \u00f6nce bile bir mucizeydi. Bug\u00fcn ise t\u0131p biliminde ya\u015fanan s\u00fcrekli geli\u015fim sayesinde biraz \u015fans yeterli.  T\u0131bbi Mucizeler bilimin insan ya\u015fam\u0131 \u00fcst\u00fcnde yaratt\u0131\u011f\u0131 tart\u0131\u015f\u0131lmaz de\u011fi\u015fimin ve ad\u0131m ad\u0131m bug\u00fcne geli\u015fimizin \u00f6yk\u00fcs\u00fcn\u00fc sunuyor. Bizi Hipokrat, Galen, Antonie van Leewenhoek, Gregor Mendel, Lady Mary Wortley Montagu, Louis Pasteur, Florence Nightingale, Oswald Theodore Avery, Harold Varmus gibi insanl\u0131k \u00fczerinde etkileri h\u00e2l\u00e2 hissedilen \u00f6nemli isimlerle tan\u0131\u015ft\u0131r\u0131rken, modern t\u0131bba yapt\u0131klar\u0131 mucizevi katk\u0131lar\u0131 ortaya \u00e7\u0131kart\u0131rken onlar\u0131 motive eden sebepleri ara\u015ft\u0131r\u0131yor. Doktor-hasta ili\u015fkisi, hastal\u0131k teorileri, a\u015f\u0131, k\u00f6k h\u00fccreler, imm\u00fcnoloji, genetik tan\u0131 ve tedavi gibi \u00f6nemli bulu\u015flara \u0131\u015f\u0131k tutarken bu bulu\u015flar\u0131n alt\u0131nda yatan sanat ve bilimi de mercek alt\u0131na al\u0131yor. <\/p>\n","protected":false},"excerpt":{"rendered":"<p>&#8220;Modern T\u0131p tarihine genel bir bak\u0131\u015f sunan heyecan verici bir kitap. Alan\u0131nda bir temel eser.&#8221; Dr. Rosalyn S. Yalow, Nobel T\u0131p \u00d6d\u00fcl\u00fc sahibi&#8230; &#8220;En temel bilimsel<span class=\"excerpt-hellip\"> [\u2026]<\/span><\/p>\n","protected":false},"featured_media":0,"template":"","meta":{"_monsterinsights_skip_tracking":false,"_monsterinsights_sitenote_active":false,"_monsterinsights_sitenote_note":"","_monsterinsights_sitenote_category":0},"product_brand":[],"product_cat":[13005,15998],"product_tag":[],"class_list":{"0":"post-695750","1":"product","2":"type-product","3":"status-publish","5":"product_cat-bilim-muhendislik","6":"product_cat-bilim-tarihi","7":"pa_cilt-ciltsiz","8":"pa_tur-kitap","9":"pa_yayinevi-domingo-yayinevi","10":"pa_yazar-alex-straus","12":"first","13":"instock","14":"sale","15":"shipping-taxable","16":"purchasable","17":"product-type-simple"},"_links":{"self":[{"href":"https:\/\/roveyayinevi.com.tr\/index.php\/wp-json\/wp\/v2\/product\/695750","targetHints":{"allow":["GET"]}}],"collection":[{"href":"https:\/\/roveyayinevi.com.tr\/index.php\/wp-json\/wp\/v2\/product"}],"about":[{"href":"https:\/\/roveyayinevi.com.tr\/index.php\/wp-json\/wp\/v2\/types\/product"}],"wp:attachment":[{"href":"https:\/\/roveyayinevi.com.tr\/index.php\/wp-json\/wp\/v2\/media?parent=695750"}],"wp:term":[{"taxonomy":"product_brand","embeddable":true,"href":"https:\/\/roveyayinevi.com.tr\/index.php\/wp-json\/wp\/v2\/product_brand?post=695750"},{"taxonomy":"product_cat","embeddable":true,"href":"https:\/\/roveyayinevi.com.tr\/index.php\/wp-json\/wp\/v2\/product_cat?post=695750"},{"taxonomy":"product_tag","embeddable":true,"href":"https:\/\/roveyayinevi.com.tr\/index.php\/wp-json\/wp\/v2\/product_tag?post=695750"}],"curies":[{"name":"wp","href":"https:\/\/api.w.org\/{rel}","templated":true}]}}