{"id":695746,"date":"2025-08-27T14:31:00","date_gmt":"2025-08-27T11:31:00","guid":{"rendered":"https:\/\/roveyayinevi.com.tr\/index.php\/urun\/arapca-aciklamali-turkce-dilbilgisi\/"},"modified":"2026-04-16T02:05:44","modified_gmt":"2026-04-15T23:05:44","slug":"arapca-aciklamali-turkce-dilbilgisi","status":"publish","type":"product","link":"https:\/\/roveyayinevi.com.tr\/index.php\/urun\/arapca-aciklamali-turkce-dilbilgisi\/","title":{"rendered":"Arap\u00e7a A\u00e7\u0131klamal\u0131 T\u00fcrk\u00e7e Dilbilgisi"},"content":{"rendered":"<p>Ders kitaplar\u0131nda g\u00fcnl\u00fck konu\u015fmalara ve metinlere yeterince yer verilememektedir. Bu nedenle T\u00fcrk\u00e7eyi daha iyi \u00f6\u011frenmek isteyenler i\u00e7in dilbilgisi ve al\u0131\u015ft\u0131rma kitaplar\u0131 haz\u0131rlanm\u0131\u015ft\u0131r. B\u00fcy\u00fck ilgi g\u00f6ren bu dilbilgisi kitaplar\u0131 \u0130ngilizce, Almanca, Arap\u00e7a, Bulgarca, Arnavut\u00e7a, Bo\u015fnak\u00e7a, Macarca, Azerice, T\u00fcrkmence, \u00d6zbek\u00e7e gibi dillere \u00e7evrilmi\u015ftir. <\/p>\n","protected":false},"excerpt":{"rendered":"<p>Ders kitaplar\u0131nda g\u00fcnl\u00fck konu\u015fmalara ve metinlere yeterince yer verilememektedir. Bu nedenle T\u00fcrk\u00e7eyi daha iyi \u00f6\u011frenmek isteyenler i\u00e7in dilbilgisi ve al\u0131\u015ft\u0131rma kitaplar\u0131 haz\u0131rlanm\u0131\u015ft\u0131r. B\u00fcy\u00fck ilgi g\u00f6ren bu<span class=\"excerpt-hellip\"> [\u2026]<\/span><\/p>\n","protected":false},"featured_media":0,"template":"","meta":{"_monsterinsights_skip_tracking":false,"_monsterinsights_sitenote_active":false,"_monsterinsights_sitenote_note":"","_monsterinsights_sitenote_category":0},"product_brand":[],"product_cat":[12364,16266],"product_tag":[],"class_list":{"0":"post-695746","1":"product","2":"type-product","3":"status-publish","5":"product_cat-genel-konular","6":"product_cat-referans-kaynak-kitap","7":"pa_tur-kitap","8":"pa_yayinevi-engin-yayinevi","9":"pa_yazar-mehmet-hengirmen","11":"first","12":"instock","13":"sale","14":"shipping-taxable","15":"purchasable","16":"product-type-simple"},"_links":{"self":[{"href":"https:\/\/roveyayinevi.com.tr\/index.php\/wp-json\/wp\/v2\/product\/695746","targetHints":{"allow":["GET"]}}],"collection":[{"href":"https:\/\/roveyayinevi.com.tr\/index.php\/wp-json\/wp\/v2\/product"}],"about":[{"href":"https:\/\/roveyayinevi.com.tr\/index.php\/wp-json\/wp\/v2\/types\/product"}],"wp:attachment":[{"href":"https:\/\/roveyayinevi.com.tr\/index.php\/wp-json\/wp\/v2\/media?parent=695746"}],"wp:term":[{"taxonomy":"product_brand","embeddable":true,"href":"https:\/\/roveyayinevi.com.tr\/index.php\/wp-json\/wp\/v2\/product_brand?post=695746"},{"taxonomy":"product_cat","embeddable":true,"href":"https:\/\/roveyayinevi.com.tr\/index.php\/wp-json\/wp\/v2\/product_cat?post=695746"},{"taxonomy":"product_tag","embeddable":true,"href":"https:\/\/roveyayinevi.com.tr\/index.php\/wp-json\/wp\/v2\/product_tag?post=695746"}],"curies":[{"name":"wp","href":"https:\/\/api.w.org\/{rel}","templated":true}]}}