{"id":695743,"date":"2025-08-27T14:30:59","date_gmt":"2025-08-27T11:30:59","guid":{"rendered":"https:\/\/roveyayinevi.com.tr\/index.php\/urun\/almanca-dilbilgisi-deutche-grammatik\/"},"modified":"2026-04-16T02:05:44","modified_gmt":"2026-04-15T23:05:44","slug":"almanca-dilbilgisi-deutche-grammatik","status":"publish","type":"product","link":"https:\/\/roveyayinevi.com.tr\/index.php\/urun\/almanca-dilbilgisi-deutche-grammatik\/","title":{"rendered":"Almanca Dilbilgisi \/Deutche Grammatik"},"content":{"rendered":"<p>Yazar\u0131n bu kitab\u0131, \u00fcniversitelerin haz\u0131rl\u0131k s\u0131n\u0131flar\u0131nda okuyan \u00f6\u011frenciler, kendi kendine Almanca \u00f6\u011frenmek isteyen merakl\u0131lar ve KPDS gibi s\u0131navlara haz\u0131rlanan adaylar i\u00e7in yararl\u0131 olacak \u00f6nemli bir kaynakt\u0131r. Kitapta konular \u00f6ncelik ve sonral\u0131k s\u0131ras\u0131na g\u00f6re, basitten zora do\u011fru kar\u015f\u0131la\u015ft\u0131rmal\u0131 bir bi\u00e7imde d\u00fczenlenmi\u015f olup, s\u00f6zc\u00fcklerin, eklerin, c\u00fcmlelerin ve ifadelerin T\u00fcrk\u00e7e kar\u015f\u0131l\u0131klar\u0131na yer verilmi\u015ftir. Kitapta bol \u00f6rnek ve al\u0131\u015ft\u0131rmalar yer almaktad\u0131r. <\/p>\n","protected":false},"excerpt":{"rendered":"<p>Yazar\u0131n bu kitab\u0131, \u00fcniversitelerin haz\u0131rl\u0131k s\u0131n\u0131flar\u0131nda okuyan \u00f6\u011frenciler, kendi kendine Almanca \u00f6\u011frenmek isteyen merakl\u0131lar ve KPDS gibi s\u0131navlara haz\u0131rlanan adaylar i\u00e7in yararl\u0131 olacak \u00f6nemli bir kaynakt\u0131r.<span class=\"excerpt-hellip\"> [\u2026]<\/span><\/p>\n","protected":false},"featured_media":0,"template":"","meta":{"_monsterinsights_skip_tracking":false,"_monsterinsights_sitenote_active":false,"_monsterinsights_sitenote_note":"","_monsterinsights_sitenote_category":0},"product_brand":[],"product_cat":[12364],"product_tag":[],"class_list":{"0":"post-695743","1":"product","2":"type-product","3":"status-publish","5":"product_cat-genel-konular","6":"pa_tur-kitap","7":"pa_yayinevi-engin-yayinevi","8":"pa_yazar-dursun-zengin","10":"first","11":"instock","12":"sale","13":"shipping-taxable","14":"purchasable","15":"product-type-simple"},"_links":{"self":[{"href":"https:\/\/roveyayinevi.com.tr\/index.php\/wp-json\/wp\/v2\/product\/695743","targetHints":{"allow":["GET"]}}],"collection":[{"href":"https:\/\/roveyayinevi.com.tr\/index.php\/wp-json\/wp\/v2\/product"}],"about":[{"href":"https:\/\/roveyayinevi.com.tr\/index.php\/wp-json\/wp\/v2\/types\/product"}],"wp:attachment":[{"href":"https:\/\/roveyayinevi.com.tr\/index.php\/wp-json\/wp\/v2\/media?parent=695743"}],"wp:term":[{"taxonomy":"product_brand","embeddable":true,"href":"https:\/\/roveyayinevi.com.tr\/index.php\/wp-json\/wp\/v2\/product_brand?post=695743"},{"taxonomy":"product_cat","embeddable":true,"href":"https:\/\/roveyayinevi.com.tr\/index.php\/wp-json\/wp\/v2\/product_cat?post=695743"},{"taxonomy":"product_tag","embeddable":true,"href":"https:\/\/roveyayinevi.com.tr\/index.php\/wp-json\/wp\/v2\/product_tag?post=695743"}],"curies":[{"name":"wp","href":"https:\/\/api.w.org\/{rel}","templated":true}]}}