{"id":695737,"date":"2025-08-27T14:30:58","date_gmt":"2025-08-27T11:30:58","guid":{"rendered":"https:\/\/roveyayinevi.com.tr\/index.php\/urun\/tam-benim-tipim\/"},"modified":"2026-04-16T02:05:44","modified_gmt":"2026-04-15T23:05:44","slug":"tam-benim-tipim","status":"publish","type":"product","link":"https:\/\/roveyayinevi.com.tr\/index.php\/urun\/tam-benim-tipim\/","title":{"rendered":"Tam Benim Tipim"},"content":{"rendered":"<p>Y\u0131l\u0131n En \u0130yi Kitaplar\u0131ndan  -Amazon-  B\u00fcy\u00fcleyici&#8230; Ger\u00e7ek ve mizah aras\u0131nda m\u00fckemmel bir denge yakal\u0131yor. Bu kitab\u0131 okumak bak\u0131\u015f\u0131n\u0131z\u0131 de\u011fi\u015ftirecek.  -Time Out-Tam Benim Tipim bir font kitab\u0131. Binlerce fontu alt alta s\u0131ralayan katalogvari bir kitap de\u011fil -\u00f6yle olsa muhtemelen bir uluslararas\u0131 \u00e7oksatan olamazd\u0131. Tersine; ger\u00e7ek \u00f6yk\u00fcler \u00fcst\u00fcne kurulmu\u015f hayli e\u011flenceli bir kitap elinizdeki. Gutenberg\u2019in ilk harf kal\u0131b\u0131n\u0131 d\u00f6kmesinden, Steve Jobs\u2019\u0131n onlar\u0131 bilgisayar\u0131m\u0131z\u0131n font men\u00fcs\u00fcne dolu\u015fturup  modern zaman font salg\u0131n\u0131n\u0131  ba\u015flatt\u0131\u011f\u0131 ana, pek \u00e7ok \u015fa\u015f\u0131rt\u0131c\u0131 ve hatta kimi zaman b\u00fcy\u00fcleyici \u00f6yk\u00fcn\u00fcn kahraman\u0131 bu kitapta bahsedilen fontlar. Helvetica neden ve nas\u0131l b\u00fct\u00fcn d\u00fcnyay\u0131 istila etti ya da daha romantik bir deyi\u015fle,  \u015fehirlerin parf\u00fcm\u00fc  haline geldi? IKEA\u2019n\u0131n fontunu de\u011fi\u015ftirmesi nas\u0131l oldu da  \u0130sve\u00e7 kaynakl\u0131 en b\u00fcy\u00fck infial  olarak an\u0131lacak bir toplumsal tepkiye sebep oldu? Obama\u2019y\u0131 Beyaz Saray\u2019a bir font ta\u015f\u0131m\u0131\u015f olabilir mi? Neden 30\u2019lar\u0131n Art Deco\u2019su Amy Winehouse\u2019a b\u00f6ylesine yak\u0131\u015f\u0131yor? Bir fontu, bir \u00fclkeye, bir dine, bir d\u00f6neme, bir mesle\u011fe ya da bir duyguya has k\u0131lan \u015fey tam olarak nedir? Arial\u2019\u0131n dingin kim(liksiz)li\u011finden, Times New Roman\u2019\u0131n pratik ciddiyetinden, Comic Sans\u2019\u0131n rahats\u0131z edici hafifli\u011finden -ve kullan\u0131m\u0131n\u0131 yasaklama kampanyas\u0131ndan- kimler sorumlu? Trajan\u2019\u0131 b\u00fct\u00fcn k\u00f6t\u00fc film posterleri i\u00e7in vazge\u00e7ilmez k\u0131lan ne? T\u00fcm zamanlar\u0131n en iyi ve en k\u00f6t\u00fc fontlar\u0131 hangileri? Ve tabii, ka\u00e7\u0131n\u0131lmaz soru; se\u00e7ti\u011fin font senin hakk\u0131nda ne s\u00f6yl\u00fcyor? Tabelalardan men\u00fclere, havalimanlar\u0131ndan giysilerinizin etiketlerine, bakt\u0131\u011f\u0131n\u0131z her \u015feyi farkl\u0131 g\u00f6rmenizi sa\u011flayacak bir kitap Tam Benim Tipim. E\u011fer \u00f6\u011fle yeme\u011findeki ka\u015f\u0131\u011f\u0131n \u015feklini hat\u0131rl\u0131yorsan\u0131z, \u015fekli yanl\u0131\u015f demektir,  -Adrian Frutiger, iyi bir fontun farkedilmez olmas\u0131 y\u00f6n\u00fcnde g\u00f6r\u00fc\u015f\u00fcn\u00fc payla\u015f\u0131rken&#8230; <\/p>\n","protected":false},"excerpt":{"rendered":"<p>Y\u0131l\u0131n En \u0130yi Kitaplar\u0131ndan -Amazon- B\u00fcy\u00fcleyici&#8230; Ger\u00e7ek ve mizah aras\u0131nda m\u00fckemmel bir denge yakal\u0131yor. Bu kitab\u0131 okumak bak\u0131\u015f\u0131n\u0131z\u0131 de\u011fi\u015ftirecek. -Time Out-Tam Benim Tipim bir font kitab\u0131.<span class=\"excerpt-hellip\"> [\u2026]<\/span><\/p>\n","protected":false},"featured_media":0,"template":"","meta":{"_monsterinsights_skip_tracking":false,"_monsterinsights_sitenote_active":false,"_monsterinsights_sitenote_note":"","_monsterinsights_sitenote_category":0},"product_brand":[],"product_cat":[19373,12408],"product_tag":[],"class_list":{"0":"post-695737","1":"product","2":"type-product","3":"status-publish","5":"product_cat-grafik-sanatlar","6":"product_cat-sanat","7":"pa_cilt-ciltsiz","8":"pa_tur-kitap","9":"pa_yayinevi-domingo-yayinevi","10":"pa_yazar-simon-garfield","12":"first","13":"instock","14":"sale","15":"shipping-taxable","16":"purchasable","17":"product-type-simple"},"_links":{"self":[{"href":"https:\/\/roveyayinevi.com.tr\/index.php\/wp-json\/wp\/v2\/product\/695737","targetHints":{"allow":["GET"]}}],"collection":[{"href":"https:\/\/roveyayinevi.com.tr\/index.php\/wp-json\/wp\/v2\/product"}],"about":[{"href":"https:\/\/roveyayinevi.com.tr\/index.php\/wp-json\/wp\/v2\/types\/product"}],"wp:attachment":[{"href":"https:\/\/roveyayinevi.com.tr\/index.php\/wp-json\/wp\/v2\/media?parent=695737"}],"wp:term":[{"taxonomy":"product_brand","embeddable":true,"href":"https:\/\/roveyayinevi.com.tr\/index.php\/wp-json\/wp\/v2\/product_brand?post=695737"},{"taxonomy":"product_cat","embeddable":true,"href":"https:\/\/roveyayinevi.com.tr\/index.php\/wp-json\/wp\/v2\/product_cat?post=695737"},{"taxonomy":"product_tag","embeddable":true,"href":"https:\/\/roveyayinevi.com.tr\/index.php\/wp-json\/wp\/v2\/product_tag?post=695737"}],"curies":[{"name":"wp","href":"https:\/\/api.w.org\/{rel}","templated":true}]}}