{"id":695735,"date":"2025-08-27T14:30:57","date_gmt":"2025-08-27T11:30:57","guid":{"rendered":"https:\/\/roveyayinevi.com.tr\/index.php\/urun\/iskele-sancak\/"},"modified":"2026-04-16T02:05:44","modified_gmt":"2026-04-15T23:05:44","slug":"iskele-sancak","status":"publish","type":"product","link":"https:\/\/roveyayinevi.com.tr\/index.php\/urun\/iskele-sancak\/","title":{"rendered":"\u0130skele Sancak"},"content":{"rendered":"<p>\u0130nsanlar\u0131n fala merak\u0131 \u00f6teden beri bilinir, eskiden sultanlar yanlar\u0131nda neden m\u00fcneccimba\u015f\u0131 bulundururlard\u0131?&#8230; Gelece\u011fi okumak i\u00e7in! Yar\u0131n\u0131 bug\u00fcnden bilmenin dayan\u0131lmaz merak\u0131 i\u00e7inde ya\u015fayanlar az de\u011fildir, bu y\u00fczden falc\u0131dan falc\u0131ya dola\u015fanlar\u0131n haddi hesab\u0131 yok\u2026 Ne var ki eskiden bir sultana m\u00fcneccimba\u015f\u0131 olmak kolay de\u011fildi, \u00e7\u00fcnk\u00fc egemenin ak\u015famdan sabaha, geceden g\u00fcnd\u00fcze ne yapaca\u011f\u0131 bilinmez, efendinin saati  dakikas\u0131na uymaz!&#8230; Gelece\u011fi okuyan nice m\u00fcneccimba\u015f\u0131n\u0131n bu yolda can\u0131na okundu\u011funu tarihler yaz\u0131yorlar. \u0130nsan\u0131m\u0131z da bal\u0131k gibi bak\u0131yor gelece\u011fe:Bir g\u00f6z\u00fc a\u011flar\u2026Bir g\u00f6z\u00fc g\u00fcler\u2026Bir g\u00f6z\u00fc iskele\u2026Bir g\u00f6z\u00fc sancak\u2026 \u201cAyd\u0131nlanma Bilgesi\u201d \u0130lhan Sel\u00e7uk\u2019un g\u00fcncelli\u011fini koruyan k\u00f6\u015feyaz\u0131lar\u0131, okurlar\u0131yla yeniden bulu\u015fuyor. <\/p>\n","protected":false},"excerpt":{"rendered":"<p>\u0130nsanlar\u0131n fala merak\u0131 \u00f6teden beri bilinir, eskiden sultanlar yanlar\u0131nda neden m\u00fcneccimba\u015f\u0131 bulundururlard\u0131?&#8230; Gelece\u011fi okumak i\u00e7in! Yar\u0131n\u0131 bug\u00fcnden bilmenin dayan\u0131lmaz merak\u0131 i\u00e7inde ya\u015fayanlar az de\u011fildir, bu y\u00fczden<span class=\"excerpt-hellip\"> [\u2026]<\/span><\/p>\n","protected":false},"featured_media":0,"template":"","meta":{"_monsterinsights_skip_tracking":false,"_monsterinsights_sitenote_active":false,"_monsterinsights_sitenote_note":"","_monsterinsights_sitenote_category":0},"product_brand":[],"product_cat":[16098,12337],"product_tag":[],"class_list":{"0":"post-695735","1":"product","2":"type-product","3":"status-publish","5":"product_cat-politik-akimlar-hareketler","6":"product_cat-politika-siyaset","7":"pa_cilt-ciltsiz","8":"pa_tur-kitap","9":"pa_yayinevi-cumhuriyet-kitaplari","10":"pa_yazar-ilhan-selcuk","12":"first","13":"instock","14":"sale","15":"shipping-taxable","16":"purchasable","17":"product-type-simple"},"_links":{"self":[{"href":"https:\/\/roveyayinevi.com.tr\/index.php\/wp-json\/wp\/v2\/product\/695735","targetHints":{"allow":["GET"]}}],"collection":[{"href":"https:\/\/roveyayinevi.com.tr\/index.php\/wp-json\/wp\/v2\/product"}],"about":[{"href":"https:\/\/roveyayinevi.com.tr\/index.php\/wp-json\/wp\/v2\/types\/product"}],"wp:attachment":[{"href":"https:\/\/roveyayinevi.com.tr\/index.php\/wp-json\/wp\/v2\/media?parent=695735"}],"wp:term":[{"taxonomy":"product_brand","embeddable":true,"href":"https:\/\/roveyayinevi.com.tr\/index.php\/wp-json\/wp\/v2\/product_brand?post=695735"},{"taxonomy":"product_cat","embeddable":true,"href":"https:\/\/roveyayinevi.com.tr\/index.php\/wp-json\/wp\/v2\/product_cat?post=695735"},{"taxonomy":"product_tag","embeddable":true,"href":"https:\/\/roveyayinevi.com.tr\/index.php\/wp-json\/wp\/v2\/product_tag?post=695735"}],"curies":[{"name":"wp","href":"https:\/\/api.w.org\/{rel}","templated":true}]}}