{"id":695731,"date":"2025-08-27T14:30:56","date_gmt":"2025-08-27T11:30:56","guid":{"rendered":"https:\/\/roveyayinevi.com.tr\/index.php\/urun\/italyan-edebiyati\/"},"modified":"2026-04-16T02:05:44","modified_gmt":"2026-04-15T23:05:44","slug":"italyan-edebiyati","status":"publish","type":"product","link":"https:\/\/roveyayinevi.com.tr\/index.php\/urun\/italyan-edebiyati\/","title":{"rendered":"\u0130talyan Edebiyat\u0131"},"content":{"rendered":"<p>\u0130talya Edebiyat\u0131 13. Y\u00fczy\u0131l sonlar\u0131nda Dolce Stil Nuovo \u015fairleriyle ba\u015flay\u0131p Dante, Petrarca, Boccaccio, Goldini, Mansoni, Leopardi gibi yazar ve \u015fairleriyle doruklara ula\u015fan ve 20. Y\u00fczy\u0131lda da \u00f6zellikle roman alan\u0131nda \u00e7ok \u00f6nemli \u00fcr\u00fcnler veren bir edebiyatt\u0131r. S\u00f6z konusu edebiyat ba\u011flam\u0131nda inceleme ve \u00e7evirileriyle i\u00e7li d\u0131\u015fl\u0131 olan ara\u015ft\u0131rmac\u0131lardan biri de Prof. Necdet Adaba\u011f\u2019d\u0131r. Adaba\u011f, Ankara \u00dcniversitesi Dil ve Tarih-Co\u011frafya Fak\u00fcltesi \u0130talyan Dili ve Edebiyat\u0131 Anabilim Dal\u0131\u2019nda uzun y\u0131llar \u00f6\u011fretim \u00fcyeli\u011fi ve b\u00f6l\u00fcm ba\u015fkanl\u0131\u011f\u0131 yapm\u0131\u015f, ard\u0131ndan 2001-2006 y\u0131llar\u0131 aras\u0131nda DTCF\u2019nin dekanl\u0131k g\u00f6revini \u00fcstlenmi\u015ftir. Yazar, ayr\u0131ca, \u00e7ok say\u0131da inceleme ve tan\u0131tma yaz\u0131lar\u0131n\u0131n yan\u0131 s\u0131ra bir\u00e7ok \u00f6nemli \u0130talyan yazar ve \u015fairini de dilimize kazand\u0131rm\u0131\u015ft\u0131r\u2026 Adaba\u011f, bu kitab\u0131nda s\u00f6z konusu edebiyat\u0131n klasik ve \u00e7a\u011fda\u015f on \u00fc\u00e7 yazar\u0131n h\u00fcmanizm, laiklik ve ayd\u0131nlanmac\u0131l\u0131\u011fa bak\u0131\u015f a\u00e7\u0131lar\u0131yla derinlemesine incelemi\u015ftir\u2026 Kitab\u0131n T\u00fcrkiye\u2019de bir ilk olarak t\u00fcm edebiyatseverlere, \u00f6zellikle \u0130talyan edebiyat\u0131 tutkunlar\u0131na bir ba\u015fucu yap\u0131t\u0131 olaca\u011f\u0131 kan\u0131s\u0131n\u0131 ta\u015f\u0131yoruz.  <\/p>\n","protected":false},"excerpt":{"rendered":"<p>\u0130talya Edebiyat\u0131 13. Y\u00fczy\u0131l sonlar\u0131nda Dolce Stil Nuovo \u015fairleriyle ba\u015flay\u0131p Dante, Petrarca, Boccaccio, Goldini, Mansoni, Leopardi gibi yazar ve \u015fairleriyle doruklara ula\u015fan ve 20. Y\u00fczy\u0131lda da<span class=\"excerpt-hellip\"> [\u2026]<\/span><\/p>\n","protected":false},"featured_media":0,"template":"","meta":{"_monsterinsights_skip_tracking":false,"_monsterinsights_sitenote_active":false,"_monsterinsights_sitenote_note":"","_monsterinsights_sitenote_category":0},"product_brand":[],"product_cat":[12777,12291],"product_tag":[],"class_list":{"0":"post-695731","1":"product","2":"type-product","3":"status-publish","5":"product_cat-deneme","6":"product_cat-edebiyat","7":"pa_cilt-ciltsiz","8":"pa_tur-kitap","9":"pa_yayinevi-cumhuriyet-kitaplari","10":"pa_yazar-necdet-adabag","12":"first","13":"instock","14":"sale","15":"shipping-taxable","16":"purchasable","17":"product-type-simple"},"_links":{"self":[{"href":"https:\/\/roveyayinevi.com.tr\/index.php\/wp-json\/wp\/v2\/product\/695731","targetHints":{"allow":["GET"]}}],"collection":[{"href":"https:\/\/roveyayinevi.com.tr\/index.php\/wp-json\/wp\/v2\/product"}],"about":[{"href":"https:\/\/roveyayinevi.com.tr\/index.php\/wp-json\/wp\/v2\/types\/product"}],"wp:attachment":[{"href":"https:\/\/roveyayinevi.com.tr\/index.php\/wp-json\/wp\/v2\/media?parent=695731"}],"wp:term":[{"taxonomy":"product_brand","embeddable":true,"href":"https:\/\/roveyayinevi.com.tr\/index.php\/wp-json\/wp\/v2\/product_brand?post=695731"},{"taxonomy":"product_cat","embeddable":true,"href":"https:\/\/roveyayinevi.com.tr\/index.php\/wp-json\/wp\/v2\/product_cat?post=695731"},{"taxonomy":"product_tag","embeddable":true,"href":"https:\/\/roveyayinevi.com.tr\/index.php\/wp-json\/wp\/v2\/product_tag?post=695731"}],"curies":[{"name":"wp","href":"https:\/\/api.w.org\/{rel}","templated":true}]}}