{"id":695729,"date":"2025-08-27T14:30:56","date_gmt":"2025-08-27T11:30:56","guid":{"rendered":"https:\/\/roveyayinevi.com.tr\/index.php\/urun\/isterler-ki-susalim\/"},"modified":"2026-04-16T02:05:44","modified_gmt":"2026-04-15T23:05:44","slug":"isterler-ki-susalim","status":"publish","type":"product","link":"https:\/\/roveyayinevi.com.tr\/index.php\/urun\/isterler-ki-susalim\/","title":{"rendered":"\u0130sterler ki Susal\u0131m"},"content":{"rendered":"<p>Ara\u015ft\u0131rmac\u0131 gazeteci U\u011fur Mumcu; &#8211; Ger\u00e7ekleri en iyi \u015fekilde halka iletebilece\u011fi yerin gazete oldu\u011funu bilen m\u00fccadeleci bir ayd\u0131nd\u0131. &#8211; Antiemperyalist, ba\u011f\u0131ms\u0131zl\u0131k\u00e7\u0131, devrimci, toplumcu ve \u00f6nc\u00fc bir gazeteciydi. &#8211; Mesle\u011fini, toplumu bilgilendirme ve ayd\u0131nlatma temelleri \u00fczerine kuran, namuslu bir kalem\u015fordu. &#8211; Her t\u00fcrl\u00fc bask\u0131ya ve korkuya kar\u015f\u0131 dimdik duran bir sava\u015f\u00e7\u0131yd\u0131. &#8211; Kelep\u00e7elerden, demir kap\u0131lardan, hapislerden y\u0131lmayan, ara\u015ft\u0131r\u0131p ortaya \u00e7\u0131kard\u0131\u011f\u0131 ger\u00e7ekleri e\u011filip b\u00fck\u00fclmeden yazan bir yazard\u0131. &#8211; Bug\u00fcne \u0131\u015f\u0131k tutan yaz\u0131lan ile, ara\u015ft\u0131rman\u0131n ve bilginin bilin\u00e7le yo\u011frulmas\u0131n\u0131n sonu\u00e7lar\u0131n\u0131 ortaya koydu. \u00dclkemiz \u00fczerine karanl\u0131k oyunlar \u00e7evirenler ve bu al\u00e7ak\u00e7a eylemlerinin ortaya \u00e7\u0131kaca\u011f\u0131ndan korkanlar taraf\u0131ndan katledildi. Unutmay\u0131n\u0131z, hat\u0131rlay\u0131n\u0131z! -G\u00fcldal Mumcu- \ufffcTan\u0131t\u0131m Metni<\/p>\n","protected":false},"excerpt":{"rendered":"<p>Ara\u015ft\u0131rmac\u0131 gazeteci U\u011fur Mumcu; &#8211; Ger\u00e7ekleri en iyi \u015fekilde halka iletebilece\u011fi yerin gazete oldu\u011funu bilen m\u00fccadeleci bir ayd\u0131nd\u0131. &#8211; Antiemperyalist, ba\u011f\u0131ms\u0131zl\u0131k\u00e7\u0131, devrimci, toplumcu ve \u00f6nc\u00fc bir<span class=\"excerpt-hellip\"> [\u2026]<\/span><\/p>\n","protected":false},"featured_media":0,"template":"","meta":{"_monsterinsights_skip_tracking":false,"_monsterinsights_sitenote_active":false,"_monsterinsights_sitenote_note":"","_monsterinsights_sitenote_category":0},"product_brand":[],"product_cat":[12337,14543],"product_tag":[],"class_list":{"0":"post-695729","1":"product","2":"type-product","3":"status-publish","5":"product_cat-politika-siyaset","6":"product_cat-turkiye-siyaseti-ve-politikasi","7":"pa_tur-kitap","8":"pa_yayinevi-cumhuriyet-kitaplari","9":"pa_yazar-ugur-mumcu","11":"first","12":"instock","13":"sale","14":"shipping-taxable","15":"purchasable","16":"product-type-simple"},"_links":{"self":[{"href":"https:\/\/roveyayinevi.com.tr\/index.php\/wp-json\/wp\/v2\/product\/695729","targetHints":{"allow":["GET"]}}],"collection":[{"href":"https:\/\/roveyayinevi.com.tr\/index.php\/wp-json\/wp\/v2\/product"}],"about":[{"href":"https:\/\/roveyayinevi.com.tr\/index.php\/wp-json\/wp\/v2\/types\/product"}],"wp:attachment":[{"href":"https:\/\/roveyayinevi.com.tr\/index.php\/wp-json\/wp\/v2\/media?parent=695729"}],"wp:term":[{"taxonomy":"product_brand","embeddable":true,"href":"https:\/\/roveyayinevi.com.tr\/index.php\/wp-json\/wp\/v2\/product_brand?post=695729"},{"taxonomy":"product_cat","embeddable":true,"href":"https:\/\/roveyayinevi.com.tr\/index.php\/wp-json\/wp\/v2\/product_cat?post=695729"},{"taxonomy":"product_tag","embeddable":true,"href":"https:\/\/roveyayinevi.com.tr\/index.php\/wp-json\/wp\/v2\/product_tag?post=695729"}],"curies":[{"name":"wp","href":"https:\/\/api.w.org\/{rel}","templated":true}]}}