{"id":695727,"date":"2025-08-27T14:30:55","date_gmt":"2025-08-27T11:30:55","guid":{"rendered":"https:\/\/roveyayinevi.com.tr\/index.php\/urun\/hasret-gozlerimde-mavi\/"},"modified":"2026-04-16T02:05:44","modified_gmt":"2026-04-15T23:05:44","slug":"hasret-gozlerimde-mavi","status":"publish","type":"product","link":"https:\/\/roveyayinevi.com.tr\/index.php\/urun\/hasret-gozlerimde-mavi\/","title":{"rendered":"Hasret G\u00f6zlerimde Mavi"},"content":{"rendered":"<p>Zekiye Y\u00fcksel, Akdeniz\u2019in k\u0131z\u0131, \u0130stanbul\u2019un sevdal\u0131s\u0131&#8230;   Bir yan\u0131 bahar, bir yan\u0131 ac\u0131 bir ya\u015fam\u0131n \u015fiirlerini yazar.   Onun \u015fiir yolculu\u011funda, bamba\u015fka bir durak olur Suudi Arabistan. <\/p>\n","protected":false},"excerpt":{"rendered":"<p>Zekiye Y\u00fcksel, Akdeniz\u2019in k\u0131z\u0131, \u0130stanbul\u2019un sevdal\u0131s\u0131&#8230; Bir yan\u0131 bahar, bir yan\u0131 ac\u0131 bir ya\u015fam\u0131n \u015fiirlerini yazar. Onun \u015fiir yolculu\u011funda, bamba\u015fka bir durak olur Suudi Arabistan.<\/p>\n","protected":false},"featured_media":0,"template":"","meta":{"_monsterinsights_skip_tracking":false,"_monsterinsights_sitenote_active":false,"_monsterinsights_sitenote_note":"","_monsterinsights_sitenote_category":0},"product_brand":[],"product_cat":[12291,12509],"product_tag":[],"class_list":{"0":"post-695727","1":"product","2":"type-product","3":"status-publish","5":"product_cat-edebiyat","6":"product_cat-siir","7":"pa_tur-kitap","8":"pa_yayinevi-cumhuriyet-kitaplari","9":"pa_yazar-zekiye-yuksel","11":"first","12":"instock","13":"sale","14":"shipping-taxable","15":"purchasable","16":"product-type-simple"},"_links":{"self":[{"href":"https:\/\/roveyayinevi.com.tr\/index.php\/wp-json\/wp\/v2\/product\/695727","targetHints":{"allow":["GET"]}}],"collection":[{"href":"https:\/\/roveyayinevi.com.tr\/index.php\/wp-json\/wp\/v2\/product"}],"about":[{"href":"https:\/\/roveyayinevi.com.tr\/index.php\/wp-json\/wp\/v2\/types\/product"}],"wp:attachment":[{"href":"https:\/\/roveyayinevi.com.tr\/index.php\/wp-json\/wp\/v2\/media?parent=695727"}],"wp:term":[{"taxonomy":"product_brand","embeddable":true,"href":"https:\/\/roveyayinevi.com.tr\/index.php\/wp-json\/wp\/v2\/product_brand?post=695727"},{"taxonomy":"product_cat","embeddable":true,"href":"https:\/\/roveyayinevi.com.tr\/index.php\/wp-json\/wp\/v2\/product_cat?post=695727"},{"taxonomy":"product_tag","embeddable":true,"href":"https:\/\/roveyayinevi.com.tr\/index.php\/wp-json\/wp\/v2\/product_tag?post=695727"}],"curies":[{"name":"wp","href":"https:\/\/api.w.org\/{rel}","templated":true}]}}