{"id":695725,"date":"2025-08-27T14:30:55","date_gmt":"2025-08-27T11:30:55","guid":{"rendered":"https:\/\/roveyayinevi.com.tr\/index.php\/urun\/gulliver\/"},"modified":"2026-04-16T02:05:44","modified_gmt":"2026-04-15T23:05:44","slug":"gulliver","status":"publish","type":"product","link":"https:\/\/roveyayinevi.com.tr\/index.php\/urun\/gulliver\/","title":{"rendered":"Gulliver"},"content":{"rendered":"<p>Lilliputlular ha\u015flanm\u0131\u015f yumurtan\u0131n sivri taraf\u0131ndan, Blefescu Adas\u0131n\u0131n halk\u0131 ise yuvarlak taraf\u0131ndan k\u0131r\u0131larak yenmesi gerekti\u011fini d\u00fc\u015f\u00fcn\u00fcyordu. Bu konu y\u00fcz\u00fcnden \u00fc\u00e7 y\u0131ld\u0131r sava\u015f halindeydiler.  \u0130yi de sa\u00e7mal\u0131k bu!  dedi Gulliver. On kitap olacak Hepsi Sana Miras serisinde, bir Jonathan Swift klasi\u011fi olan Gulliver\u2019in Gezilerini bize, kitaplar\u0131 onlarca farkl\u0131 dile \u00e7evrilmi\u015f, pek \u00e7ok \u00f6d\u00fcle lay\u0131k g\u00f6r\u00fclm\u00fc\u015f (buna bir \u015f\u00f6valyelik \u00fcnvan\u0131 da dahil) \u00fcnl\u00fc \u0130ngiliz yazar Jonathan Coe anlat\u0131yor, Sara Oddi ise g\u00f6z al\u0131c\u0131 \u00e7izimleriyle ona e\u015flik ediyor.  Hepsi Sana Miras  serisi hakk\u0131nda: Peki ya bug\u00fcn\u00fcn b\u00fcy\u00fck yazarlar\u0131, t\u00fcm zamanlar\u0131n en b\u00fcy\u00fck hikayelerini, sana yeniden anlatsa. <\/p>\n","protected":false},"excerpt":{"rendered":"<p>Lilliputlular ha\u015flanm\u0131\u015f yumurtan\u0131n sivri taraf\u0131ndan, Blefescu Adas\u0131n\u0131n halk\u0131 ise yuvarlak taraf\u0131ndan k\u0131r\u0131larak yenmesi gerekti\u011fini d\u00fc\u015f\u00fcn\u00fcyordu. Bu konu y\u00fcz\u00fcnden \u00fc\u00e7 y\u0131ld\u0131r sava\u015f halindeydiler. \u0130yi de sa\u00e7mal\u0131k bu!<span class=\"excerpt-hellip\"> [\u2026]<\/span><\/p>\n","protected":false},"featured_media":0,"template":"","meta":{"_monsterinsights_skip_tracking":false,"_monsterinsights_sitenote_active":false,"_monsterinsights_sitenote_note":"","_monsterinsights_sitenote_category":0},"product_brand":[],"product_cat":[12275,12274],"product_tag":[],"class_list":{"0":"post-695725","1":"product","2":"type-product","3":"status-publish","5":"product_cat-6-12-yas-kitaplari","6":"product_cat-cocuk-ve-genclik-kitaplari","7":"pa_cilt-ciltsiz","8":"pa_tur-kitap","9":"pa_yayinevi-domingo-yayinevi","10":"pa_yazar-jonathan-coe","12":"first","13":"instock","14":"sale","15":"shipping-taxable","16":"purchasable","17":"product-type-simple"},"_links":{"self":[{"href":"https:\/\/roveyayinevi.com.tr\/index.php\/wp-json\/wp\/v2\/product\/695725","targetHints":{"allow":["GET"]}}],"collection":[{"href":"https:\/\/roveyayinevi.com.tr\/index.php\/wp-json\/wp\/v2\/product"}],"about":[{"href":"https:\/\/roveyayinevi.com.tr\/index.php\/wp-json\/wp\/v2\/types\/product"}],"wp:attachment":[{"href":"https:\/\/roveyayinevi.com.tr\/index.php\/wp-json\/wp\/v2\/media?parent=695725"}],"wp:term":[{"taxonomy":"product_brand","embeddable":true,"href":"https:\/\/roveyayinevi.com.tr\/index.php\/wp-json\/wp\/v2\/product_brand?post=695725"},{"taxonomy":"product_cat","embeddable":true,"href":"https:\/\/roveyayinevi.com.tr\/index.php\/wp-json\/wp\/v2\/product_cat?post=695725"},{"taxonomy":"product_tag","embeddable":true,"href":"https:\/\/roveyayinevi.com.tr\/index.php\/wp-json\/wp\/v2\/product_tag?post=695725"}],"curies":[{"name":"wp","href":"https:\/\/api.w.org\/{rel}","templated":true}]}}