{"id":695724,"date":"2025-08-27T14:30:55","date_gmt":"2025-08-27T11:30:55","guid":{"rendered":"https:\/\/roveyayinevi.com.tr\/index.php\/urun\/yuzeybilim-fragmanlar\/"},"modified":"2026-04-16T02:05:44","modified_gmt":"2026-04-15T23:05:44","slug":"yuzeybilim-fragmanlar","status":"publish","type":"product","link":"https:\/\/roveyayinevi.com.tr\/index.php\/urun\/yuzeybilim-fragmanlar\/","title":{"rendered":"Y\u00fczeybilim Fragmanlar"},"content":{"rendered":"<p>A\u011fa\u00e7 ya da k\u00f6klerden farkl\u0131 olarak rizomlar (k\u00f6ksaplar) herhangi bir noktay\u0131 ba\u015fka herhangi bir noktaya ba\u011flama \u00f6zelli\u011fine sahiptirler. Ama bu iki nokta aras\u0131nda \u2018ortak \u00f6zellikler\u2019 bulunmas\u0131 asla gerekmez. T\u00fcm\u00fcyle farkl\u0131 do\u011falarda olabilirler. \u00c7ok farkl\u0131 i\u015faret d\u00fczenlerine ve ileti\u015fim mekanizmalar\u0131na sahiptirler. (&#8230;) Bir rizom birimlerden de\u011fil boyutlardan olu\u015fur, daha do\u011frusu hareket halindeki y\u00f6nlerden. Ne ba\u015f\u0131 ne de sonu vard\u0131r. Ama her zaman bir \u2018ortas\u0131\u2019 bulunur. Bu ortadan kaynaklan\u0131r, geli\u015fir, serpilir. (&#8230;) B\u00f6yle bir \u00e7o\u011fulluk boyut de\u011fi\u015ftirdi\u011finde ayn\u0131 zamanda zorunlu olarak do\u011fas\u0131 da de\u011fi\u015fir, ba\u015fkala\u015f\u0131ma u\u011frar. Nokta ve konumlarla, noktalar aras\u0131ndaki ikili ili\u015fkilerle tan\u0131mlanan bir yap\u0131 gibi de\u011fildir. O yaln\u0131zca \u00e7izgilerden yap\u0131lm\u0131\u015ft\u0131r. Onun boyutlar\u0131 bir par\u00e7alara ayr\u0131lma ve kopu\u015f noktalar\u0131yla tan\u0131mlanm\u0131\u015ft\u0131r. Rizomun esas \u00f6zelli\u011fi \u015fecereye ve soy a\u011fac\u0131na, aile ve Devlet de\u011ferlerine kar\u015f\u0131 \u00e7\u0131k\u0131\u015f\u0131, onlar\u0131 bozulmaya u\u011fratmas\u0131d\u0131r. Bir t\u00fcr kar\u015f\u0131-haf\u0131zad\u0131r. De\u011fi\u015fimlerle, unutu\u015flarla, kal\u0131plar\u0131n k\u0131r\u0131lmas\u0131yla, yay\u0131lma ve i\u015fgal ile b\u00fcy\u00fcr. Ulus Baker, noktalar ve konumlar\u0131n de\u011fil \u00e7izgilerin oldu\u011fu, sezgiyle hareket eden, toplumsal m\u00fccadelelerle, sanatlarla, bilimlerle ba\u011flant\u0131lar kurarak ilerleyen bir d\u00fc\u015f\u00fcnce geli\u015ftirdi&#8230; Elinizdeki kitap, onun d\u00fc\u015f\u00fcnce ak\u0131\u015f \u015febekesidir. Y\u00fczeybilim-Fragmanlar \u00fc\u00e7 b\u00f6l\u00fcmden olu\u015fuyor: Rizom-d\u00fc\u015f\u00fcnce: Spinoza, Tarde, Deleuze. Otonom-d\u00fc\u015f\u00fcnce: Hardt, Negri, Lazzarato. Olu\u015f-d\u00fc\u015f\u00fcnce: Min\u00f6r-edebiyat &#8211; Woolf, Acker, J\u00fcnger. Bu teorik \u015febekenin hatlar\u0131, felsefeden edebiyata, tarihin dip k\u00f6\u015felerinden g\u00fcn\u00fcm\u00fcz\u00fcn her \u00e2n\u0131na, diyanet i\u015fleri fetvalar\u0131ndan \u00f6l\u00fcm oru\u00e7lar\u0131na, hastaneden pulculara, ge\u00e7medi\u011fi yer b\u0131rakm\u0131yor. Olsayd\u0131, konu\u015fsayd\u0131, dinleseydik&#8230; dedirten metinler&#8230; \ufffc<\/p>\n","protected":false},"excerpt":{"rendered":"<p>A\u011fa\u00e7 ya da k\u00f6klerden farkl\u0131 olarak rizomlar (k\u00f6ksaplar) herhangi bir noktay\u0131 ba\u015fka herhangi bir noktaya ba\u011flama \u00f6zelli\u011fine sahiptirler. Ama bu iki nokta aras\u0131nda \u2018ortak \u00f6zellikler\u2019 bulunmas\u0131<span class=\"excerpt-hellip\"> [\u2026]<\/span><\/p>\n","protected":false},"featured_media":0,"template":"","meta":{"_monsterinsights_skip_tracking":false,"_monsterinsights_sitenote_active":false,"_monsterinsights_sitenote_note":"","_monsterinsights_sitenote_category":0},"product_brand":[],"product_cat":[12777,12291],"product_tag":[],"class_list":{"0":"post-695724","1":"product","2":"type-product","3":"status-publish","5":"product_cat-deneme","6":"product_cat-edebiyat","7":"pa_cilt-ciltsiz","8":"pa_tur-kitap","9":"pa_yayinevi-iletisim-yayinlari","10":"pa_yazar-ulus-baker","12":"first","13":"instock","14":"sale","15":"shipping-taxable","16":"purchasable","17":"product-type-simple"},"_links":{"self":[{"href":"https:\/\/roveyayinevi.com.tr\/index.php\/wp-json\/wp\/v2\/product\/695724","targetHints":{"allow":["GET"]}}],"collection":[{"href":"https:\/\/roveyayinevi.com.tr\/index.php\/wp-json\/wp\/v2\/product"}],"about":[{"href":"https:\/\/roveyayinevi.com.tr\/index.php\/wp-json\/wp\/v2\/types\/product"}],"wp:attachment":[{"href":"https:\/\/roveyayinevi.com.tr\/index.php\/wp-json\/wp\/v2\/media?parent=695724"}],"wp:term":[{"taxonomy":"product_brand","embeddable":true,"href":"https:\/\/roveyayinevi.com.tr\/index.php\/wp-json\/wp\/v2\/product_brand?post=695724"},{"taxonomy":"product_cat","embeddable":true,"href":"https:\/\/roveyayinevi.com.tr\/index.php\/wp-json\/wp\/v2\/product_cat?post=695724"},{"taxonomy":"product_tag","embeddable":true,"href":"https:\/\/roveyayinevi.com.tr\/index.php\/wp-json\/wp\/v2\/product_tag?post=695724"}],"curies":[{"name":"wp","href":"https:\/\/api.w.org\/{rel}","templated":true}]}}