{"id":695723,"date":"2025-08-27T14:30:54","date_gmt":"2025-08-27T11:30:54","guid":{"rendered":"https:\/\/roveyayinevi.com.tr\/index.php\/urun\/babba-kitap\/"},"modified":"2026-04-16T02:05:44","modified_gmt":"2026-04-15T23:05:44","slug":"babba-kitap","status":"publish","type":"product","link":"https:\/\/roveyayinevi.com.tr\/index.php\/urun\/babba-kitap\/","title":{"rendered":"Babba Kitap"},"content":{"rendered":"<p>Biraz sirke ve detarjanla lav p\u00fcsk\u00fcrten bir yanarda\u011f yap\u0131n.\u0130skambil ka\u011f\u0131tlar\u0131yla zihin okuyun.\u00c7ocuklar\u0131n\u0131zla aran\u0131zda K\u0131z\u0131lderililerden ba\u015fka kimsenin anlamayaca\u011f\u0131 bir i\u015faret lisan\u0131 yarat\u0131n. Art\u0131k her baban\u0131n elinin alt\u0131nda, izleyicileri \u015fa\u015fk\u0131na \u00e7evirip kendine hayran b\u0131rakacak, sihir, \u015faka ve oyunlarla dolu, her daim kullan\u0131ma haz\u0131r bir kurtar\u0131c\u0131 var. Babba Kitaptaki alk\u0131\u015f ve kahkaha garantili klasik numaralarlak\u00fc\u00e7\u00fckl\u00fc b\u00fcy\u00fckl\u00fcgeni\u015f bir hayran kitlesi edinmeniz ka\u00e7\u0131n\u0131lmaz. Babba Kitapla sihrin ustas\u0131, komedinin kral\u0131 ve ailenizin \u015fovmeni (s\u00f6ylememize gerek bile yok ama \u00e7ocuklar i\u00e7in d\u00fczenlenen her partinin de y\u0131ld\u0131z\u0131) olacaks\u0131n\u0131z. Hadi o zaman, parma\u011f\u0131n\u0131z\u0131 \u015f\u0131klat\u0131n ve para kaybolsun. \u015eov zaman\u0131!UYARI: L\u00fctfen \u015f\u00f6hret \u0131\u015f\u0131klar\u0131na kap\u0131l\u0131p i\u015fin dozunu ka\u00e7\u0131rmay\u0131n. Unutmay\u0131n, kar\u015f\u0131n\u0131zdaki insanla ileride bir g\u00fcn hangi \u00fcniversiteye gitmesi gerekti\u011fi konusunda konu\u015fman\u0131z gerekecek. <\/p>\n","protected":false},"excerpt":{"rendered":"<p>Biraz sirke ve detarjanla lav p\u00fcsk\u00fcrten bir yanarda\u011f yap\u0131n.\u0130skambil ka\u011f\u0131tlar\u0131yla zihin okuyun.\u00c7ocuklar\u0131n\u0131zla aran\u0131zda K\u0131z\u0131lderililerden ba\u015fka kimsenin anlamayaca\u011f\u0131 bir i\u015faret lisan\u0131 yarat\u0131n. Art\u0131k her baban\u0131n elinin alt\u0131nda,<span class=\"excerpt-hellip\"> [\u2026]<\/span><\/p>\n","protected":false},"featured_media":0,"template":"","meta":{"_monsterinsights_skip_tracking":false,"_monsterinsights_sitenote_active":false,"_monsterinsights_sitenote_note":"","_monsterinsights_sitenote_category":0},"product_brand":[],"product_cat":[15563],"product_tag":[],"class_list":{"0":"post-695723","1":"product","2":"type-product","3":"status-publish","5":"product_cat-hobi","6":"pa_cilt-ciltsiz","7":"pa_tur-kitap","8":"pa_yayinevi-domingo-yayinevi","9":"pa_yazar-ian-coutts","11":"first","12":"instock","13":"sale","14":"shipping-taxable","15":"purchasable","16":"product-type-simple"},"_links":{"self":[{"href":"https:\/\/roveyayinevi.com.tr\/index.php\/wp-json\/wp\/v2\/product\/695723","targetHints":{"allow":["GET"]}}],"collection":[{"href":"https:\/\/roveyayinevi.com.tr\/index.php\/wp-json\/wp\/v2\/product"}],"about":[{"href":"https:\/\/roveyayinevi.com.tr\/index.php\/wp-json\/wp\/v2\/types\/product"}],"wp:attachment":[{"href":"https:\/\/roveyayinevi.com.tr\/index.php\/wp-json\/wp\/v2\/media?parent=695723"}],"wp:term":[{"taxonomy":"product_brand","embeddable":true,"href":"https:\/\/roveyayinevi.com.tr\/index.php\/wp-json\/wp\/v2\/product_brand?post=695723"},{"taxonomy":"product_cat","embeddable":true,"href":"https:\/\/roveyayinevi.com.tr\/index.php\/wp-json\/wp\/v2\/product_cat?post=695723"},{"taxonomy":"product_tag","embeddable":true,"href":"https:\/\/roveyayinevi.com.tr\/index.php\/wp-json\/wp\/v2\/product_tag?post=695723"}],"curies":[{"name":"wp","href":"https:\/\/api.w.org\/{rel}","templated":true}]}}