{"id":695722,"date":"2025-08-27T14:30:54","date_gmt":"2025-08-27T11:30:54","guid":{"rendered":"https:\/\/roveyayinevi.com.tr\/index.php\/urun\/ask-ve-gurur-ve-zombiler\/"},"modified":"2026-04-16T02:05:44","modified_gmt":"2026-04-15T23:05:44","slug":"ask-ve-gurur-ve-zombiler","status":"publish","type":"product","link":"https:\/\/roveyayinevi.com.tr\/index.php\/urun\/ask-ve-gurur-ve-zombiler\/","title":{"rendered":"A\u015fk ve Gurur ve Zombiler"},"content":{"rendered":"<p>\u201c\u015eu evrensel olarak kabul edilen bir ger\u00e7ektir ki beyin sahibi bir zombi daima daha \u00e7ok beyne ihtiya\u00e7 duyacakt\u0131r.\u201d   Sessiz sakin \u0130ngiliz k\u00f6y\u00fc Meryton tuhaf bir salg\u0131n\u0131n pen\u00e7esinde&#8230; \u00f6l\u00fcler diriliyor! Elizabeth Bennet zombi tehdidini ortadan kald\u0131rmakta kararl\u0131 olsa da, kibirli ve bir o kadar \u00e7ekici Bay Darcy\u2019nin geli\u015fiyle dikkati k\u0131sa s\u00fcrede da\u011f\u0131l\u0131yor. \u0130ki taze \u00e2\u015f\u0131k aras\u0131ndaki \u201cnispeten uygarca\u201d ge\u00e7en duygusal at\u0131\u015fmalar\u0131 zombilerle ya\u015fanan ve pek de duygusal bir yan\u0131 olmayan kanl\u0131 \u00e7at\u0131\u015fmalar takip ediyor.   Romantizm, kalp k\u0131r\u0131kl\u0131klar\u0131, k\u0131l\u0131\u00e7 darbeleri, yamyaml\u0131k ve \u00e7\u00fcr\u00fcyen cesetlerle dolu A\u015fk ve Gurur ve Zombiler, t\u00fcm zamanlar\u0131n en b\u00fcy\u00fck ba\u015fyap\u0131tlar\u0131ndan birini soluksuz okuyaca\u011f\u0131n\u0131z bir maceraya d\u00f6n\u00fc\u015ft\u00fcr\u00fcyor.   \u201cE\u011flenceli korku dedi\u011fin budur i\u015fte.\u201d \u2013Bookriot  <\/p>\n","protected":false},"excerpt":{"rendered":"<p>\u201c\u015eu evrensel olarak kabul edilen bir ger\u00e7ektir ki beyin sahibi bir zombi daima daha \u00e7ok beyne ihtiya\u00e7 duyacakt\u0131r.\u201d Sessiz sakin \u0130ngiliz k\u00f6y\u00fc Meryton tuhaf bir salg\u0131n\u0131n<span class=\"excerpt-hellip\"> [\u2026]<\/span><\/p>\n","protected":false},"featured_media":0,"template":"","meta":{"_monsterinsights_skip_tracking":false,"_monsterinsights_sitenote_active":false,"_monsterinsights_sitenote_note":"","_monsterinsights_sitenote_category":0},"product_brand":[],"product_cat":[12718,18102,12719],"product_tag":[],"class_list":{"0":"post-695722","1":"product","2":"type-product","3":"status-publish","5":"product_cat-din","6":"product_cat-edebiyat-roman","7":"product_cat-islam","8":"pa_cilt-ciltsiz","9":"pa_tur-kitap","10":"pa_yayinevi-domingo-yayinevi","11":"pa_yazar-jane-austen","13":"first","14":"instock","15":"sale","16":"shipping-taxable","17":"purchasable","18":"product-type-simple"},"_links":{"self":[{"href":"https:\/\/roveyayinevi.com.tr\/index.php\/wp-json\/wp\/v2\/product\/695722","targetHints":{"allow":["GET"]}}],"collection":[{"href":"https:\/\/roveyayinevi.com.tr\/index.php\/wp-json\/wp\/v2\/product"}],"about":[{"href":"https:\/\/roveyayinevi.com.tr\/index.php\/wp-json\/wp\/v2\/types\/product"}],"wp:attachment":[{"href":"https:\/\/roveyayinevi.com.tr\/index.php\/wp-json\/wp\/v2\/media?parent=695722"}],"wp:term":[{"taxonomy":"product_brand","embeddable":true,"href":"https:\/\/roveyayinevi.com.tr\/index.php\/wp-json\/wp\/v2\/product_brand?post=695722"},{"taxonomy":"product_cat","embeddable":true,"href":"https:\/\/roveyayinevi.com.tr\/index.php\/wp-json\/wp\/v2\/product_cat?post=695722"},{"taxonomy":"product_tag","embeddable":true,"href":"https:\/\/roveyayinevi.com.tr\/index.php\/wp-json\/wp\/v2\/product_tag?post=695722"}],"curies":[{"name":"wp","href":"https:\/\/api.w.org\/{rel}","templated":true}]}}