{"id":695721,"date":"2025-08-27T14:30:54","date_gmt":"2025-08-27T11:30:54","guid":{"rendered":"https:\/\/roveyayinevi.com.tr\/index.php\/urun\/turkiye-toplumunun-bunalimi\/"},"modified":"2026-04-16T02:05:44","modified_gmt":"2026-04-15T23:05:44","slug":"turkiye-toplumunun-bunalimi","status":"publish","type":"product","link":"https:\/\/roveyayinevi.com.tr\/index.php\/urun\/turkiye-toplumunun-bunalimi\/","title":{"rendered":"T\u00fcrkiye Toplumunun Bunal\u0131m\u0131"},"content":{"rendered":"<p>Hepsi \u00e7e\u015fitli a\u00e7\u0131lardan T\u00fcrkiye\u2019de devlet-toplum ili\u015fkisini \u00e7\u00f6z\u00fcmlemeyi ama\u00e7layan yaz\u0131lar\u0131n olu\u015fturdu\u011fu bir kitap bu. Ahmet \u0130nsel, bir yanda T\u00fcrkiye Cumhuriyeti devletini kuran ve s\u00fcrd\u00fcren kadrolar\u0131n \u00f6b\u00fcr yanda sivil politikac\u0131lar\u0131na yerald\u0131\u011f\u0131 iktidar ili\u015fkileri ve \u00e7at\u0131\u015fmalar\u0131na e\u011filiyor, T\u00fcrkiye devletinin ba\u015fl\u0131ca nitelikleri \u00fczerinde duruyor. Ama as\u0131l \u00f6nemlisi, devletin toplum hayat\u0131na, toplumsal geli\u015fmeye vurdu\u011fu damgaya ve topluma dayatt\u0131\u011f\u0131 ili\u015fkiye dikkat \u00e7ekiyor. T\u00fcrkiye toplumunun son y\u0131llarda yo\u011funla\u015fm\u0131\u015f olarak ya\u015fad\u0131\u011f\u0131 derin bunal\u0131m\u0131n hem tarih\u00ee k\u00f6klerini hem g\u00fcncel nedenlerini ayd\u0131nlatmada ilk ad\u0131m\u0131n, b\u00fct\u00fcn projekt\u00f6rleri ve g\u00f6zleri devlete do\u011fru \u00e7evirmek oldu\u011funu ileri s\u00fcren yazar, temel sorunsal\u0131 a\u00e7\u0131s\u0131ndan \u00f6nem ta\u015f\u0131yan, \u0130sl\u00e2m kar\u015f\u0131s\u0131nda devlet, laiklik, milliyet\u00e7ilik, T\u00fcrk siyas\u00ee partileri&#8230;Konular\u0131n\u0131 ele al\u0131yor, yak\u0131n tarihe dair somut analizler yap\u0131yor. \u0130nsel ayr\u0131ca, T\u00fcrkiye toplumunun ya\u015fad\u0131\u011f\u0131 bunal\u0131mdan \u00e7\u0131k\u0131\u015f yollar\u0131n\u0131 ara\u015ft\u0131r\u0131rken, hem bir temel kavram olarak demokrasinin i\u00e7eri\u011fini ayd\u0131nlatmaya \u00e7al\u0131\u015f\u0131yor hem de bir sosyalist demokrasi perspektifi olu\u015fturmaya y\u00f6nelik \u00f6nermelerde bulunuyor. \ufffc<\/p>\n","protected":false},"excerpt":{"rendered":"<p>Hepsi \u00e7e\u015fitli a\u00e7\u0131lardan T\u00fcrkiye\u2019de devlet-toplum ili\u015fkisini \u00e7\u00f6z\u00fcmlemeyi ama\u00e7layan yaz\u0131lar\u0131n olu\u015fturdu\u011fu bir kitap bu. Ahmet \u0130nsel, bir yanda T\u00fcrkiye Cumhuriyeti devletini kuran ve s\u00fcrd\u00fcren kadrolar\u0131n \u00f6b\u00fcr yanda<span class=\"excerpt-hellip\"> [\u2026]<\/span><\/p>\n","protected":false},"featured_media":0,"template":"","meta":{"_monsterinsights_skip_tracking":false,"_monsterinsights_sitenote_active":false,"_monsterinsights_sitenote_note":"","_monsterinsights_sitenote_category":0},"product_brand":[],"product_cat":[12312,12304],"product_tag":[],"class_list":{"0":"post-695721","1":"product","2":"type-product","3":"status-publish","5":"product_cat-diger","6":"product_cat-tarih","7":"pa_cilt-ciltsiz","8":"pa_tur-kitap","9":"pa_yayinevi-iletisim-yayinlari","10":"pa_yazar-ahmet-insel","12":"first","13":"instock","14":"sale","15":"shipping-taxable","16":"purchasable","17":"product-type-simple"},"_links":{"self":[{"href":"https:\/\/roveyayinevi.com.tr\/index.php\/wp-json\/wp\/v2\/product\/695721","targetHints":{"allow":["GET"]}}],"collection":[{"href":"https:\/\/roveyayinevi.com.tr\/index.php\/wp-json\/wp\/v2\/product"}],"about":[{"href":"https:\/\/roveyayinevi.com.tr\/index.php\/wp-json\/wp\/v2\/types\/product"}],"wp:attachment":[{"href":"https:\/\/roveyayinevi.com.tr\/index.php\/wp-json\/wp\/v2\/media?parent=695721"}],"wp:term":[{"taxonomy":"product_brand","embeddable":true,"href":"https:\/\/roveyayinevi.com.tr\/index.php\/wp-json\/wp\/v2\/product_brand?post=695721"},{"taxonomy":"product_cat","embeddable":true,"href":"https:\/\/roveyayinevi.com.tr\/index.php\/wp-json\/wp\/v2\/product_cat?post=695721"},{"taxonomy":"product_tag","embeddable":true,"href":"https:\/\/roveyayinevi.com.tr\/index.php\/wp-json\/wp\/v2\/product_tag?post=695721"}],"curies":[{"name":"wp","href":"https:\/\/api.w.org\/{rel}","templated":true}]}}