{"id":695720,"date":"2025-08-27T14:30:54","date_gmt":"2025-08-27T11:30:54","guid":{"rendered":"https:\/\/roveyayinevi.com.tr\/index.php\/urun\/solu-yeniden-tanimlamak\/"},"modified":"2026-04-16T02:05:44","modified_gmt":"2026-04-15T23:05:44","slug":"solu-yeniden-tanimlamak","status":"publish","type":"product","link":"https:\/\/roveyayinevi.com.tr\/index.php\/urun\/solu-yeniden-tanimlamak\/","title":{"rendered":"Solu Yeniden Tan\u0131mlamak"},"content":{"rendered":"<p>Bug\u00fcn sol kavram\u0131 ne anlam ifade ediyor? D\u00fcnyada solla sa\u011f\u0131 ay\u0131ran nedir? Ge\u00e7mi\u015fte bunlar neydi, ileride ne olacaklar? Sol ve sa\u011f kavramlar\u0131n\u0131n, insanl\u0131k tarihinde s\u00fcrekli ge\u00e7erli olmu\u015f, evrensel i\u00e7erikleri mi var? Yoksa modern zamanlarda ve Bat\u0131 Avrupa\u2019da son \u00fc\u00e7 y\u00fczy\u0131l i\u00e7inde meydana gelen tolumsal olu\u015fumlara \u00f6zg\u00fc simgeler mi? Bu kitapta, sosyalizmi etik bir sorumluluk olarak kabul eden, demokrasiyi sadece bir ara\u00e7 de\u011fil, s\u0131n\u0131rlar\u0131 s\u00fcrekli geni\u015fleyen bir ama\u00e7, bir toplumsal hareketlilik ilkesi olarak g\u00f6ren bir sol anlay\u0131\u015f tan\u0131mlanmaya \u00e7al\u0131\u015f\u0131l\u0131yor. Solun yeniden tan\u0131mlanmas\u0131, T\u00fcrkiye solunun \u00f6n\u00fcm\u00fczdeki d\u00f6nemde toplumsal tahayy\u00fcle g\u00fc\u00e7l\u00fc bir konum kazanabilmesi i\u00e7in gerekli de\u011fil midir? <\/p>\n","protected":false},"excerpt":{"rendered":"<p>Bug\u00fcn sol kavram\u0131 ne anlam ifade ediyor? D\u00fcnyada solla sa\u011f\u0131 ay\u0131ran nedir? Ge\u00e7mi\u015fte bunlar neydi, ileride ne olacaklar? Sol ve sa\u011f kavramlar\u0131n\u0131n, insanl\u0131k tarihinde s\u00fcrekli ge\u00e7erli<span class=\"excerpt-hellip\"> [\u2026]<\/span><\/p>\n","protected":false},"featured_media":0,"template":"","meta":{"_monsterinsights_skip_tracking":false,"_monsterinsights_sitenote_active":false,"_monsterinsights_sitenote_note":"","_monsterinsights_sitenote_category":0},"product_brand":[],"product_cat":[13278,12324],"product_tag":[],"class_list":{"0":"post-695720","1":"product","2":"type-product","3":"status-publish","5":"product_cat-sivil-toplum-kuruluslari","6":"product_cat-sosyoloji","7":"pa_tur-kitap","8":"pa_yayinevi-iletisim-yayinlari","9":"pa_yazar-ahmet-insel","11":"first","12":"instock","13":"sale","14":"shipping-taxable","15":"purchasable","16":"product-type-simple"},"_links":{"self":[{"href":"https:\/\/roveyayinevi.com.tr\/index.php\/wp-json\/wp\/v2\/product\/695720","targetHints":{"allow":["GET"]}}],"collection":[{"href":"https:\/\/roveyayinevi.com.tr\/index.php\/wp-json\/wp\/v2\/product"}],"about":[{"href":"https:\/\/roveyayinevi.com.tr\/index.php\/wp-json\/wp\/v2\/types\/product"}],"wp:attachment":[{"href":"https:\/\/roveyayinevi.com.tr\/index.php\/wp-json\/wp\/v2\/media?parent=695720"}],"wp:term":[{"taxonomy":"product_brand","embeddable":true,"href":"https:\/\/roveyayinevi.com.tr\/index.php\/wp-json\/wp\/v2\/product_brand?post=695720"},{"taxonomy":"product_cat","embeddable":true,"href":"https:\/\/roveyayinevi.com.tr\/index.php\/wp-json\/wp\/v2\/product_cat?post=695720"},{"taxonomy":"product_tag","embeddable":true,"href":"https:\/\/roveyayinevi.com.tr\/index.php\/wp-json\/wp\/v2\/product_tag?post=695720"}],"curies":[{"name":"wp","href":"https:\/\/api.w.org\/{rel}","templated":true}]}}