{"id":695718,"date":"2025-08-27T14:30:53","date_gmt":"2025-08-27T11:30:53","guid":{"rendered":"https:\/\/roveyayinevi.com.tr\/index.php\/urun\/neo-liberalizm-hegemonyanin-yeni-dili\/"},"modified":"2026-04-16T02:05:44","modified_gmt":"2026-04-15T23:05:44","slug":"neo-liberalizm-hegemonyanin-yeni-dili","status":"publish","type":"product","link":"https:\/\/roveyayinevi.com.tr\/index.php\/urun\/neo-liberalizm-hegemonyanin-yeni-dili\/","title":{"rendered":"Neo-Liberalizm: Hegemonyan\u0131n Yeni Dili"},"content":{"rendered":"<p>\u0130ktisat ideolojisinin en dogmatik ve sald\u0131rgan mezhebini olu\u015fturan neo-liberalizm, 1980\u2019lerde bir \u00e7\u0131\u011f gibi t\u00fcm d\u00fcnyay\u0131 kaplad\u0131. Bu dalga kapitalizmde de ciddi d\u00f6n\u00fc\u015f\u00fcmlere yol a\u00e7t\u0131. Sosyal adalet ama\u00e7l\u0131 b\u00fcy\u00fcme hedeflerinin g\u00fcndemden kalkmas\u0131na, yeni bir Orta\u00e7a\u011f veya vah\u015fi kapitalizm g\u00f6r\u00fcn\u00fcm\u00fc sunan mal\u00ee sermaye birikimi rejiminin k\u00fcreselle\u015ferek toplumlara egemen olmas\u0131na tan\u0131k olundu. Neo-liberal s\u00f6ylem, yeni bir s\u0131n\u0131f hegemonyas\u0131n\u0131n k\u00fcstah diliydi. H\u00e2kim ve d\u00fczenleyici piyasalar tehdidiyle, toplumun iktisad\u0131 denetleme ve y\u00f6nlendirme talepleri bast\u0131r\u0131l\u0131p, susturulmaya \u00e7al\u0131\u015f\u0131ld\u0131. Kitapta toplanan yaz\u0131lar\u0131nda \u0130nsel, bu yeni hegemonyan\u0131n olu\u015fumunu, dile getirdi\u011fi vaatleri ve bunlar\u0131n gizledi\u011fi ger\u00e7ekleri ele al\u0131yor. Yaz\u0131lar, ya\u015fanan bu s\u00fcre\u00e7 esnas\u0131nda bir kar\u015f\u0131 \u00e7\u0131k\u0131\u015f belgesi niteli\u011fi ta\u015f\u0131yor; neo-liberalizmin etkisinin azald\u0131\u011f\u0131, kar\u015f\u0131 hareketlerin geli\u015fti\u011fi bu d\u00f6nemde bu k\u00e2bustan uyanmak i\u00e7in yeniden okunmay\u0131 hakediyor. \ufffcTan\u0131t\u0131m Metni<\/p>\n","protected":false},"excerpt":{"rendered":"<p>\u0130ktisat ideolojisinin en dogmatik ve sald\u0131rgan mezhebini olu\u015fturan neo-liberalizm, 1980\u2019lerde bir \u00e7\u0131\u011f gibi t\u00fcm d\u00fcnyay\u0131 kaplad\u0131. Bu dalga kapitalizmde de ciddi d\u00f6n\u00fc\u015f\u00fcmlere yol a\u00e7t\u0131. Sosyal adalet<span class=\"excerpt-hellip\"> [\u2026]<\/span><\/p>\n","protected":false},"featured_media":0,"template":"","meta":{"_monsterinsights_skip_tracking":false,"_monsterinsights_sitenote_active":false,"_monsterinsights_sitenote_note":"","_monsterinsights_sitenote_category":0},"product_brand":[],"product_cat":[13596,12337],"product_tag":[],"class_list":{"0":"post-695718","1":"product","2":"type-product","3":"status-publish","5":"product_cat-avrupa-birligi","6":"product_cat-politika-siyaset","7":"pa_cilt-ciltsiz","8":"pa_tur-kitap","9":"pa_yayinevi-iletisim-yayinlari","10":"pa_yazar-ahmet-insel","12":"first","13":"instock","14":"sale","15":"shipping-taxable","16":"purchasable","17":"product-type-simple"},"_links":{"self":[{"href":"https:\/\/roveyayinevi.com.tr\/index.php\/wp-json\/wp\/v2\/product\/695718","targetHints":{"allow":["GET"]}}],"collection":[{"href":"https:\/\/roveyayinevi.com.tr\/index.php\/wp-json\/wp\/v2\/product"}],"about":[{"href":"https:\/\/roveyayinevi.com.tr\/index.php\/wp-json\/wp\/v2\/types\/product"}],"wp:attachment":[{"href":"https:\/\/roveyayinevi.com.tr\/index.php\/wp-json\/wp\/v2\/media?parent=695718"}],"wp:term":[{"taxonomy":"product_brand","embeddable":true,"href":"https:\/\/roveyayinevi.com.tr\/index.php\/wp-json\/wp\/v2\/product_brand?post=695718"},{"taxonomy":"product_cat","embeddable":true,"href":"https:\/\/roveyayinevi.com.tr\/index.php\/wp-json\/wp\/v2\/product_cat?post=695718"},{"taxonomy":"product_tag","embeddable":true,"href":"https:\/\/roveyayinevi.com.tr\/index.php\/wp-json\/wp\/v2\/product_tag?post=695718"}],"curies":[{"name":"wp","href":"https:\/\/api.w.org\/{rel}","templated":true}]}}