{"id":695714,"date":"2025-08-27T14:30:52","date_gmt":"2025-08-27T11:30:52","guid":{"rendered":"https:\/\/roveyayinevi.com.tr\/index.php\/urun\/hepiniz-suclusunuz\/"},"modified":"2026-04-16T02:05:44","modified_gmt":"2026-04-15T23:05:44","slug":"hepiniz-suclusunuz","status":"publish","type":"product","link":"https:\/\/roveyayinevi.com.tr\/index.php\/urun\/hepiniz-suclusunuz\/","title":{"rendered":"Hepiniz Su\u00e7lusunuz!"},"content":{"rendered":"<p>Askeri savc\u0131 bu iddianameyi s\u0131rf kelle istemek gerek\u00e7esiyle haz\u0131rlam\u0131\u015f, yanl\u0131\u015f tahliller ve ger\u00e7ek d\u0131\u015f\u0131 birtak\u0131m \u015feylerle kar\u015f\u0131m\u0131za gelmi\u015ftir. Biz yapt\u0131klar\u0131m\u0131z\u0131 ink\u00e2r etmiyoruz, fakat yapmad\u0131klar\u0131m\u0131z\u0131 da kabul etmiyoruz. Biz iddia edildi\u011fi gibi, anayasay\u0131 ihlal etmi\u015f de\u011filiz. Dost ve d\u00fc\u015fman, bunu iyi bilmelidir ki, hi\u00e7bir kar\u015f\u0131l\u0131k beklemeden varl\u0131\u011f\u0131m\u0131z\u0131 T\u00fcrkiye halklar\u0131na ve T\u00fcrkiye\u2019nin ba\u011f\u0131ms\u0131zl\u0131\u011f\u0131na adam\u0131\u015f kimseleriz. Kendimizi, bildi\u011fimiz yola arma\u011fan etmi\u015fizdir. <\/p>\n","protected":false},"excerpt":{"rendered":"<p>Askeri savc\u0131 bu iddianameyi s\u0131rf kelle istemek gerek\u00e7esiyle haz\u0131rlam\u0131\u015f, yanl\u0131\u015f tahliller ve ger\u00e7ek d\u0131\u015f\u0131 birtak\u0131m \u015feylerle kar\u015f\u0131m\u0131za gelmi\u015ftir. Biz yapt\u0131klar\u0131m\u0131z\u0131 ink\u00e2r etmiyoruz, fakat yapmad\u0131klar\u0131m\u0131z\u0131 da kabul<span class=\"excerpt-hellip\"> [\u2026]<\/span><\/p>\n","protected":false},"featured_media":0,"template":"","meta":{"_monsterinsights_skip_tracking":false,"_monsterinsights_sitenote_active":false,"_monsterinsights_sitenote_note":"","_monsterinsights_sitenote_category":0},"product_brand":[],"product_cat":[12370,12304],"product_tag":[],"class_list":{"0":"post-695714","1":"product","2":"type-product","3":"status-publish","5":"product_cat-arastirma-inceleme","6":"product_cat-tarih","7":"pa_tur-kitap","8":"pa_yayinevi-cumhuriyet-kitaplari","9":"pa_yazar-burhan-dodanli","11":"first","12":"instock","13":"sale","14":"shipping-taxable","15":"purchasable","16":"product-type-simple"},"_links":{"self":[{"href":"https:\/\/roveyayinevi.com.tr\/index.php\/wp-json\/wp\/v2\/product\/695714","targetHints":{"allow":["GET"]}}],"collection":[{"href":"https:\/\/roveyayinevi.com.tr\/index.php\/wp-json\/wp\/v2\/product"}],"about":[{"href":"https:\/\/roveyayinevi.com.tr\/index.php\/wp-json\/wp\/v2\/types\/product"}],"wp:attachment":[{"href":"https:\/\/roveyayinevi.com.tr\/index.php\/wp-json\/wp\/v2\/media?parent=695714"}],"wp:term":[{"taxonomy":"product_brand","embeddable":true,"href":"https:\/\/roveyayinevi.com.tr\/index.php\/wp-json\/wp\/v2\/product_brand?post=695714"},{"taxonomy":"product_cat","embeddable":true,"href":"https:\/\/roveyayinevi.com.tr\/index.php\/wp-json\/wp\/v2\/product_cat?post=695714"},{"taxonomy":"product_tag","embeddable":true,"href":"https:\/\/roveyayinevi.com.tr\/index.php\/wp-json\/wp\/v2\/product_tag?post=695714"}],"curies":[{"name":"wp","href":"https:\/\/api.w.org\/{rel}","templated":true}]}}