{"id":695712,"date":"2025-08-27T14:30:52","date_gmt":"2025-08-27T11:30:52","guid":{"rendered":"https:\/\/roveyayinevi.com.tr\/index.php\/urun\/tum-hastaliklarin-sahi\/"},"modified":"2026-04-16T02:05:44","modified_gmt":"2026-04-15T23:05:44","slug":"tum-hastaliklarin-sahi","status":"publish","type":"product","link":"https:\/\/roveyayinevi.com.tr\/index.php\/urun\/tum-hastaliklarin-sahi\/","title":{"rendered":"T\u00fcm Hastal\u0131klar\u0131n \u015eah\u0131"},"content":{"rendered":"<p>Kanserin Biyografisi T\u00fcm Hastal\u0131klar\u0131n \u015eah\u0131 derin bir tutkuyla kaleme al\u0131nm\u0131\u015f, muhte\u015fem bir kanser &#8220;biyografisi&#8221;: Belgelerde ortaya \u00e7\u0131kmaya ba\u015flad\u0131\u011f\u0131 binlerce y\u0131l \u00f6ncesinden onu tedavi etmek, kontrol alt\u0131nda tutmak ve yenmek i\u00e7in destans\u0131 bir m\u00fccadelenin verildi\u011fi 20. y\u00fczy\u0131la ve nihayet \u00f6z\u00fcyle ilgili yepyeni ve k\u00f6kten bir anlay\u0131\u015fa ula\u015f\u0131ld\u0131\u011f\u0131 g\u00fcn\u00fcm\u00fcze\u2026 Kanserin \u00f6yk\u00fcs\u00fc, insan yarat\u0131c\u0131l\u0131\u011f\u0131n\u0131n, direncinin ve azminin \u00f6yk\u00fcs\u00fc oldu\u011fu kadar kibrin, paternalizmin ve yanl\u0131\u015f alg\u0131laman\u0131n da \u00f6yk\u00fcs\u00fcd\u00fcr. Mukherjee kitab\u0131nda, inan\u0131lmaz \u00f6l\u00e7\u00fcde becerikli ve s\u0131n\u0131rs\u0131z kayna\u011fa sahip bir d\u00fc\u015fmana kar\u015f\u0131 s\u00fcrekli uyan\u0131k kalmak durumunda olmu\u015f selefleri ve \u00e7a\u011fda\u015flar\u0131n\u0131n g\u00f6z\u00fcyle, y\u00fczy\u0131llar boyunca kar\u015f\u0131la\u015f\u0131lan engeller, kazan\u0131lan zaferler ve \u00f6l\u00fcmlerin hik\u00e2yesini anlat\u0131yor. Kitap kanserin ba\u015fkahraman konumunda oldu\u011fu bir macera roman\u0131 gibi ak\u0131yor. T\u00fcm Hastal\u0131klar\u0131n \u015eah\u0131, k\u00f6t\u00fc huylu t\u00fcm\u00f6r\u00fc olas\u0131l\u0131kla Yunanl\u0131 k\u00f6lesi taraf\u0131ndan \u00e7\u0131kar\u0131lm\u0131\u015f Pers Krali\u00e7esi Atossa&#8217;dan, ilkel radyasyon terapisi ve kemoterapi y\u00f6ntemlerine maruz kalan 19. y\u00fczy\u0131l hastalar\u0131na, hatta Mukherjee&#8217;nin kendi l\u00f6semi hastas\u0131 Carla&#8217;ya kadar, hayatta kalabilmek i\u00e7in h\u0131rpalay\u0131c\u0131 tedavi programlar\u0131n\u0131 cesaretle s\u00fcrd\u00fcren ve bu ikonla\u015fm\u0131\u015f hastal\u0131kla ilgili anlay\u0131\u015f\u0131m\u0131z\u0131 geli\u015ftirmek i\u00e7in m\u00fccadele veren insanlar hakk\u0131nda. T\u00fcm Hastal\u0131klar\u0131n \u015eah\u0131, kanserin gizemini \u00e7\u00f6zme pe\u015findeki insanlara umut ve berrakl\u0131k sa\u011flayan, b\u00fcy\u00fcleyici, s\u00fcr\u00fckleyici ve fazlas\u0131yla \u00f6nemli bir kitap. &#8220;Son 100 Y\u0131l\u0131n En \u0130yi 100 Kitab\u0131&#8221;Ndan Biri&#8221;  Time&#8221;G\u00fc\u00e7l\u00fc ve iddial\u0131\u2026 T\u0131p tarihindeki en ola\u011fan\u00fcst\u00fc \u00f6yk\u00fclerden biri.&#8221; &#8211; The New York Times Book Review &#8220;Pop\u00fcler bilim&#8217; kavram\u0131, b\u00f6ylesi bir ba\u015far\u0131y\u0131 a\u00e7\u0131klamaktan \u00e7ok uzak; \u00e7\u00fcnk\u00fc bu, bir edebiyat eseri ayn\u0131 zamanda.&#8221;  ObserverT\u00fcm Hastal\u0131klar\u0131n \u015eah\u0131, ola\u011fan\u00fcst\u00fc bir ba\u015far\u0131. Modern bilim ve teknolojinin herhangi bir alan\u0131n\u0131 b\u00f6ylesine zekice ve tutkuyla betimleyip b\u00f6ylesine anla\u015f\u0131l\u0131r k\u0131lan fazla say\u0131da kitap oldu\u011funu s\u00f6ylemek g\u00fc\u00e7.&#8221;  The New Yorker&#8221; [Mukherjee] bilimi yaln\u0131zca anla\u015f\u0131labilir de\u011fil, nefes kesici hale de getiriyor\u2026 Kendini ister istemez okutturan, beklenmeyecek \u00f6l\u00e7\u00fcde moral verici ve canl\u0131 bir \u00f6yk\u00fc bu.&#8221;  O, The Oprah Magazine&#8221;T\u00fcm Hastal\u0131klar\u0131n \u015eah\u0131 beni nefessiz b\u0131rakt\u0131 ama kitap bitti\u011finde hisseti\u011fim \u015fey umutsuzluk de\u011fildi. Eski d\u00fc\u015fman\u0131m\u0131z kanserin art\u0131k bir y\u00fcz\u00fc var.&#8221;  Emma Donoghue, Man Booker Finalisti Oda&#8217;n\u0131n yazar\u0131 <\/p>\n","protected":false},"excerpt":{"rendered":"<p>Kanserin Biyografisi T\u00fcm Hastal\u0131klar\u0131n \u015eah\u0131 derin bir tutkuyla kaleme al\u0131nm\u0131\u015f, muhte\u015fem bir kanser &#8220;biyografisi&#8221;: Belgelerde ortaya \u00e7\u0131kmaya ba\u015flad\u0131\u011f\u0131 binlerce y\u0131l \u00f6ncesinden onu tedavi etmek, kontrol alt\u0131nda<span class=\"excerpt-hellip\"> [\u2026]<\/span><\/p>\n","protected":false},"featured_media":0,"template":"","meta":{"_monsterinsights_skip_tracking":false,"_monsterinsights_sitenote_active":false,"_monsterinsights_sitenote_note":"","_monsterinsights_sitenote_category":0},"product_brand":[],"product_cat":[13365,20549],"product_tag":[],"class_list":{"0":"post-695712","1":"product","2":"type-product","3":"status-publish","5":"product_cat-saglik","6":"product_cat-saglik-iletisimi","7":"pa_cilt-ciltsiz","8":"pa_tur-kitap","9":"pa_yayinevi-domingo-yayinevi","10":"pa_yazar-siddhartha-mukherjee","12":"first","13":"instock","14":"sale","15":"shipping-taxable","16":"purchasable","17":"product-type-simple"},"_links":{"self":[{"href":"https:\/\/roveyayinevi.com.tr\/index.php\/wp-json\/wp\/v2\/product\/695712","targetHints":{"allow":["GET"]}}],"collection":[{"href":"https:\/\/roveyayinevi.com.tr\/index.php\/wp-json\/wp\/v2\/product"}],"about":[{"href":"https:\/\/roveyayinevi.com.tr\/index.php\/wp-json\/wp\/v2\/types\/product"}],"wp:attachment":[{"href":"https:\/\/roveyayinevi.com.tr\/index.php\/wp-json\/wp\/v2\/media?parent=695712"}],"wp:term":[{"taxonomy":"product_brand","embeddable":true,"href":"https:\/\/roveyayinevi.com.tr\/index.php\/wp-json\/wp\/v2\/product_brand?post=695712"},{"taxonomy":"product_cat","embeddable":true,"href":"https:\/\/roveyayinevi.com.tr\/index.php\/wp-json\/wp\/v2\/product_cat?post=695712"},{"taxonomy":"product_tag","embeddable":true,"href":"https:\/\/roveyayinevi.com.tr\/index.php\/wp-json\/wp\/v2\/product_tag?post=695712"}],"curies":[{"name":"wp","href":"https:\/\/api.w.org\/{rel}","templated":true}]}}