{"id":695710,"date":"2025-08-27T14:30:51","date_gmt":"2025-08-27T11:30:51","guid":{"rendered":"https:\/\/roveyayinevi.com.tr\/index.php\/urun\/olagan-psikopatlar-ermisler-casuslar-ve-seri-katillerden-hayat-dersleri\/"},"modified":"2026-04-16T02:05:43","modified_gmt":"2026-04-15T23:05:43","slug":"olagan-psikopatlar-ermisler-casuslar-ve-seri-katillerden-hayat-dersleri","status":"publish","type":"product","link":"https:\/\/roveyayinevi.com.tr\/index.php\/urun\/olagan-psikopatlar-ermisler-casuslar-ve-seri-katillerden-hayat-dersleri\/","title":{"rendered":"Ola\u011fan Psikopatlar Ermi\u015fler, Casuslar ve Seri Katillerden Hayat Dersleri"},"content":{"rendered":"<p>Psikopat. Bu kelimeyi duyar duymaz katiller, sap\u0131klar, intihar bombac\u0131lar\u0131 \u00fc\u015f\u00fc\u015f\u00fcyor zihnimize. Ama filmlerdeki emsallerinin aksine, ger\u00e7ek hayatta her psikopat \u015fiddet yanl\u0131s\u0131 veya su\u00e7a meyilli de\u011fil. Yeni ara\u015ft\u0131rmalar her on CEO\u2019dan birinin psikopat oldu\u011funu s\u00f6yl\u00fcyor. G\u00fclerek Bilmem mi! diyorsan\u0131z ekleyelim; cerrahlar, avukatlar, gazeteciler ve politikac\u0131lar aras\u0131nda da psikopatl\u0131k hayli ola\u011fan. Psikopatlar\u0131n d\u00fcnyas\u0131na yapaca\u011f\u0131n\u0131z bu afallat\u0131c\u0131 yolculukta, Oxford \u00dcniversitesi\u2019nden Prof. Kevin Dutton, psikopatik e\u011filimlerin insan\u0131n do\u011fas\u0131nda oldu\u011funu ortaya koyarken, toplumun da daha \u00f6nce hi\u00e7 olmad\u0131\u011f\u0131 kadar psikopatla\u015ft\u0131\u011f\u0131n\u0131 savunuyor. Zira korkusuzluk, kendine g\u00fcven, cazibe, ac\u0131mas\u0131zl\u0131k ve odakl\u0131l\u0131k gibi psikopatlarda \u00f6ne \u00e7\u0131kan \u00f6zellikler 21. y\u00fczy\u0131lda ba\u015far\u0131 kelimesinin \u00fczerine terzinin dikti\u011fi ceket gibi oturuyor. Kevin Dutton, y\u00fcksek g\u00fcvenlikli hastanelerin psikopati ko\u011fu\u015flar\u0131, Budist tap\u0131naklar\u0131 kapaktaki ermi\u015f kelimesi maalesef nedensiz kullan\u0131lmad\u0131 ve komando e\u011fitim kamplar\u0131 gibi yaln\u0131z \u00f6zel izinle girilebilen s\u0131ra d\u0131\u015f\u0131 yerlerde sayesinde bizzat yapt\u0131\u011f\u0131 g\u00f6zlemleri, beyin taramas\u0131 gibi geli\u015fmi\u015f y\u00f6ntemler ve benzeri bilimsel ara\u015ft\u0131rmalarla harmanlayarak, ba\u015far\u0131l\u0131 bir cerrahla seri katil aras\u0131ndaki \u00e7izginin asl\u0131nda nas\u0131l da ipince oldu\u011funu g\u00f6zlerimizin \u00f6n\u00fcne seriyor. Her sayfas\u0131 k\u0131\u015fk\u0131rt\u0131c\u0131 \u00f6nermelerle dolu Ola\u011fan Psikopatlar, bizi o hep hor g\u00f6rd\u00fc\u011f\u00fcm\u00fcz, ama yeri geldi\u011finde faydalanmaktan da \u00e7ekinmedi\u011fimiz karanl\u0131k yan\u0131m\u0131z ile tan\u0131\u015ft\u0131r\u0131yor. <\/p>\n","protected":false},"excerpt":{"rendered":"<p>Psikopat. Bu kelimeyi duyar duymaz katiller, sap\u0131klar, intihar bombac\u0131lar\u0131 \u00fc\u015f\u00fc\u015f\u00fcyor zihnimize. Ama filmlerdeki emsallerinin aksine, ger\u00e7ek hayatta her psikopat \u015fiddet yanl\u0131s\u0131 veya su\u00e7a meyilli de\u011fil. Yeni<span class=\"excerpt-hellip\"> [\u2026]<\/span><\/p>\n","protected":false},"featured_media":0,"template":"","meta":{"_monsterinsights_skip_tracking":false,"_monsterinsights_sitenote_active":false,"_monsterinsights_sitenote_note":"","_monsterinsights_sitenote_category":0},"product_brand":[],"product_cat":[12358,12357],"product_tag":[],"class_list":{"0":"post-695710","1":"product","2":"type-product","3":"status-publish","5":"product_cat-genel-psikoloji","6":"product_cat-psikoloji","7":"pa_cilt-ciltsiz","8":"pa_tur-kitap","9":"pa_yayinevi-domingo-yayinevi","10":"pa_yazar-kevin-dutton","12":"first","13":"instock","14":"sale","15":"shipping-taxable","16":"purchasable","17":"product-type-simple"},"_links":{"self":[{"href":"https:\/\/roveyayinevi.com.tr\/index.php\/wp-json\/wp\/v2\/product\/695710","targetHints":{"allow":["GET"]}}],"collection":[{"href":"https:\/\/roveyayinevi.com.tr\/index.php\/wp-json\/wp\/v2\/product"}],"about":[{"href":"https:\/\/roveyayinevi.com.tr\/index.php\/wp-json\/wp\/v2\/types\/product"}],"wp:attachment":[{"href":"https:\/\/roveyayinevi.com.tr\/index.php\/wp-json\/wp\/v2\/media?parent=695710"}],"wp:term":[{"taxonomy":"product_brand","embeddable":true,"href":"https:\/\/roveyayinevi.com.tr\/index.php\/wp-json\/wp\/v2\/product_brand?post=695710"},{"taxonomy":"product_cat","embeddable":true,"href":"https:\/\/roveyayinevi.com.tr\/index.php\/wp-json\/wp\/v2\/product_cat?post=695710"},{"taxonomy":"product_tag","embeddable":true,"href":"https:\/\/roveyayinevi.com.tr\/index.php\/wp-json\/wp\/v2\/product_tag?post=695710"}],"curies":[{"name":"wp","href":"https:\/\/api.w.org\/{rel}","templated":true}]}}