{"id":695709,"date":"2025-08-27T14:30:51","date_gmt":"2025-08-27T11:30:51","guid":{"rendered":"https:\/\/roveyayinevi.com.tr\/index.php\/urun\/isinlanma-kazasi\/"},"modified":"2026-04-16T02:05:43","modified_gmt":"2026-04-15T23:05:43","slug":"isinlanma-kazasi","status":"publish","type":"product","link":"https:\/\/roveyayinevi.com.tr\/index.php\/urun\/isinlanma-kazasi\/","title":{"rendered":"I\u015f\u0131nlanma Kazas\u0131"},"content":{"rendered":"<p>Boks\u00f6r B\u00f6cek\u2019in yazar\u0131ndan 2012 Man Booker \u00d6d\u00fcl\u00fc Aday\u0131 Siz ak\u015famdan kalmayken, tarih yaz\u0131ld\u0131 tarih! Uzun zaman seks yapmay\u0131nca, ba\u015f\u0131na gelebilecek en k\u00f6t\u00fc \u015fey buymu\u015f gibi gelir insana. H\u00e2lbuki 1930\u2019larda Almanya\u2019da ya\u015f\u0131yorsan\u0131z, g\u00f6rebilece\u011finiz en k\u00f6t\u00fc \u015fey b\u00fcy\u00fck ihtimalle bu de\u011fildir. Ancak tarihsel ger\u00e7ekler bile Egon Loeser i\u00e7in teselli olamad\u0131; cinsel talihsizlikleri onu Berlin\u2019in deneysel tiyatro sahnesinden Paris\u2019in absent barlar\u0131na, oradan da Los Angeles\u2019\u0131n fizik laboratuvarlar\u0131na savururken kahraman\u0131m\u0131z \u015fu iki gizemi \u00e7\u00f6zme pe\u015findeydi: R\u00f6nesans d\u00f6neminin en b\u00fcy\u00fck sahne tasar\u0131mc\u0131s\u0131 ve ayn\u0131 zamanda Loeser\u2019\u0131n idol\u00fc olan Adriano Lavicini, \u015eeytan\u2019la girdi\u011fi i\u015fbirli\u011fi sonucu mu \u00f6lm\u00fc\u015ft\u00fc ve Loeser gibi yak\u0131\u015f\u0131kl\u0131, ak\u0131ll\u0131, ho\u015f, m\u00fctevaz\u0131 biri neden, k\u0131rk y\u0131lda bir de olsa, biriyle yatmay\u0131 beceremiyordu? Boks\u00f6r B\u00f6cek\u2019in yazar\u0131ndan, &#8220;i\u00e7inde oldu\u011fu d\u00f6nemin fark\u0131nda olmayan&#8221; bir tarihsel roman geliyor. Bu ayn\u0131 zamanda bir kara roman, ama \u0131\u015f\u0131klar\u0131 sonuna dek a\u00e7\u0131yor. Bir a\u015fk roman\u0131, ama romantik ak\u015fam yeme\u011fine sarho\u015f geliyor. Bir bilimkurgu roman\u0131, ama &#8220;izotop&#8221;un ne oldu\u011funu hat\u0131rlayam\u0131yor. Seks hakk\u0131nda, \u015fiddet hakk\u0131nda, uzay-zaman hakk\u0131nda, tarihle ba\u015fa \u00e7\u0131kman\u0131n en g\u00fczel yolunun onu g\u00f6rmezden gelmek oldu\u011fu iddias\u0131nda, sonunu tahmin bile edemeyece\u011finiz, son derece komik bir roman.<\/p>\n","protected":false},"excerpt":{"rendered":"<p>Boks\u00f6r B\u00f6cek\u2019in yazar\u0131ndan 2012 Man Booker \u00d6d\u00fcl\u00fc Aday\u0131 Siz ak\u015famdan kalmayken, tarih yaz\u0131ld\u0131 tarih! Uzun zaman seks yapmay\u0131nca, ba\u015f\u0131na gelebilecek en k\u00f6t\u00fc \u015fey buymu\u015f gibi gelir<span class=\"excerpt-hellip\"> [\u2026]<\/span><\/p>\n","protected":false},"featured_media":0,"template":"","meta":{"_monsterinsights_skip_tracking":false,"_monsterinsights_sitenote_active":false,"_monsterinsights_sitenote_note":"","_monsterinsights_sitenote_category":0},"product_brand":[],"product_cat":[12291,12711],"product_tag":[],"class_list":{"0":"post-695709","1":"product","2":"type-product","3":"status-publish","5":"product_cat-edebiyat","6":"product_cat-roman-oyku","7":"pa_cilt-ciltsiz","8":"pa_tur-kitap","9":"pa_yayinevi-domingo-yayinevi","10":"pa_yazar-ned-beauman","12":"first","13":"instock","14":"sale","15":"shipping-taxable","16":"purchasable","17":"product-type-simple"},"_links":{"self":[{"href":"https:\/\/roveyayinevi.com.tr\/index.php\/wp-json\/wp\/v2\/product\/695709","targetHints":{"allow":["GET"]}}],"collection":[{"href":"https:\/\/roveyayinevi.com.tr\/index.php\/wp-json\/wp\/v2\/product"}],"about":[{"href":"https:\/\/roveyayinevi.com.tr\/index.php\/wp-json\/wp\/v2\/types\/product"}],"wp:attachment":[{"href":"https:\/\/roveyayinevi.com.tr\/index.php\/wp-json\/wp\/v2\/media?parent=695709"}],"wp:term":[{"taxonomy":"product_brand","embeddable":true,"href":"https:\/\/roveyayinevi.com.tr\/index.php\/wp-json\/wp\/v2\/product_brand?post=695709"},{"taxonomy":"product_cat","embeddable":true,"href":"https:\/\/roveyayinevi.com.tr\/index.php\/wp-json\/wp\/v2\/product_cat?post=695709"},{"taxonomy":"product_tag","embeddable":true,"href":"https:\/\/roveyayinevi.com.tr\/index.php\/wp-json\/wp\/v2\/product_tag?post=695709"}],"curies":[{"name":"wp","href":"https:\/\/api.w.org\/{rel}","templated":true}]}}