{"id":695708,"date":"2025-08-27T14:30:51","date_gmt":"2025-08-27T11:30:51","guid":{"rendered":"https:\/\/roveyayinevi.com.tr\/index.php\/urun\/politika-ve-sorumluluk\/"},"modified":"2026-04-16T02:05:43","modified_gmt":"2026-04-15T23:05:43","slug":"politika-ve-sorumluluk","status":"publish","type":"product","link":"https:\/\/roveyayinevi.com.tr\/index.php\/urun\/politika-ve-sorumluluk\/","title":{"rendered":"Politika ve Sorumluluk"},"content":{"rendered":"<p>D\u00fcnyan\u0131n gidi\u015fat\u0131na m\u00fcdahil olma istemi anlam\u0131nda politikan\u0131n irtifa kaybetti\u011fi zamanlardan ge\u00e7iyoruz. Neoliberalizm \u201c\u00e7a\u011f\u0131nda\u201d iktisadi ak\u0131l, politik olan\u0131 geriletiyor, suland\u0131r\u0131yor. Politik d\u00fc\u015f\u00fcncenin ve eylemin ak\u0131\u015f\u0131na ket vuran bu s\u00fcre\u00e7, politikan\u0131n al\u00e2metifarikas\u0131 olan kar\u015f\u0131l\u0131kl\u0131 konu\u015fman\u0131n ve dinlemenin imk\u00e2ns\u0131zla\u015ft\u0131\u011f\u0131 bir e\u015fi\u011fi zorlamakta. \u0130\u00e7ine s\u00fcr\u00fcklendi\u011fi bu darbo\u011fazdan \u00e7ekip alabilmek i\u00e7in politikay\u0131 yeniden d\u00fc\u015f\u00fcnmeye ihtiya\u00e7 var. Nilg\u00fcn Toker K\u0131l\u0131n\u00e7\u2019\u0131n bu kitapta bir araya gelen yaz\u0131lar\u0131n\u0131n amac\u0131 da tam olarak bu: Politikay\u0131 d\u00fc\u015f\u00fcnmeye, politikay\u0131 dert etmeye davet!Bu davete damgas\u0131n\u0131 vuran bir saik, \u201cadalet\u201d nosyonudur. Hayat\u0131n zapturapt alt\u0131na al\u0131nd\u0131\u011f\u0131, s\u00f6ylemlerin istikrars\u0131zla\u015ft\u0131\u011f\u0131, haz\u0131r kal\u0131plar\u0131n d\u00fc\u015f\u00fcnce ve eylemin i\u00e7ini bo\u015faltt\u0131\u011f\u0131 bir zamanda politikay\u0131 d\u00fc\u015f\u00fcnmek, Nilg\u00fcn Toker K\u0131l\u0131n\u00e7\u2019a g\u00f6re, ayn\u0131 zamanda adalet \u00fczerine d\u00fc\u015f\u00fcnmektir. \u201c\u00d6zg\u00fcrl\u00fck\u201d, adaleti yeniden d\u00fc\u015f\u00fcnmek ve in\u015fa etmekle m\u00fcmk\u00fcnd\u00fcr. Adalet politikan\u0131n kurucu ilkesi olarak bir arada ya\u015fama arzusunun da asli dayana\u011f\u0131d\u0131r. Adil bir toplumda, \u00f6zg\u00fcr bir birey olarak, di\u011fer insanlarla bir arada ya\u015fama ko\u015fulunun sorumlulukla olan ba\u011flant\u0131s\u0131, politikay\u0131 \u201csorumluluk\u201d temelinde d\u00fc\u015f\u00fcnmeye te\u015fvik edecektir.\u201cE\u015fitlik\u201d, \u201cd\u00fcnya\u201d, \u201chak\u201d, \u201c\u00f6zg\u00fcrl\u00fck\u201d, \u201ceylem\u201d, \u201cadalet\u201d gibi temel kavramlar\u0131n sorumluluk duygusuyla anlam kazanmas\u0131, politikan\u0131n bug\u00fcn neredeyse unutulmu\u015f olan \u201cetik\u201d boyutunu da g\u00f6zler \u00f6n\u00fcne serer: D\u00fcnyaya kar\u015f\u0131 insan olmam\u0131z hasebiyle sorumluyuzdur. Nilg\u00fcn Toker K\u0131l\u0131n\u00e7\u2019\u0131n umutlu sesinde, bu sorumluluk bilinci yank\u0131lan\u0131yor. <\/p>\n","protected":false},"excerpt":{"rendered":"<p>D\u00fcnyan\u0131n gidi\u015fat\u0131na m\u00fcdahil olma istemi anlam\u0131nda politikan\u0131n irtifa kaybetti\u011fi zamanlardan ge\u00e7iyoruz. Neoliberalizm \u201c\u00e7a\u011f\u0131nda\u201d iktisadi ak\u0131l, politik olan\u0131 geriletiyor, suland\u0131r\u0131yor. Politik d\u00fc\u015f\u00fcncenin ve eylemin ak\u0131\u015f\u0131na ket vuran<span class=\"excerpt-hellip\"> [\u2026]<\/span><\/p>\n","protected":false},"featured_media":0,"template":"","meta":{"_monsterinsights_skip_tracking":false,"_monsterinsights_sitenote_active":false,"_monsterinsights_sitenote_note":"","_monsterinsights_sitenote_category":0},"product_brand":[],"product_cat":[12351,12324],"product_tag":[],"class_list":{"0":"post-695708","1":"product","2":"type-product","3":"status-publish","5":"product_cat-siyaset-sosyolojisi","6":"product_cat-sosyoloji","7":"pa_cilt-ciltsiz","8":"pa_tur-kitap","9":"pa_yayinevi-iletisim-yayinlari","10":"pa_yazar-nilgun-toker-kilinc","12":"first","13":"instock","14":"sale","15":"shipping-taxable","16":"purchasable","17":"product-type-simple"},"_links":{"self":[{"href":"https:\/\/roveyayinevi.com.tr\/index.php\/wp-json\/wp\/v2\/product\/695708","targetHints":{"allow":["GET"]}}],"collection":[{"href":"https:\/\/roveyayinevi.com.tr\/index.php\/wp-json\/wp\/v2\/product"}],"about":[{"href":"https:\/\/roveyayinevi.com.tr\/index.php\/wp-json\/wp\/v2\/types\/product"}],"wp:attachment":[{"href":"https:\/\/roveyayinevi.com.tr\/index.php\/wp-json\/wp\/v2\/media?parent=695708"}],"wp:term":[{"taxonomy":"product_brand","embeddable":true,"href":"https:\/\/roveyayinevi.com.tr\/index.php\/wp-json\/wp\/v2\/product_brand?post=695708"},{"taxonomy":"product_cat","embeddable":true,"href":"https:\/\/roveyayinevi.com.tr\/index.php\/wp-json\/wp\/v2\/product_cat?post=695708"},{"taxonomy":"product_tag","embeddable":true,"href":"https:\/\/roveyayinevi.com.tr\/index.php\/wp-json\/wp\/v2\/product_tag?post=695708"}],"curies":[{"name":"wp","href":"https:\/\/api.w.org\/{rel}","templated":true}]}}