{"id":695706,"date":"2025-08-27T14:30:50","date_gmt":"2025-08-27T11:30:50","guid":{"rendered":"https:\/\/roveyayinevi.com.tr\/index.php\/urun\/sisters-kardesler\/"},"modified":"2026-04-16T02:05:43","modified_gmt":"2026-04-15T23:05:43","slug":"sisters-kardesler","status":"publish","type":"product","link":"https:\/\/roveyayinevi.com.tr\/index.php\/urun\/sisters-kardesler\/","title":{"rendered":"Sisters Karde\u015fler"},"content":{"rendered":"<p>2011 Man Booker \u00d6d\u00fcl\u00fc FinalistiGovernor General&#8217;s Edebiyat \u00d6d\u00fcl\u00fcRogers Wr\u0131ters&#8217; Trust Roman \u00d6d\u00fcl\u00fcG\u0131ller \u00d6d\u00fcl\u00fc FinalistiY\u0131l\u0131n En \u0130yi Kitab\u0131 -Amazon.CaY\u0131l\u0131n En \u0130yi Romanlar\u0131 Se\u00e7kisi &#8211; Wash\u0131ngton PostHermann Kermit \u00f6lecek. Commodore emri verdi, Eli ve Charlie Sisters karde\u015fler gerekeni yapacak. Alt\u0131na h\u00fccum Amerikas\u0131&#8217;n\u0131n \u015f\u00f6hretli tetik\u00e7ileri onlar. \u00d6ld\u00fcrmek Charlie&#8217;nin do\u011fas\u0131nda var; sevdi\u011fi i\u015fi yap\u0131yor. Eli ise fazla geveze bir vicdana sahip bir katil i\u00e7in. &#8220;Belki ba\u015fka t\u00fcrl\u00fc bir hayat m\u00fcmk\u00fcnd\u00fcr?&#8221; Bu soru d\u00f6n\u00fcp duruyor Eli&#8217;\u0131n zihninde, Kermit&#8217;in izinde Kaliforniya&#8217;daki alt\u0131n madenlerine do\u011fru yolculuklar\u0131 boyunca. Art\u0131k emin, bu onun son i\u015fi olacak. Hermann Kermit herhangi bir i\u015f olsayd\u0131 ke\u015fke. Ele\u015ftirmenler taraf\u0131ndan ge\u00e7ti\u011fimiz y\u0131l\u0131n en iyi kitaplar\u0131ndan biri kabul edilen Sisters Karde\u015fler, tam Coen Karde\u015fler&#8217;in yazaca\u011f\u0131 t\u00fcrden bir Western; garip, ha\u015fin, \u00e7\u0131plak, komik, \u00fcz\u00fcc\u00fc insan do\u011fas\u0131n\u0131 s\u00fcslemeden, saklamadan, oldu\u011fu gibi sergiliyor. Patrick deWitt, birbirlerine kan, \u015fiddet ve sevgiyle ba\u011fl\u0131 iki karde\u015fin \u00f6yk\u00fcs\u00fcn\u00fc muhte\u015fem bir \u00fcslupla aktar\u0131yor.&#8221;&#8230;Ger\u00e7ekten, bir \u00e7ift psikopata b\u00f6ylesine tutuldu\u011fumu hat\u0131rlam\u0131yorum.&#8221; David Wroblewski &#8220;Dewitt, t\u0131pk\u0131 Tarantino gibi kan\u0131 komik k\u0131lmay\u0131 biliyor ve t\u0131pk\u0131 Mark Twain gibi okurun iyi bir anlat\u0131c\u0131n\u0131n ki\u015fisel ar\u0131zalar\u0131n\u0131 g\u00f6zard\u0131 etmeye haz\u0131r oldu\u011funun fark\u0131nda.&#8221; Esquire&#8221;Ba\u015fta Sisters Karde\u015fler&#8217;i b\u00f6ylesine farkl\u0131 yapan\u0131n ne oldu\u011funu isimlendiremedim. Ta ki kendimi aynada g\u00fcl\u00fcmserken yakalayana dek.&#8221;  Big Issue&#8221;Bir ziyafet&#8230; Her \u015feyiyle \u00f6zg\u00fcn ve ilahi bir bi\u00e7imde e\u011flenceli. Sisters Karde\u015fler ilk sayfas\u0131ndan sizi ba\u011flay\u0131p, g\u00fcn\u00fcn batt\u0131\u011f\u0131n\u0131 farkettirmeyen kitaplardan.&#8221;  Boston Globe&#8221;Patrick deWitt&#8217;in anlat\u0131c\u0131s\u0131 &#8211; vicdan sahibi, melankolik bir kiral\u0131k katil. D?hiyane ve unutulmayacak bir karakter.&#8221;  Tom Perrotta&#8221;Tuhaf bir \u015fekilde komik, insan\u0131 sarsan t\u00fcrden vah\u015fetli ve geri planda hep bir h\u00fcz\u00fcn \u2026 T\u00fcm bunlar\u0131 ba\u015faran ise \u00f6yk\u00fcy\u00fc biraz melankoli, biraz efk\u00e2rla anlatan Eli Sisters; Sisters Karde\u015fler onun sayesinde elinizden d\u00fc\u015f\u00fcremeyece\u011finiz bir esere d\u00f6n\u00fc\u015f\u00fcyor\u2026 mucizevi g\u00fczellikteki alacakaranl\u0131k sahnesi afallat\u0131yor.&#8221; Washington Post <\/p>\n","protected":false},"excerpt":{"rendered":"<p>2011 Man Booker \u00d6d\u00fcl\u00fc FinalistiGovernor General&#8217;s Edebiyat \u00d6d\u00fcl\u00fcRogers Wr\u0131ters&#8217; Trust Roman \u00d6d\u00fcl\u00fcG\u0131ller \u00d6d\u00fcl\u00fc FinalistiY\u0131l\u0131n En \u0130yi Kitab\u0131 -Amazon.CaY\u0131l\u0131n En \u0130yi Romanlar\u0131 Se\u00e7kisi &#8211; Wash\u0131ngton PostHermann Kermit<span class=\"excerpt-hellip\"> [\u2026]<\/span><\/p>\n","protected":false},"featured_media":0,"template":"","meta":{"_monsterinsights_skip_tracking":false,"_monsterinsights_sitenote_active":false,"_monsterinsights_sitenote_note":"","_monsterinsights_sitenote_category":0},"product_brand":[],"product_cat":[12718,18102,12719],"product_tag":[],"class_list":{"0":"post-695706","1":"product","2":"type-product","3":"status-publish","5":"product_cat-din","6":"product_cat-edebiyat-roman","7":"product_cat-islam","8":"pa_cilt-ciltsiz","9":"pa_tur-kitap","10":"pa_yayinevi-domingo-yayinevi","11":"pa_yazar-patrick-dewitt","13":"first","14":"instock","15":"sale","16":"shipping-taxable","17":"purchasable","18":"product-type-simple"},"_links":{"self":[{"href":"https:\/\/roveyayinevi.com.tr\/index.php\/wp-json\/wp\/v2\/product\/695706","targetHints":{"allow":["GET"]}}],"collection":[{"href":"https:\/\/roveyayinevi.com.tr\/index.php\/wp-json\/wp\/v2\/product"}],"about":[{"href":"https:\/\/roveyayinevi.com.tr\/index.php\/wp-json\/wp\/v2\/types\/product"}],"wp:attachment":[{"href":"https:\/\/roveyayinevi.com.tr\/index.php\/wp-json\/wp\/v2\/media?parent=695706"}],"wp:term":[{"taxonomy":"product_brand","embeddable":true,"href":"https:\/\/roveyayinevi.com.tr\/index.php\/wp-json\/wp\/v2\/product_brand?post=695706"},{"taxonomy":"product_cat","embeddable":true,"href":"https:\/\/roveyayinevi.com.tr\/index.php\/wp-json\/wp\/v2\/product_cat?post=695706"},{"taxonomy":"product_tag","embeddable":true,"href":"https:\/\/roveyayinevi.com.tr\/index.php\/wp-json\/wp\/v2\/product_tag?post=695706"}],"curies":[{"name":"wp","href":"https:\/\/api.w.org\/{rel}","templated":true}]}}