{"id":695705,"date":"2025-08-27T14:30:50","date_gmt":"2025-08-27T11:30:50","guid":{"rendered":"https:\/\/roveyayinevi.com.tr\/index.php\/urun\/cakircali-mehmet-efe\/"},"modified":"2026-04-16T02:05:43","modified_gmt":"2026-04-15T23:05:43","slug":"cakircali-mehmet-efe","status":"publish","type":"product","link":"https:\/\/roveyayinevi.com.tr\/index.php\/urun\/cakircali-mehmet-efe\/","title":{"rendered":"\u00c7ak\u0131rcal\u0131 Mehmet Efe"},"content":{"rendered":"<p>\u201cEfe\u2019nin i\u00e7 sars\u0131nt\u0131s\u0131 devam ediyordu; fakat \u2018\u00c7ak\u0131rcal\u0131\u2019n\u0131n dik durmak mecburiyeti oldu\u011funu biliyordu. \u2018Dokuz Da\u011f\u0131n Efesi \u00c7ak\u0131rcal\u0131 Mehmed Efe\u2019 efsanesi leke almamal\u0131yd\u0131. <\/p>\n","protected":false},"excerpt":{"rendered":"<p>\u201cEfe\u2019nin i\u00e7 sars\u0131nt\u0131s\u0131 devam ediyordu; fakat \u2018\u00c7ak\u0131rcal\u0131\u2019n\u0131n dik durmak mecburiyeti oldu\u011funu biliyordu. \u2018Dokuz Da\u011f\u0131n Efesi \u00c7ak\u0131rcal\u0131 Mehmed Efe\u2019 efsanesi leke almamal\u0131yd\u0131.<\/p>\n","protected":false},"featured_media":0,"template":"","meta":{"_monsterinsights_skip_tracking":false,"_monsterinsights_sitenote_active":false,"_monsterinsights_sitenote_note":"","_monsterinsights_sitenote_category":0},"product_brand":[],"product_cat":[12291,12292],"product_tag":[],"class_list":{"0":"post-695705","1":"product","2":"type-product","3":"status-publish","5":"product_cat-edebiyat","6":"product_cat-turk-edebiyati","7":"pa_tur-kitap","8":"pa_yayinevi-bilge-kultur-sanat","9":"pa_yazar-sabahattin-burhan","11":"first","12":"instock","13":"sale","14":"shipping-taxable","15":"purchasable","16":"product-type-simple"},"_links":{"self":[{"href":"https:\/\/roveyayinevi.com.tr\/index.php\/wp-json\/wp\/v2\/product\/695705","targetHints":{"allow":["GET"]}}],"collection":[{"href":"https:\/\/roveyayinevi.com.tr\/index.php\/wp-json\/wp\/v2\/product"}],"about":[{"href":"https:\/\/roveyayinevi.com.tr\/index.php\/wp-json\/wp\/v2\/types\/product"}],"wp:attachment":[{"href":"https:\/\/roveyayinevi.com.tr\/index.php\/wp-json\/wp\/v2\/media?parent=695705"}],"wp:term":[{"taxonomy":"product_brand","embeddable":true,"href":"https:\/\/roveyayinevi.com.tr\/index.php\/wp-json\/wp\/v2\/product_brand?post=695705"},{"taxonomy":"product_cat","embeddable":true,"href":"https:\/\/roveyayinevi.com.tr\/index.php\/wp-json\/wp\/v2\/product_cat?post=695705"},{"taxonomy":"product_tag","embeddable":true,"href":"https:\/\/roveyayinevi.com.tr\/index.php\/wp-json\/wp\/v2\/product_tag?post=695705"}],"curies":[{"name":"wp","href":"https:\/\/api.w.org\/{rel}","templated":true}]}}