{"id":695703,"date":"2025-08-27T14:30:49","date_gmt":"2025-08-27T11:30:49","guid":{"rendered":"https:\/\/roveyayinevi.com.tr\/index.php\/urun\/bir-ben-vardir-bende-benden-iceri\/"},"modified":"2026-04-16T02:05:43","modified_gmt":"2026-04-15T23:05:43","slug":"bir-ben-vardir-bende-benden-iceri","status":"publish","type":"product","link":"https:\/\/roveyayinevi.com.tr\/index.php\/urun\/bir-ben-vardir-bende-benden-iceri\/","title":{"rendered":"Bir Ben Vard\u0131r Bende Benden \u0130\u00e7eri"},"content":{"rendered":"<p>Bilenler derler ki tasavvufu anlamak i\u00e7in dervi\u015f olmak laz\u0131md\u0131r. Emine I\u015f\u0131nsu\u2019nun \u201cBir Ben Vard\u0131r Bende Benden \u0130\u00e7eri\u201dsi, okuyana tasavvufu, ya\u015fam\u0131\u015f\u00e7as\u0131na hissettiren bir eser. K\u00fclt\u00fcr\u00fcm\u00fcz\u00fc anlamak i\u00e7in tasavvufu, tasavvufu anlamak i\u00e7in de Yunus\u2019u anlamak gerek. Tasavvufu yak\u0131ndan bilmenin tek yolu, onu ya\u015famakt\u0131r. Edebiyatta, bir hayat\u0131 ilk elden ya\u015famaya en yak\u0131n \u015fekil, muhakkak ki roman t\u00fcr\u00fcd\u00fcr. Bu y\u00fczdendir ki derin sezgiye dayanan mesajlar\u0131, b\u00fcy\u00fck duyu\u015flar\u0131, b\u00fcy\u00fck a\u015fklar\u0131 iletmek isteyen yazar, daha \u00e7ok roman\u0131 tercih etmi\u015ftir. Bu romanda Emine I\u015f\u0131nsu\u2019nun g\u00fc\u00e7l\u00fc kalemi, binlerce y\u0131ld\u0131r sufi k\u00fclt\u00fcr\u00fcne dayanarak bize bir Yunus Emre anlat\u0131yor. \u0130nsan olarak, dervi\u015f olarak, ermi\u015f olarak Yunus\u2019un yolculu\u011funu ad\u0131m ad\u0131m izliyoruz. Ya\u015fam\u0131yoruz\u2026 Bu m\u00fcmk\u00fcn de\u011fil. Ama ya\u015fam\u0131\u015f kadar oluyoruz.<\/p>\n","protected":false},"excerpt":{"rendered":"<p>Bilenler derler ki tasavvufu anlamak i\u00e7in dervi\u015f olmak laz\u0131md\u0131r. Emine I\u015f\u0131nsu\u2019nun \u201cBir Ben Vard\u0131r Bende Benden \u0130\u00e7eri\u201dsi, okuyana tasavvufu, ya\u015fam\u0131\u015f\u00e7as\u0131na hissettiren bir eser. K\u00fclt\u00fcr\u00fcm\u00fcz\u00fc anlamak i\u00e7in<span class=\"excerpt-hellip\"> [\u2026]<\/span><\/p>\n","protected":false},"featured_media":0,"template":"","meta":{"_monsterinsights_skip_tracking":false,"_monsterinsights_sitenote_active":false,"_monsterinsights_sitenote_note":"","_monsterinsights_sitenote_category":0},"product_brand":[],"product_cat":[12291,12292],"product_tag":[],"class_list":{"0":"post-695703","1":"product","2":"type-product","3":"status-publish","5":"product_cat-edebiyat","6":"product_cat-turk-edebiyati","7":"pa_cilt-ciltsiz","8":"pa_tur-kitap","9":"pa_yayinevi-bilge-kultur-sanat","10":"pa_yazar-emine-isinsu","12":"first","13":"instock","14":"sale","15":"shipping-taxable","16":"purchasable","17":"product-type-simple"},"_links":{"self":[{"href":"https:\/\/roveyayinevi.com.tr\/index.php\/wp-json\/wp\/v2\/product\/695703","targetHints":{"allow":["GET"]}}],"collection":[{"href":"https:\/\/roveyayinevi.com.tr\/index.php\/wp-json\/wp\/v2\/product"}],"about":[{"href":"https:\/\/roveyayinevi.com.tr\/index.php\/wp-json\/wp\/v2\/types\/product"}],"wp:attachment":[{"href":"https:\/\/roveyayinevi.com.tr\/index.php\/wp-json\/wp\/v2\/media?parent=695703"}],"wp:term":[{"taxonomy":"product_brand","embeddable":true,"href":"https:\/\/roveyayinevi.com.tr\/index.php\/wp-json\/wp\/v2\/product_brand?post=695703"},{"taxonomy":"product_cat","embeddable":true,"href":"https:\/\/roveyayinevi.com.tr\/index.php\/wp-json\/wp\/v2\/product_cat?post=695703"},{"taxonomy":"product_tag","embeddable":true,"href":"https:\/\/roveyayinevi.com.tr\/index.php\/wp-json\/wp\/v2\/product_tag?post=695703"}],"curies":[{"name":"wp","href":"https:\/\/api.w.org\/{rel}","templated":true}]}}