{"id":695702,"date":"2025-08-27T14:30:49","date_gmt":"2025-08-27T11:30:49","guid":{"rendered":"https:\/\/roveyayinevi.com.tr\/index.php\/urun\/ben-cocukken\/"},"modified":"2026-04-16T02:05:43","modified_gmt":"2026-04-15T23:05:43","slug":"ben-cocukken","status":"publish","type":"product","link":"https:\/\/roveyayinevi.com.tr\/index.php\/urun\/ben-cocukken\/","title":{"rendered":"Ben \u00c7ocukken"},"content":{"rendered":"<p>Aman sevgili \u00e7ocuklar, bu ya\u015flar\u0131n\u0131z\u0131n de\u011ferini bilin! (&#8230;) O kadar g\u00fczel, o kadar tatl\u0131 y\u0131llar ki o y\u0131llar. Bir u\u00e7urtman\u0131n ipine as\u0131labilmek, bir topun pe\u015finde saatlerce ko\u015fabilmek, bir balonun elimizden ka\u00e7\u0131\u015f\u0131n\u0131 izlemek&#8230; \u0130\u015fte y\u0131llar\u0131n ak\u0131p gidi\u015fi de t\u0131pk\u0131 o ka\u00e7an balona benzer. Aman balonun de\u011ferini bilin. (&#8230;) Kolay kolay b\u0131rakmay\u0131n balonu. \u0130yice tad\u0131n\u0131 \u00e7\u0131kar\u0131n. <\/p>\n","protected":false},"excerpt":{"rendered":"<p>Aman sevgili \u00e7ocuklar, bu ya\u015flar\u0131n\u0131z\u0131n de\u011ferini bilin! (&#8230;) O kadar g\u00fczel, o kadar tatl\u0131 y\u0131llar ki o y\u0131llar. Bir u\u00e7urtman\u0131n ipine as\u0131labilmek, bir topun pe\u015finde saatlerce<span class=\"excerpt-hellip\"> [\u2026]<\/span><\/p>\n","protected":false},"featured_media":0,"template":"","meta":{"_monsterinsights_skip_tracking":false,"_monsterinsights_sitenote_active":false,"_monsterinsights_sitenote_note":"","_monsterinsights_sitenote_category":0},"product_brand":[],"product_cat":[12274,12284],"product_tag":[],"class_list":{"0":"post-695702","1":"product","2":"type-product","3":"status-publish","5":"product_cat-cocuk-ve-genclik-kitaplari","6":"product_cat-hikayeler","7":"pa_tur-kitap","8":"pa_yayinevi-bilge-kultur-sanat","9":"pa_yazar-mujdat-gezen","11":"first","12":"instock","13":"sale","14":"shipping-taxable","15":"purchasable","16":"product-type-simple"},"_links":{"self":[{"href":"https:\/\/roveyayinevi.com.tr\/index.php\/wp-json\/wp\/v2\/product\/695702","targetHints":{"allow":["GET"]}}],"collection":[{"href":"https:\/\/roveyayinevi.com.tr\/index.php\/wp-json\/wp\/v2\/product"}],"about":[{"href":"https:\/\/roveyayinevi.com.tr\/index.php\/wp-json\/wp\/v2\/types\/product"}],"wp:attachment":[{"href":"https:\/\/roveyayinevi.com.tr\/index.php\/wp-json\/wp\/v2\/media?parent=695702"}],"wp:term":[{"taxonomy":"product_brand","embeddable":true,"href":"https:\/\/roveyayinevi.com.tr\/index.php\/wp-json\/wp\/v2\/product_brand?post=695702"},{"taxonomy":"product_cat","embeddable":true,"href":"https:\/\/roveyayinevi.com.tr\/index.php\/wp-json\/wp\/v2\/product_cat?post=695702"},{"taxonomy":"product_tag","embeddable":true,"href":"https:\/\/roveyayinevi.com.tr\/index.php\/wp-json\/wp\/v2\/product_tag?post=695702"}],"curies":[{"name":"wp","href":"https:\/\/api.w.org\/{rel}","templated":true}]}}