{"id":695700,"date":"2025-08-27T14:30:49","date_gmt":"2025-08-27T11:30:49","guid":{"rendered":"https:\/\/roveyayinevi.com.tr\/index.php\/urun\/paradoks\/"},"modified":"2026-04-16T02:05:43","modified_gmt":"2026-04-15T23:05:43","slug":"paradoks","status":"publish","type":"product","link":"https:\/\/roveyayinevi.com.tr\/index.php\/urun\/paradoks\/","title":{"rendered":"Paradoks"},"content":{"rendered":"<p>Bilimin En B\u00fcy\u00fck Paradokslar\u0131na Etkileyici (Ve E\u011flenceli) Bir Bak\u0131\u015f. Bilim insanlar\u0131 zaman zaman akl\u0131n s\u0131n\u0131rlar\u0131n\u0131 zorlayan sorular ortaya atarlar . Bir kedi ayn\u0131 zamanda nas\u0131l hem \u00f6l\u00fc hem de diri olabilir? Neden A\u015fil ne kadar h\u0131zl\u0131 ko\u015farsa ko\u015fsun bir tosba\u011fay\u0131 ge\u00e7emiyor? Bir insan nas\u0131l ikizinden on y\u0131l daha ya\u015fl\u0131 olabilir? Bilimin ileti\u015fimine yapt\u0131\u011f\u0131 katk\u0131lardan dolay\u0131 \u0130ngiliz Kraliyet Akademisi taraf\u0131ndan madalyaland\u0131r\u0131lan Profes\u00f6r Al-Khalili, bizleri adeta paradokslar\u0131 yaratanlar\u0131n beynine sokacak kadar anla\u015f\u0131l\u0131r ve h\u00fcnerli anlat\u0131m\u0131yla, e\u011fer do\u011fru a\u00e7\u0131dan bakmay\u0131 ba\u015far\u0131rsak bu paradokslar\u0131n \u00e7\u00f6z\u00fclebilece\u011fini g\u00f6steriyor. Bunu yaparken de Einstein&#8217;in zaman ve evren teorilerinden, kuantum d\u00fcnyas\u0131ndan \u00e7\u0131kma yepyeni fikirlere kadar insan\u0131n bilgi da\u011farc\u0131\u011f\u0131na girmi\u015f en \u00f6nemli kuramlardan faydalan\u0131yor.  Paradoks akl\u0131n\u0131z\u0131 fazlas\u0131yla zorlayacak bir kitap&#8230; ama bundan \u00e7ok zevk alacaks\u0131n\u0131z. &#8220;Al-Khalili sizi bilimin zirvelerine do\u011fru y\u00f6nlendiriyor, ama bunu \u00f6yle bir aldat\u0131c\u0131 rahatl\u0131kla yap\u0131yor ki fark\u0131na vard\u0131\u011f\u0131n\u0131zda kendinizi \u00e7oktan Schr\u00f6dinger&#8217;in kedisine g\u00f6z\u00fcn\u00fcz\u00fc dikmi\u015f, geni\u015fleyen evrene dalm\u0131\u015f ve kuantum teorisi \u00fczerine d\u00fc\u015f\u00fcn\u00fcr buluyorsunuz ve bundan fazlas\u0131yla zevk al\u0131yorsunuz.&#8221;  Financial Times <\/p>\n","protected":false},"excerpt":{"rendered":"<p>Bilimin En B\u00fcy\u00fck Paradokslar\u0131na Etkileyici (Ve E\u011flenceli) Bir Bak\u0131\u015f. Bilim insanlar\u0131 zaman zaman akl\u0131n s\u0131n\u0131rlar\u0131n\u0131 zorlayan sorular ortaya atarlar . Bir kedi ayn\u0131 zamanda nas\u0131l hem<span class=\"excerpt-hellip\"> [\u2026]<\/span><\/p>\n","protected":false},"featured_media":0,"template":"","meta":{"_monsterinsights_skip_tracking":false,"_monsterinsights_sitenote_active":false,"_monsterinsights_sitenote_note":"","_monsterinsights_sitenote_category":0},"product_brand":[],"product_cat":[13005,13006],"product_tag":[],"class_list":{"0":"post-695700","1":"product","2":"type-product","3":"status-publish","5":"product_cat-bilim-muhendislik","6":"product_cat-populer-bilim","7":"pa_cilt-ciltsiz","8":"pa_tur-kitap","9":"pa_yayinevi-domingo-yayinevi","10":"pa_yazar-jim-al-khalili","12":"first","13":"instock","14":"sale","15":"shipping-taxable","16":"purchasable","17":"product-type-simple"},"_links":{"self":[{"href":"https:\/\/roveyayinevi.com.tr\/index.php\/wp-json\/wp\/v2\/product\/695700","targetHints":{"allow":["GET"]}}],"collection":[{"href":"https:\/\/roveyayinevi.com.tr\/index.php\/wp-json\/wp\/v2\/product"}],"about":[{"href":"https:\/\/roveyayinevi.com.tr\/index.php\/wp-json\/wp\/v2\/types\/product"}],"wp:attachment":[{"href":"https:\/\/roveyayinevi.com.tr\/index.php\/wp-json\/wp\/v2\/media?parent=695700"}],"wp:term":[{"taxonomy":"product_brand","embeddable":true,"href":"https:\/\/roveyayinevi.com.tr\/index.php\/wp-json\/wp\/v2\/product_brand?post=695700"},{"taxonomy":"product_cat","embeddable":true,"href":"https:\/\/roveyayinevi.com.tr\/index.php\/wp-json\/wp\/v2\/product_cat?post=695700"},{"taxonomy":"product_tag","embeddable":true,"href":"https:\/\/roveyayinevi.com.tr\/index.php\/wp-json\/wp\/v2\/product_tag?post=695700"}],"curies":[{"name":"wp","href":"https:\/\/api.w.org\/{rel}","templated":true}]}}