{"id":695699,"date":"2025-08-27T14:30:48","date_gmt":"2025-08-27T11:30:48","guid":{"rendered":"https:\/\/roveyayinevi.com.tr\/index.php\/urun\/muhtesem-bebek\/"},"modified":"2026-04-16T02:05:43","modified_gmt":"2026-04-15T23:05:43","slug":"muhtesem-bebek","status":"publish","type":"product","link":"https:\/\/roveyayinevi.com.tr\/index.php\/urun\/muhtesem-bebek\/","title":{"rendered":"Muhte\u015fem Bebek"},"content":{"rendered":"<p>\u0130nsan yavrusu tek kelimeyle b\u00fcy\u00fcleyici bir varl\u0131k ve Muhte\u015fem Bebek bu ger\u00e7e\u011fi t\u00fcm g\u00fczelli\u011fiyle g\u00f6zler \u00f6n\u00fcne seriyor. Bebek geli\u015fimi konusuna ebeveynin taraf\u0131ndan bak\u0131p, yap\u0131l\u0131p yap\u0131lmayacaklar\u0131 s\u0131ralayan \u00e7ok say\u0131da kitap yaz\u0131ld\u0131. \u00dcnl\u00fc bilimadam\u0131 Desmond Morris bu kitapta daha farkl\u0131 bir yol izliyor.Muhte\u015fem Bebek, insan ya\u015fam\u0131n\u0131n ilk iki y\u0131l\u0131n\u0131n ger\u00e7ek\u00e7i bir tablosunu, bebe\u011fin bak\u0131\u015f a\u00e7\u0131s\u0131yla resmediyor. Ortaya koydu\u011fu tablonun \u0131\u015f\u0131\u011f\u0131nda k\u00fc\u00e7\u00fckleri i\u00e7in en do\u011fru olana dair karar vermeyi ise anne babaya b\u0131rak\u0131yor.Bir bebek do\u011fdu\u011funda v\u00fccudunda ne t\u00fcr de\u011fi\u015fiklikler ger\u00e7ekle\u015fir?Neden bebeklerde, yeti\u015fkinlerden daha \u00e7ok kemik var?Bebeklerin beyni nas\u0131l geli\u015fir?Bebekler gece ile g\u00fcnd\u00fcz\u00fcn fark\u0131n\u0131 ya da saklanan bir e\u015fyan\u0131n yok olmad\u0131\u011f\u0131n\u0131 ne zaman anlarlar?\u0130\u015fte uluslararas\u0131 \u00e7apta \u00e7ok satanlar aras\u0131na giren \u00c7\u0131plak Maymun&#8217;un yazar\u0131 Desmond Morris&#8217;in bu merak uyand\u0131ran ve etkileyici resimlerle dolu kitab\u0131nda ele ald\u0131\u011f\u0131 konulardan yaln\u0131zca birka\u00e7\u0131.En son ara\u015ft\u0131rmalardan yola \u00e7\u0131kan Morris, d\u00f6llenme \u00e2n\u0131ndan do\u011fuma dek ger\u00e7ekle\u015fen dramatik geli\u015fimleri ve bebeklerin nas\u0131l hayatta kalmaya programl\u0131 ve bu y\u00f6nde donan\u0131ml\u0131 olduklar\u0131n\u0131 g\u00f6zler \u00f6n\u00fcne seriyor. Bebek anatomisini g\u00f6zler \u00f6n\u00fcne seren saydam illustrasyon sayfalar\u0131 ve b\u00fcy\u00fcleyici foto\u011fraflar\u0131n da yard\u0131m\u0131yla bebeklerin \u00e7o\u011fu zaman \u015fa\u015fk\u0131nl\u0131k uyand\u0131ran fiziksel ve zihinsel \u00f6zelliklerini ke\u015ffedecek, onlar\u0131n oyuncaklarla oynarken, yeni insanlar\u0131 ve yerleri tan\u0131rken, y\u00fcr\u00fcme ve konu\u015fmaya ba\u015flarken ne \u015fekilde geli\u015ftiklerini \u00f6\u011freneceksiniz.Hen\u00fcz ilk g\u00fcnlerinden ba\u015flayarak insan\u0131n yetenekleri ve ba\u015far\u0131lar\u0131n\u0131 t\u00fcm ihti\u015fam\u0131yla ele alan Muhte\u015fem Bebek, bedenin geli\u015fimi ve bebeklerin neden b\u00f6ylesine cezbedici olduklar\u0131 konusunda ger\u00e7ekten \u015fa\u015f\u0131rt\u0131c\u0131 ve bir o kadar da gerekli bilgiler sunuyor. <\/p>\n","protected":false},"excerpt":{"rendered":"<p>\u0130nsan yavrusu tek kelimeyle b\u00fcy\u00fcleyici bir varl\u0131k ve Muhte\u015fem Bebek bu ger\u00e7e\u011fi t\u00fcm g\u00fczelli\u011fiyle g\u00f6zler \u00f6n\u00fcne seriyor. Bebek geli\u015fimi konusuna ebeveynin taraf\u0131ndan bak\u0131p, yap\u0131l\u0131p yap\u0131lmayacaklar\u0131 s\u0131ralayan<span class=\"excerpt-hellip\"> [\u2026]<\/span><\/p>\n","protected":false},"featured_media":0,"template":"","meta":{"_monsterinsights_skip_tracking":false,"_monsterinsights_sitenote_active":false,"_monsterinsights_sitenote_note":"","_monsterinsights_sitenote_category":0},"product_brand":[],"product_cat":[12831,12324],"product_tag":[],"class_list":{"0":"post-695699","1":"product","2":"type-product","3":"status-publish","5":"product_cat-aile-ve-cocuk","6":"product_cat-sosyoloji","7":"pa_cilt-ciltli","8":"pa_tur-kitap","9":"pa_yayinevi-domingo-yayinevi","10":"pa_yazar-desmond-morris","12":"first","13":"instock","14":"sale","15":"shipping-taxable","16":"purchasable","17":"product-type-simple"},"_links":{"self":[{"href":"https:\/\/roveyayinevi.com.tr\/index.php\/wp-json\/wp\/v2\/product\/695699","targetHints":{"allow":["GET"]}}],"collection":[{"href":"https:\/\/roveyayinevi.com.tr\/index.php\/wp-json\/wp\/v2\/product"}],"about":[{"href":"https:\/\/roveyayinevi.com.tr\/index.php\/wp-json\/wp\/v2\/types\/product"}],"wp:attachment":[{"href":"https:\/\/roveyayinevi.com.tr\/index.php\/wp-json\/wp\/v2\/media?parent=695699"}],"wp:term":[{"taxonomy":"product_brand","embeddable":true,"href":"https:\/\/roveyayinevi.com.tr\/index.php\/wp-json\/wp\/v2\/product_brand?post=695699"},{"taxonomy":"product_cat","embeddable":true,"href":"https:\/\/roveyayinevi.com.tr\/index.php\/wp-json\/wp\/v2\/product_cat?post=695699"},{"taxonomy":"product_tag","embeddable":true,"href":"https:\/\/roveyayinevi.com.tr\/index.php\/wp-json\/wp\/v2\/product_tag?post=695699"}],"curies":[{"name":"wp","href":"https:\/\/api.w.org\/{rel}","templated":true}]}}