{"id":695697,"date":"2025-08-27T14:30:48","date_gmt":"2025-08-27T11:30:48","guid":{"rendered":"https:\/\/roveyayinevi.com.tr\/index.php\/urun\/irrasyonel\/"},"modified":"2026-04-16T02:05:43","modified_gmt":"2026-04-15T23:05:43","slug":"irrasyonel","status":"publish","type":"product","link":"https:\/\/roveyayinevi.com.tr\/index.php\/urun\/irrasyonel\/","title":{"rendered":"\u0130rrasyonel"},"content":{"rendered":"<p>&#8220;\u0130nan\u0131lmaz s\u00fcr\u00fckleyici ve fevkalade iyi yaz\u0131lm\u0131\u015f&#8221;  -Richard Dawkins- &#8220;\u00dcrk\u00fct\u00fcc\u00fc, yer yer komik ama kesinlikle b\u00fcy\u00fcleyici&#8221; -Oliver Sacks- &#8220;Bu kitab\u0131 almal\u0131s\u0131n\u0131z, her evde bir tane bulunmal\u0131. Dahas\u0131, uygarl\u0131\u011f\u0131m\u0131z\u0131n geli\u015fimi ad\u0131na otel odalar\u0131n\u0131n ba\u015fucu \u00e7ekmecelerine bu kitab\u0131 koymal\u0131lar.&#8221;  -Nicholas Lezard, The Guardian- &#8220;\u2026kitab\u0131 neredeyse bir solukta okudum ve kendi kendime de, &#8216;Neden bunu sat\u0131n al\u0131r almaz okumad\u0131m&#8217; diye k\u0131zd\u0131m.&#8221; -\u0130smet Berkan, Radikal- &#8220;Ba\u015ftan sona canl\u0131, e\u011flenceli ve etkileyici&#8221; -British Journal of Psychiatry-Hangisi daha muhtemel: Mavi g\u00f6zl\u00fc annenin k\u0131z\u0131n\u0131n mavi g\u00f6zl\u00fc olmas\u0131 m\u0131, yoksa mavi g\u00f6zl\u00fc k\u0131z\u0131n annesinin mavi g\u00f6zl\u00fc olmas\u0131 m\u0131? Sigara i\u00e7mek akci\u011fer kanseri riskini on, \u00f6l\u00fcmc\u00fcl kalp hastal\u0131\u011f\u0131 riskini ise iki kat art\u0131r\u0131yorsa akci\u011fer kanserinden \u00f6len tiryakilerin say\u0131s\u0131 kalp hastal\u0131\u011f\u0131 sonucu \u00f6len tiryakilerden daha m\u0131 \u00e7ok? Bir i\u015fi iyi yapt\u0131klar\u0131 i\u00e7in insanlar\u0131 \u00f6d\u00fcllendirmek faydal\u0131 m\u0131? Bir psikoloji deneyi i\u00e7in, birine \u00f6ld\u00fcr\u00fcc\u00fc olabilecek \u015foklar vermeyi kabul eder miydiniz? D\u00f6nme dolaba binmek mi yoksa bisiklet s\u00fcrmek mi daha tehlikeli? Kitab\u0131n isminden dolay\u0131 tetikte de\u011filseniz, bu sorulara verdi\u011finiz yan\u0131tlardan baz\u0131lar\u0131 muhtemelen irrasyonel. Dahas\u0131, t\u00fcm sorular\u0131 yan\u0131tlad\u0131ysan\u0131z kesinlikle irrasyonelsiniz, \u00e7\u00fcnk\u00fc kimisinde yan\u0131t vermeye yetecek kadar bilgi yok. Mutlaka bir yarg\u0131ya varma ihtiyac\u0131 ise irrasyonelli\u011fin s\u0131k rastlanan sebeplerinden biri.  Stuart Sutherland&#8217;in \u0130ngiltere&#8217;de k\u00fclt haline gelmi\u015f ve y\u0131llard\u0131r \u00e7ok satanlar listesinde bulunan kitab\u0131 \u0130rrasyonel, yak\u0131n zamanda konuya ili\u015fkin yap\u0131lm\u0131\u015f pek \u00e7ok psikoloji deneyinden ve g\u00fcndelik ya\u015famdan \u00e7o\u011fu zaman sizi \u015fa\u015fk\u0131nl\u0131\u011fa s\u00fcr\u00fckleyecek \u00f6rnekler sunarak, irrasyonelli\u011fin yayg\u0131nl\u0131\u011f\u0131n\u0131 ve ola\u011fanl\u0131\u011f\u0131n\u0131 g\u00f6zler \u00f6n\u00fcne seriyor. Yanl\u0131\u015f g\u00f6zlem, uyum g\u00f6sterme ihtiyac\u0131, yersiz tutarl\u0131l\u0131k, kan\u0131tlar\u0131 g\u00f6zard\u0131 etmek, hatal\u0131 neden sonu\u00e7 ili\u015fkileri kurmak ya da a\u015f\u0131r\u0131 \u00f6zg\u00fcven gibi bizi irrasyonel kararlara s\u00fcr\u00fckleyen sebepleri ortaya koyuyor ve Pearl Harbour bombard\u0131man\u0131ndan \u015fampuan reklamlar\u0131na kadar pek \u00e7ok farkl\u0131 olay\u0131 inceleyerek, &#8220;i\u00e7imizdeki d\u00fc\u015fman\u0131n&#8221; nelere neden olabilece\u011fini g\u00f6steriyor. <\/p>\n","protected":false},"excerpt":{"rendered":"<p>&#8220;\u0130nan\u0131lmaz s\u00fcr\u00fckleyici ve fevkalade iyi yaz\u0131lm\u0131\u015f&#8221; -Richard Dawkins- &#8220;\u00dcrk\u00fct\u00fcc\u00fc, yer yer komik ama kesinlikle b\u00fcy\u00fcleyici&#8221; -Oliver Sacks- &#8220;Bu kitab\u0131 almal\u0131s\u0131n\u0131z, her evde bir tane bulunmal\u0131. Dahas\u0131,<span class=\"excerpt-hellip\"> [\u2026]<\/span><\/p>\n","protected":false},"featured_media":0,"template":"","meta":{"_monsterinsights_skip_tracking":false,"_monsterinsights_sitenote_active":false,"_monsterinsights_sitenote_note":"","_monsterinsights_sitenote_category":0},"product_brand":[],"product_cat":[15563],"product_tag":[],"class_list":{"0":"post-695697","1":"product","2":"type-product","3":"status-publish","5":"product_cat-hobi","6":"pa_cilt-ciltsiz","7":"pa_tur-kitap","8":"pa_yayinevi-domingo-yayinevi","9":"pa_yazar-stuart-sutherland","11":"first","12":"instock","13":"sale","14":"shipping-taxable","15":"purchasable","16":"product-type-simple"},"_links":{"self":[{"href":"https:\/\/roveyayinevi.com.tr\/index.php\/wp-json\/wp\/v2\/product\/695697","targetHints":{"allow":["GET"]}}],"collection":[{"href":"https:\/\/roveyayinevi.com.tr\/index.php\/wp-json\/wp\/v2\/product"}],"about":[{"href":"https:\/\/roveyayinevi.com.tr\/index.php\/wp-json\/wp\/v2\/types\/product"}],"wp:attachment":[{"href":"https:\/\/roveyayinevi.com.tr\/index.php\/wp-json\/wp\/v2\/media?parent=695697"}],"wp:term":[{"taxonomy":"product_brand","embeddable":true,"href":"https:\/\/roveyayinevi.com.tr\/index.php\/wp-json\/wp\/v2\/product_brand?post=695697"},{"taxonomy":"product_cat","embeddable":true,"href":"https:\/\/roveyayinevi.com.tr\/index.php\/wp-json\/wp\/v2\/product_cat?post=695697"},{"taxonomy":"product_tag","embeddable":true,"href":"https:\/\/roveyayinevi.com.tr\/index.php\/wp-json\/wp\/v2\/product_tag?post=695697"}],"curies":[{"name":"wp","href":"https:\/\/api.w.org\/{rel}","templated":true}]}}