{"id":695695,"date":"2025-08-27T14:30:48","date_gmt":"2025-08-27T11:30:48","guid":{"rendered":"https:\/\/roveyayinevi.com.tr\/index.php\/urun\/incognito-beynin-gizli-hayati\/"},"modified":"2026-04-16T02:05:43","modified_gmt":"2026-04-15T23:05:43","slug":"incognito-beynin-gizli-hayati","status":"publish","type":"product","link":"https:\/\/roveyayinevi.com.tr\/index.php\/urun\/incognito-beynin-gizli-hayati\/","title":{"rendered":"Incognito &#8211; Beynin Gizli Hayat\u0131"},"content":{"rendered":"<p>Kendimizle aram\u0131zdaki fark, bir ba\u015fkas\u0131yla aram\u0131zdaki fark kadar b\u00fcy\u00fckt\u00fcr.\u2019 -Montaigne- Siz daha tehlikeyi alg\u0131lamadan, aya\u011f\u0131n\u0131z\u0131 fren pedal\u0131n\u0131n \u00fcst\u00fcne g\u00f6t\u00fcren kim? Neden s\u0131r saklamakta b\u00f6ylesine ba\u015far\u0131s\u0131z, nedenini bilmeden birini \u00e7ekici bulmakta bu kadar ba\u015far\u0131l\u0131y\u0131z? E\u011fer bilin\u00e7li zihin, yani sabah uyand\u0131\u011f\u0131n\u0131zda sizinle birlikte uyanan ben, buzda\u011f\u0131n\u0131n yaln\u0131zca g\u00f6r\u00fcnen k\u0131sm\u0131ysa, zihninizin geri kalan\u0131 t\u00fcm bir \u00f6m\u00fcr neyle i\u015ftigal etmekte? \u00dcnl\u00fc n\u00f6robilimci David Eagleman, 20 dilde yay\u0131mlanan ve neredeyse \u015fimdiden klasikle\u015fen kitab\u0131 Incognito ile beynimizin derinlerine dalarak, yapt\u0131\u011f\u0131m\u0131z, d\u00fc\u015f\u00fcnd\u00fc\u011f\u00fcm\u00fcz ya da hissettiklerimizin \u00e7ok b\u00fcy\u00fck bir k\u0131sm\u0131n\u0131n bizden ba\u015fka bir biz taraf\u0131ndan y\u00f6netildi\u011fini \u00fcrk\u00fct\u00fcc\u00fc bir berrakl\u0131kla ortaya koyuyor. Sadakat geninden sizi olmad\u0131\u011f\u0131n\u0131z birine d\u00f6n\u00fc\u015ft\u00fcren beyin zedelenmelerine; optik yan\u0131lsamalardan striptizcilerin neden ay\u0131n belirli zamanlar\u0131nda daha \u00e7ok para kazand\u0131\u011f\u0131na; Truva fatihi Odysseus\u2019tan renkleri i\u015fitip bi\u00e7imleri tadabilen sinestezik insanlara kadar geni\u015f bir yelpazeden vakalar\u0131 ve ara\u015ft\u0131rmalar\u0131 bir araya getiren Incognito, beynimizin i\u015fleyi\u015fi ve \u00e7eli\u015fkileri hakk\u0131nda ola\u011fan\u00fcst\u00fc bir ke\u015fif yolculu\u011fu sunuyor. Bir kitap okudum, hayat\u0131m de\u011fi\u015fti. -\u0130smet Berkan-H\u00fcrriyet Zihniniz bu kitap i\u00e7in size te\u015fekk\u00fcr edecek. Wired<\/p>\n","protected":false},"excerpt":{"rendered":"<p>Kendimizle aram\u0131zdaki fark, bir ba\u015fkas\u0131yla aram\u0131zdaki fark kadar b\u00fcy\u00fckt\u00fcr.\u2019 -Montaigne- Siz daha tehlikeyi alg\u0131lamadan, aya\u011f\u0131n\u0131z\u0131 fren pedal\u0131n\u0131n \u00fcst\u00fcne g\u00f6t\u00fcren kim? Neden s\u0131r saklamakta b\u00f6ylesine ba\u015far\u0131s\u0131z, nedenini<span class=\"excerpt-hellip\"> [\u2026]<\/span><\/p>\n","protected":false},"featured_media":0,"template":"","meta":{"_monsterinsights_skip_tracking":false,"_monsterinsights_sitenote_active":false,"_monsterinsights_sitenote_note":"","_monsterinsights_sitenote_category":0},"product_brand":[],"product_cat":[13005,13006],"product_tag":[],"class_list":{"0":"post-695695","1":"product","2":"type-product","3":"status-publish","5":"product_cat-bilim-muhendislik","6":"product_cat-populer-bilim","7":"pa_cilt-ciltsiz","8":"pa_tur-kitap","9":"pa_yayinevi-domingo-yayinevi","10":"pa_yazar-david-eagleman","12":"first","13":"instock","14":"sale","15":"shipping-taxable","16":"purchasable","17":"product-type-simple"},"_links":{"self":[{"href":"https:\/\/roveyayinevi.com.tr\/index.php\/wp-json\/wp\/v2\/product\/695695","targetHints":{"allow":["GET"]}}],"collection":[{"href":"https:\/\/roveyayinevi.com.tr\/index.php\/wp-json\/wp\/v2\/product"}],"about":[{"href":"https:\/\/roveyayinevi.com.tr\/index.php\/wp-json\/wp\/v2\/types\/product"}],"wp:attachment":[{"href":"https:\/\/roveyayinevi.com.tr\/index.php\/wp-json\/wp\/v2\/media?parent=695695"}],"wp:term":[{"taxonomy":"product_brand","embeddable":true,"href":"https:\/\/roveyayinevi.com.tr\/index.php\/wp-json\/wp\/v2\/product_brand?post=695695"},{"taxonomy":"product_cat","embeddable":true,"href":"https:\/\/roveyayinevi.com.tr\/index.php\/wp-json\/wp\/v2\/product_cat?post=695695"},{"taxonomy":"product_tag","embeddable":true,"href":"https:\/\/roveyayinevi.com.tr\/index.php\/wp-json\/wp\/v2\/product_tag?post=695695"}],"curies":[{"name":"wp","href":"https:\/\/api.w.org\/{rel}","templated":true}]}}