{"id":695694,"date":"2025-08-27T14:30:47","date_gmt":"2025-08-27T11:30:47","guid":{"rendered":"https:\/\/roveyayinevi.com.tr\/index.php\/urun\/golun-kiyisinda\/"},"modified":"2026-04-16T02:05:43","modified_gmt":"2026-04-15T23:05:43","slug":"golun-kiyisinda","status":"publish","type":"product","link":"https:\/\/roveyayinevi.com.tr\/index.php\/urun\/golun-kiyisinda\/","title":{"rendered":"G\u00f6l\u00fcn K\u0131y\u0131s\u0131nda"},"content":{"rendered":"<p>&#8220;Gecenin ge\u00e7 saatlerine kadar sizi ayakta tutacak, bitti\u011fi i\u00e7in \u00fcz\u00fclece\u011finiz bir kitap. Ve ard\u0131ndan tan\u0131d\u0131\u011f\u0131n\u0131z herkese okutmaya \u00e7al\u0131\u015facaks\u0131n\u0131z.&#8221; Washington Post &#8220;Usulca \u00e7i\u00e7ek a\u00e7an keskin sezgilerle ve duygusal zekayla dolu&#8230; insan\u0131 cezbeden, elinizden b\u0131rakmakta zorland\u0131\u011f\u0131n\u0131z bir kitap.&#8221; OBSERVER&#8221;Lawson okuru nas\u0131l i\u00e7ine \u00e7ekece\u011fini biliyor&#8230; bo\u015fa \u00e7\u0131km\u0131\u015f umutlar ve hayalk\u0131r\u0131kl\u0131klar\u0131yla, kendini kand\u0131rmalarla dolu ama sonu insana kendini iyi hissettiren bir roman bu.&#8221; SPECTATOR&#8221;SON, hi\u00e7 umulmad\u0131k \u015fekilde geldi; ve \u00fcst\u00fcnden \u00e7ok uzun vakit ge\u00e7inceye kadar ortada ona uzanan bir olaylar silsilesi bulundu\u011funu g\u00f6remedim&#8230;. Bir \u015feyin ba\u015flang\u0131\u00e7 noktas\u0131n\u0131 bulmaya \u00e7al\u0131\u015f\u0131rken ne kadar geri gidilebilece\u011fine dair bir s\u0131n\u0131r yok elbette. Bu aray\u0131\u015f insan\u0131 Adem&#8217;e, hatta daha da \u00f6ncesine g\u00f6t\u00fcrebilir. Fakat bizim ailemiz i\u00e7in o yaz mevsimi, pratikte her \u015feyin ba\u015flang\u0131c\u0131 say\u0131labilecek kadar feci bir olay olmu\u015ftu. S\u00f6z konusu olay ben yedi ya\u015f\u0131mdayken, Temmuz ay\u0131n\u0131n s\u0131cak ve durgun bir Cumartesi g\u00fcn\u00fc ya\u015fand\u0131 ve normal aile hayat\u0131m\u0131z\u0131 sona erdirdi; neredeyse yirmi y\u0131l sonra bile h\u00e2l\u00e2 bu olaya nas\u0131l bakmam gerekti\u011fini bulmakta zorlan\u0131yorum.&#8221; G\u00d6L\u00dcN KIYISINDA nadide bir ke\u015fif. Roman\u0131n \u00f6ylesine tela\u015fs\u0131z bir kendinden eminli\u011fi ve \u00f6ylesine iyi kontrol edilmi\u015f bir duygusall\u0131\u011f\u0131 var ki, \u00f6zel oldu\u011funu \u00e2n\u0131nda hissediyorsunuz. Kendinizi tad\u0131 \u00e7\u0131kar\u0131lacak bir edebi deneyim, i\u00e7inde kaybolabilece\u011finiz bir kitap ve dikkatle takip edilecek yeni bir yazarla kar\u015f\u0131 kar\u015f\u0131ya buluyorsunuz. <\/p>\n","protected":false},"excerpt":{"rendered":"<p>&#8220;Gecenin ge\u00e7 saatlerine kadar sizi ayakta tutacak, bitti\u011fi i\u00e7in \u00fcz\u00fclece\u011finiz bir kitap. Ve ard\u0131ndan tan\u0131d\u0131\u011f\u0131n\u0131z herkese okutmaya \u00e7al\u0131\u015facaks\u0131n\u0131z.&#8221; Washington Post &#8220;Usulca \u00e7i\u00e7ek a\u00e7an keskin sezgilerle ve<span class=\"excerpt-hellip\"> [\u2026]<\/span><\/p>\n","protected":false},"featured_media":0,"template":"","meta":{"_monsterinsights_skip_tracking":false,"_monsterinsights_sitenote_active":false,"_monsterinsights_sitenote_note":"","_monsterinsights_sitenote_category":0},"product_brand":[],"product_cat":[12718,18102,12719],"product_tag":[],"class_list":{"0":"post-695694","1":"product","2":"type-product","3":"status-publish","5":"product_cat-din","6":"product_cat-edebiyat-roman","7":"product_cat-islam","8":"pa_cilt-ciltsiz","9":"pa_tur-kitap","10":"pa_yayinevi-domingo-yayinevi","11":"pa_yazar-mary-lawson","13":"first","14":"instock","15":"sale","16":"shipping-taxable","17":"purchasable","18":"product-type-simple"},"_links":{"self":[{"href":"https:\/\/roveyayinevi.com.tr\/index.php\/wp-json\/wp\/v2\/product\/695694","targetHints":{"allow":["GET"]}}],"collection":[{"href":"https:\/\/roveyayinevi.com.tr\/index.php\/wp-json\/wp\/v2\/product"}],"about":[{"href":"https:\/\/roveyayinevi.com.tr\/index.php\/wp-json\/wp\/v2\/types\/product"}],"wp:attachment":[{"href":"https:\/\/roveyayinevi.com.tr\/index.php\/wp-json\/wp\/v2\/media?parent=695694"}],"wp:term":[{"taxonomy":"product_brand","embeddable":true,"href":"https:\/\/roveyayinevi.com.tr\/index.php\/wp-json\/wp\/v2\/product_brand?post=695694"},{"taxonomy":"product_cat","embeddable":true,"href":"https:\/\/roveyayinevi.com.tr\/index.php\/wp-json\/wp\/v2\/product_cat?post=695694"},{"taxonomy":"product_tag","embeddable":true,"href":"https:\/\/roveyayinevi.com.tr\/index.php\/wp-json\/wp\/v2\/product_tag?post=695694"}],"curies":[{"name":"wp","href":"https:\/\/api.w.org\/{rel}","templated":true}]}}