{"id":695693,"date":"2025-08-27T14:30:47","date_gmt":"2025-08-27T11:30:47","guid":{"rendered":"https:\/\/roveyayinevi.com.tr\/index.php\/urun\/fang-ailesi\/"},"modified":"2026-04-16T02:05:43","modified_gmt":"2026-04-15T23:05:43","slug":"fang-ailesi","status":"publish","type":"product","link":"https:\/\/roveyayinevi.com.tr\/index.php\/urun\/fang-ailesi\/","title":{"rendered":"Fang Ailesi"},"content":{"rendered":"<p>&#8220;\u015eimdi surat\u0131na bir tane \u00e7aksam, sanat diyebilir miyim buna?&#8221; &#8220;Y\u0131l\u0131n en iyisi&#8230; Bildi\u011finiz \u015fahaser.&#8221;  Nick Hornby Time, Guardian, Amazon, Esquire, People ve Kirkus&#8217;un &#8220;Y\u0131l\u0131n En \u0130yi Kitab\u0131&#8221; se\u00e7kilerinde. Bay VE Bayan Fang yapt\u0131klar\u0131 \u015feye sanat diyorlard\u0131. \u00c7ocuklar\u0131na g\u00f6re ise bu bir t\u00fcr \u015feytanl\u0131kt\u0131. \u015eayet Caleb ve Camille Fang gibi hayat\u0131n\u0131z\u0131 performans sanat\u0131na adam\u0131\u015fsan\u0131z, ve yap\u0131tlar\u0131n\u0131z ger\u00e7ekli\u011fi \u00e7arp\u0131tmak \u00fcst\u00fcne kurulmu\u015fsa, konu ebeveynli\u011fe geldi\u011finde kimse sizden harikalar beklememeli. \u0130nanmazsan\u0131z Buster ile Annie Fang&#8217;e sorun. Onlar kendilerini bildi bileli (istemeden) anne babalar\u0131n\u0131n zirzop yap\u0131tlar\u0131nda rol ald\u0131lar. Ama sonra b\u00fcy\u00fcd\u00fcler, \u00f6nce anne babalar\u0131n\u0131n yaratt\u0131\u011f\u0131 garip d\u00fcnyan\u0131n \u00f6tesine ad\u0131m att\u0131klar\u0131 ya\u015fa, ard\u0131ndan o d\u00fcnyada tutunamay\u0131p, kurduklar\u0131 ya\u015famlar\u0131n ba\u015flar\u0131na y\u0131k\u0131ld\u0131\u011f\u0131 ya\u015fa geldiler. Biri sanc\u0131l\u0131 bir yazar, di\u011feri Hollywood&#8217;da umut veren bir aktris olan iki karde\u015f, b\u00fcy\u00fcd\u00fckleri eve d\u00f6nmekten ba\u015fka \u00e7are g\u00f6remediler. Ancak anne babalar\u0131 onlarla ilgilenemeyecek kadar me\u015fguld\u00fc; &#8220;ba\u015fyap\u0131t\u0131m\u0131z&#8221; dedikleri son bir performans\u0131 hayata ge\u00e7irmeye haz\u0131rlan\u0131yorlard\u0131. \u00c7ok ge\u00e7meden h\u0131rslar \u00e7arp\u0131\u015ft\u0131 ve her bir Fang \u00fcyesi \u00e7ok \u00f6nemli bir karar\u0131n e\u015fi\u011fine geldi: \u00d6nemli olan aile miydi, yoksa sanat m\u0131? Kevin Wilson&#8217;\u0131n pek \u00e7ok yay\u0131n organ\u0131 taraf\u0131ndan &#8220;y\u0131l\u0131n en iyileri&#8221; se\u00e7kisine dahil edilen ve yak\u0131nda sinemaya uyarlanacak roman\u0131 FANG A\u0130LES\u0130, s\u00fcrekli \u00e7at\u0131\u015fan ama birbirini sevmekten asla vazge\u00e7meyen tuhaf bir ailenin e\u015fsiz hikayesi. <\/p>\n","protected":false},"excerpt":{"rendered":"<p>&#8220;\u015eimdi surat\u0131na bir tane \u00e7aksam, sanat diyebilir miyim buna?&#8221; &#8220;Y\u0131l\u0131n en iyisi&#8230; Bildi\u011finiz \u015fahaser.&#8221; Nick Hornby Time, Guardian, Amazon, Esquire, People ve Kirkus&#8217;un &#8220;Y\u0131l\u0131n En \u0130yi<span class=\"excerpt-hellip\"> [\u2026]<\/span><\/p>\n","protected":false},"featured_media":0,"template":"","meta":{"_monsterinsights_skip_tracking":false,"_monsterinsights_sitenote_active":false,"_monsterinsights_sitenote_note":"","_monsterinsights_sitenote_category":0},"product_brand":[],"product_cat":[12891,12291],"product_tag":[],"class_list":{"0":"post-695693","1":"product","2":"type-product","3":"status-publish","5":"product_cat-amerikan-edebiyati","6":"product_cat-edebiyat","7":"pa_cilt-ciltsiz","8":"pa_tur-kitap","9":"pa_yayinevi-domingo-yayinevi","10":"pa_yazar-kevin-wilson","12":"first","13":"instock","14":"sale","15":"shipping-taxable","16":"purchasable","17":"product-type-simple"},"_links":{"self":[{"href":"https:\/\/roveyayinevi.com.tr\/index.php\/wp-json\/wp\/v2\/product\/695693","targetHints":{"allow":["GET"]}}],"collection":[{"href":"https:\/\/roveyayinevi.com.tr\/index.php\/wp-json\/wp\/v2\/product"}],"about":[{"href":"https:\/\/roveyayinevi.com.tr\/index.php\/wp-json\/wp\/v2\/types\/product"}],"wp:attachment":[{"href":"https:\/\/roveyayinevi.com.tr\/index.php\/wp-json\/wp\/v2\/media?parent=695693"}],"wp:term":[{"taxonomy":"product_brand","embeddable":true,"href":"https:\/\/roveyayinevi.com.tr\/index.php\/wp-json\/wp\/v2\/product_brand?post=695693"},{"taxonomy":"product_cat","embeddable":true,"href":"https:\/\/roveyayinevi.com.tr\/index.php\/wp-json\/wp\/v2\/product_cat?post=695693"},{"taxonomy":"product_tag","embeddable":true,"href":"https:\/\/roveyayinevi.com.tr\/index.php\/wp-json\/wp\/v2\/product_tag?post=695693"}],"curies":[{"name":"wp","href":"https:\/\/api.w.org\/{rel}","templated":true}]}}