{"id":695692,"date":"2025-08-27T14:30:47","date_gmt":"2025-08-27T11:30:47","guid":{"rendered":"https:\/\/roveyayinevi.com.tr\/index.php\/urun\/gilgamis\/"},"modified":"2026-04-16T02:05:43","modified_gmt":"2026-04-15T23:05:43","slug":"gilgamis","status":"publish","type":"product","link":"https:\/\/roveyayinevi.com.tr\/index.php\/urun\/gilgamis\/","title":{"rendered":"G\u0131lgam\u0131\u015f"},"content":{"rendered":"<p>Ger\u00e7ek dost y\u00fcre\u011finin yolda\u015f\u0131d\u0131r. Bu \u00f6yk\u00fc s\u0131rad\u0131\u015f\u0131 ama y\u0131k\u0131c\u0131 bir g\u00fcce sahip olan bir \u00e7ocu\u011fun nas\u0131l bilge bir erke\u011fe d\u00f6n\u00fc\u015ft\u00fc\u011f\u00fcn\u00fc anlat\u0131yor. Bu \u00e7ocu\u011fun da, t\u0131pk\u0131 sizin gibi, \u00e7ok \u00f6zel bir ismi var: G\u0131lgam\u0131\u015f. On kitapl\u0131k Hepsi Sana Miras serisinde, G\u0131lgam\u0131\u015f\u0131n \u00f6yk\u00fcs\u00fcn\u00fc bize prestijli Guardian \u0130lk Kitap \u00d6d\u00fcl\u00fc sahibi Yiyun Li anlat\u0131yor, \u00fcnl\u00fc \u00e7izer Marco Lorenzetti ise resimliyor. Hepsi Sana Miras serisi hakk\u0131nda: Peki ya bug\u00fcn\u00fcn b\u00fcy\u00fck yazarlar\u0131, t\u00fcm zamanlar\u0131n en b\u00fcy\u00fck hikayelerini, sana yeniden anlatsa. Unutulmakta olan klasikleri, bug\u00fcn\u00fcn b\u00fcy\u00fck yazarlar\u0131n\u0131n yard\u0131m\u0131yla \u00e7ocuklarla bulu\u015fturmak. \u0130\u015fte Hepsi Sana Miras serisinin amac\u0131 bu. \u00dcnl\u00fc \u0130talyan yazar Alessandro Baricco\u2019nun d\u00fcnyan\u0131n d\u00f6rt yan\u0131ndaki yazar dostlar\u0131n\u0131 yard\u0131ma \u00e7a\u011f\u0131rmas\u0131 ile ortaya \u00e7\u0131km\u0131\u015f bir kurtarma botu . Umberto Eco\u2019dan Jonathan Coeya, Dave Eggerstan Nobel \u00f6d\u00fcll\u00fc Mario Vargas Llosaa, g\u00fcn\u00fcm\u00fcz\u00fcn \u00f6nemli yazarlar\u0131 birer klasik se\u00e7ip, bunlar\u0131 sanki kendi \u00e7ocuklar\u0131na anlat\u0131rm\u0131\u015f gibi, etkileyici ama kolay anla\u015f\u0131l\u0131r bir dille yeniden hikayelendirdi. \u00dcstelik zaman zaman kendi hayal g\u00fc\u00e7leriyle zenginle\u015ftirmekten de ka\u00e7\u0131nmayarak. Ve yine g\u00fcn\u00fcm\u00fcz\u00fcn \u00f6nemli \u00e7izerleri bu metinleri resimlediler. Hepsi Sana Miras (\u00f6zg\u00fcn isim: Save The Story) serisinde anlat\u0131m dilinden g\u00f6rsel tasar\u0131ma kadar her \u015fey klasikleri \u00e7ocuklara sevdirmek amac\u0131yla tasarland\u0131. Ama yeti\u015fkinler de okurken b\u00fcy\u00fck keyif alacaklar. Hele bir de dizlerinde onlar\u0131 dinleyen (m\u00fcmk\u00fcnse 6 ya\u015f\u0131ndan b\u00fcy\u00fck) bir \u00e7ocuk varsa&#8230; \ufffcTan\u0131t\u0131m Metni<\/p>\n","protected":false},"excerpt":{"rendered":"<p>Ger\u00e7ek dost y\u00fcre\u011finin yolda\u015f\u0131d\u0131r. Bu \u00f6yk\u00fc s\u0131rad\u0131\u015f\u0131 ama y\u0131k\u0131c\u0131 bir g\u00fcce sahip olan bir \u00e7ocu\u011fun nas\u0131l bilge bir erke\u011fe d\u00f6n\u00fc\u015ft\u00fc\u011f\u00fcn\u00fc anlat\u0131yor. Bu \u00e7ocu\u011fun da, t\u0131pk\u0131 sizin<span class=\"excerpt-hellip\"> [\u2026]<\/span><\/p>\n","protected":false},"featured_media":0,"template":"","meta":{"_monsterinsights_skip_tracking":false,"_monsterinsights_sitenote_active":false,"_monsterinsights_sitenote_note":"","_monsterinsights_sitenote_category":0},"product_brand":[],"product_cat":[12275,12274],"product_tag":[],"class_list":{"0":"post-695692","1":"product","2":"type-product","3":"status-publish","5":"product_cat-6-12-yas-kitaplari","6":"product_cat-cocuk-ve-genclik-kitaplari","7":"pa_cilt-ciltsiz","8":"pa_tur-kitap","9":"pa_yayinevi-domingo-yayinevi","10":"pa_yazar-yiyun-li","12":"first","13":"instock","14":"sale","15":"shipping-taxable","16":"purchasable","17":"product-type-simple"},"_links":{"self":[{"href":"https:\/\/roveyayinevi.com.tr\/index.php\/wp-json\/wp\/v2\/product\/695692","targetHints":{"allow":["GET"]}}],"collection":[{"href":"https:\/\/roveyayinevi.com.tr\/index.php\/wp-json\/wp\/v2\/product"}],"about":[{"href":"https:\/\/roveyayinevi.com.tr\/index.php\/wp-json\/wp\/v2\/types\/product"}],"wp:attachment":[{"href":"https:\/\/roveyayinevi.com.tr\/index.php\/wp-json\/wp\/v2\/media?parent=695692"}],"wp:term":[{"taxonomy":"product_brand","embeddable":true,"href":"https:\/\/roveyayinevi.com.tr\/index.php\/wp-json\/wp\/v2\/product_brand?post=695692"},{"taxonomy":"product_cat","embeddable":true,"href":"https:\/\/roveyayinevi.com.tr\/index.php\/wp-json\/wp\/v2\/product_cat?post=695692"},{"taxonomy":"product_tag","embeddable":true,"href":"https:\/\/roveyayinevi.com.tr\/index.php\/wp-json\/wp\/v2\/product_tag?post=695692"}],"curies":[{"name":"wp","href":"https:\/\/api.w.org\/{rel}","templated":true}]}}