{"id":695691,"date":"2025-08-27T14:30:47","date_gmt":"2025-08-27T11:30:47","guid":{"rendered":"https:\/\/roveyayinevi.com.tr\/index.php\/urun\/dunya-dun-ve-bugun\/"},"modified":"2026-04-16T02:05:43","modified_gmt":"2026-04-15T23:05:43","slug":"dunya-dun-ve-bugun","status":"publish","type":"product","link":"https:\/\/roveyayinevi.com.tr\/index.php\/urun\/dunya-dun-ve-bugun\/","title":{"rendered":"D\u00fcnya D\u00fcn Ve Bug\u00fcn"},"content":{"rendered":"<p>Bu kitap belki de ilk defa &#8220;bir resim bir kelimeye bedeldir&#8221; s\u00f6z\u00fcn\u00fc ispatl\u0131yor.Science NewsThe Economist dergisinin 2008 okunmas\u0131 gerekenler listesinde&#8230;D\u00fcnyan\u0131n farkl\u0131 noktalar\u0131n\u0131n d\u00fcn ve bug\u00fcn\u00fcn\u00fc ve bu arada olu\u015fmu\u015f bazen nefes kesen, bazen sarsan ama kesinlikle \u015fa\u015f\u0131rtan de\u011fi\u015fimi bize 250&#8217;yi a\u015fk\u0131n inan\u0131lmaz foto\u011fraf ile g\u00f6steren, k\u00fcresel \u0131s\u0131nma, \u015fehirle\u015fme gibi \u00e7ok g\u00fcncel konularda g\u00f6rsel kan\u0131tlar sunan bir \u00f6zel bir \u00e7al\u0131\u015fma.Kimler \u00c7ok Sever- \u00c7evre ve d\u00fcnyam\u0131z ile ilgilenenler- \u00d6zellikle k\u00fcresel \u0131s\u0131nma konusunda sosyal sorumluluk \u00e7al\u0131\u015fmalar\u0131 y\u00fcr\u00fcten \u015firketler- D\u00fcnyam\u0131z\u0131n son y\u00fczy\u0131l\u0131na ait \u00e7arp\u0131c\u0131 kareleri ar\u015fivlerinde bulundurmak isteyecek foto\u011fraf merakl\u0131lar\u0131- &#8220;Her \u015fey ayn\u0131 hi\u00e7 bir \u015fey de\u011fi\u015fmiyor&#8221; diyenler.D\u00fcnya: D\u00fcn Ve Bug\u00fcn pek \u00e7ok yay\u0131n\u0131n, foto\u011fraf ve uzay ar\u015fivlerinin taranarak ortaya \u00e7\u0131kar\u0131lan foto\u011fraflarla, d\u00fcnyam\u0131z\u0131n son 100 y\u0131lda nas\u0131l ak\u0131lalmaz \u015fekilde de\u011fi\u015fti\u011fini belgeliyor. Her \u00e7ift foto\u011fraf bir ger\u00e7e\u011fi g\u00f6rsel olarak sunmak \u00fczere e\u015fle\u015ftirilmi\u015f: Eriyen bir buzul, geni\u015fleyen bir \u00e7\u00f6l, y\u00fckselen bir \u015fehir ya da bir do\u011fal afet ama her zaman de\u011fi\u015fim ger\u00e7e\u011fine dair bir kan\u0131t&#8230;Bir sayfada d\u00fcnyam\u0131\u0131zn bir noktas\u0131 bize bundan be\u015f, on, yirmi elli hatta 100 sene \u00f6nceki haliyle g\u00f6steriliyor. Kar\u015f\u0131 sayfas\u0131nda ayn\u0131 yeri bug\u00fcnk\u00fc haliyle g\u00f6r\u00fcyoruz.Foto\u011fraflar\u0131n yan\u0131ndaki k\u00fc\u00e7\u00fck a\u00e7\u0131klamalar bize sadecde ger\u00e7e\u011fi sunuyor ve bunlara bakarak d\u00fcnyam\u0131z\u0131n d\u00fcn\u00fc, bug\u00fcn\u00fc ve belki de yar\u0131n\u0131 hakk\u0131nda sonu\u00e7 \u00e7\u0131kartmay\u0131 da bize b\u0131rak\u0131yor&#8230; <\/p>\n","protected":false},"excerpt":{"rendered":"<p>Bu kitap belki de ilk defa &#8220;bir resim bir kelimeye bedeldir&#8221; s\u00f6z\u00fcn\u00fc ispatl\u0131yor.Science NewsThe Economist dergisinin 2008 okunmas\u0131 gerekenler listesinde&#8230;D\u00fcnyan\u0131n farkl\u0131 noktalar\u0131n\u0131n d\u00fcn ve bug\u00fcn\u00fcn\u00fc ve<span class=\"excerpt-hellip\"> [\u2026]<\/span><\/p>\n","protected":false},"featured_media":0,"template":"","meta":{"_monsterinsights_skip_tracking":false,"_monsterinsights_sitenote_active":false,"_monsterinsights_sitenote_note":"","_monsterinsights_sitenote_category":0},"product_brand":[],"product_cat":[13005,13010],"product_tag":[],"class_list":{"0":"post-695691","1":"product","2":"type-product","3":"status-publish","5":"product_cat-bilim-muhendislik","6":"product_cat-doga-bilimleri","7":"pa_cilt-ciltli","8":"pa_tur-kitap","9":"pa_yayinevi-domingo-yayinevi","10":"pa_yazar-fred-pearce","12":"first","13":"instock","14":"sale","15":"shipping-taxable","16":"purchasable","17":"product-type-simple"},"_links":{"self":[{"href":"https:\/\/roveyayinevi.com.tr\/index.php\/wp-json\/wp\/v2\/product\/695691","targetHints":{"allow":["GET"]}}],"collection":[{"href":"https:\/\/roveyayinevi.com.tr\/index.php\/wp-json\/wp\/v2\/product"}],"about":[{"href":"https:\/\/roveyayinevi.com.tr\/index.php\/wp-json\/wp\/v2\/types\/product"}],"wp:attachment":[{"href":"https:\/\/roveyayinevi.com.tr\/index.php\/wp-json\/wp\/v2\/media?parent=695691"}],"wp:term":[{"taxonomy":"product_brand","embeddable":true,"href":"https:\/\/roveyayinevi.com.tr\/index.php\/wp-json\/wp\/v2\/product_brand?post=695691"},{"taxonomy":"product_cat","embeddable":true,"href":"https:\/\/roveyayinevi.com.tr\/index.php\/wp-json\/wp\/v2\/product_cat?post=695691"},{"taxonomy":"product_tag","embeddable":true,"href":"https:\/\/roveyayinevi.com.tr\/index.php\/wp-json\/wp\/v2\/product_tag?post=695691"}],"curies":[{"name":"wp","href":"https:\/\/api.w.org\/{rel}","templated":true}]}}