{"id":695689,"date":"2025-08-27T14:30:46","date_gmt":"2025-08-27T11:30:46","guid":{"rendered":"https:\/\/roveyayinevi.com.tr\/index.php\/urun\/coluk-cocuk\/"},"modified":"2026-04-16T02:05:43","modified_gmt":"2026-04-15T23:05:43","slug":"coluk-cocuk","status":"publish","type":"product","link":"https:\/\/roveyayinevi.com.tr\/index.php\/urun\/coluk-cocuk\/","title":{"rendered":"\u00c7oluk \u00c7ocuk"},"content":{"rendered":"<p>2010 NATIONAL BOOK AWARD sahibi Bir ba\u015fyap\u0131t, daha \u00f6nce hi\u00e7 a\u00e7\u0131lmam\u0131\u015f bir hazine sand\u0131\u011f\u0131n\u0131n i\u00e7ini g\u00f6rmek i\u00e7in ayr\u0131cal\u0131kl\u0131 bir davet. Johnny Depp Coltra\u0131ne&#8217;in \u00f6ldu\u00a8\u011fu\u00a8 yazd\u0131, a\u015fk\u0131n ve isyanlar\u0131n yaz\u0131yd\u0131 ve Brooklyn&#8217;de tesadufi bir kar\u015f\u0131la\u015fman\u0131n iki gen\u00e7 insan\u0131 sanat, ba\u011fl\u0131l\u0131k ve ba\u015flang\u0131\u00e7larla dolu bir hayat yolculu\u011funa \u00e7\u0131kartt\u0131\u011f\u0131 yazd\u0131. Pek \u00e7ok ele\u015ftirmen taraf\u0131ndan 2010&#8217;un en iyi kitab\u0131 olarak g\u00f6sterilen ve son olarak prestijli National Book Award&#8217;u kazanan \u00c7OLUK \u00c7OCUK, bir a\u015fk hik\u00e2yesi olarak ba\u015flay\u0131p bir a\u011f\u0131t olarak sona eriyor. Altm\u0131\u015flar\u0131n sonu, yetmi\u015flerin ba\u015f\u0131ndaki New York&#8217;a, onun zengin ve fakir insanlar\u0131na, sanat\u00e7\u0131lar\u0131na ve serserilerine bir selam \u00e7ak\u0131yor. Yolun ba\u015f\u0131nda birbirlerine g\u00f6z kulak olmaya s\u00f6z vermi\u015f iki gen\u00e7 sanat\u00e7\u0131, Patti Smith ve Robert Mapplethorpe&#8217;un yu\u00a8kseli\u015fini ve \u015f\u00f6hret kap\u0131s\u0131n\u0131 aralay\u0131\u015flar\u0131n\u0131 nefes kesici bir i\u00e7tenlik ve safl\u0131kta anlatan bu kitap, ger\u00e7ek bir masal. &#8220;ya\u015fl\u0131ca bir \u00e7ift \u00f6nu\u00a8mu\u00a8zde durup alenen bizi incelemeye ba\u015flad\u0131. Robert ilgi \u00e7ekmekten ho\u015flan\u0131yordu, heyecanla elimi s\u0131kt\u0131. &#8216;Hadi, foto\u011fraflar\u0131n\u0131 \u00e7ek,&#8217; dedi kad\u0131n, hayretler i\u00e7indeki kocas\u0131na. &#8216;Sanat\u00e7\u0131lar galiba.&#8217; &#8216;Hadi can\u0131m,&#8217; dedi adam, omuz silkerek. &#8216;\u00c7oluk \u00e7ocuk bunlar.'&#8221; <\/p>\n","protected":false},"excerpt":{"rendered":"<p>2010 NATIONAL BOOK AWARD sahibi Bir ba\u015fyap\u0131t, daha \u00f6nce hi\u00e7 a\u00e7\u0131lmam\u0131\u015f bir hazine sand\u0131\u011f\u0131n\u0131n i\u00e7ini g\u00f6rmek i\u00e7in ayr\u0131cal\u0131kl\u0131 bir davet. Johnny Depp Coltra\u0131ne&#8217;in \u00f6ldu\u00a8\u011fu\u00a8 yazd\u0131, a\u015fk\u0131n<span class=\"excerpt-hellip\"> [\u2026]<\/span><\/p>\n","protected":false},"featured_media":0,"template":"","meta":{"_monsterinsights_skip_tracking":false,"_monsterinsights_sitenote_active":false,"_monsterinsights_sitenote_note":"","_monsterinsights_sitenote_category":0},"product_brand":[],"product_cat":[12718,18102,12719],"product_tag":[],"class_list":{"0":"post-695689","1":"product","2":"type-product","3":"status-publish","5":"product_cat-din","6":"product_cat-edebiyat-roman","7":"product_cat-islam","8":"pa_cilt-ciltsiz","9":"pa_tur-kitap","10":"pa_yayinevi-domingo-yayinevi","11":"pa_yazar-patti-smith","13":"first","14":"instock","15":"sale","16":"shipping-taxable","17":"purchasable","18":"product-type-simple"},"_links":{"self":[{"href":"https:\/\/roveyayinevi.com.tr\/index.php\/wp-json\/wp\/v2\/product\/695689","targetHints":{"allow":["GET"]}}],"collection":[{"href":"https:\/\/roveyayinevi.com.tr\/index.php\/wp-json\/wp\/v2\/product"}],"about":[{"href":"https:\/\/roveyayinevi.com.tr\/index.php\/wp-json\/wp\/v2\/types\/product"}],"wp:attachment":[{"href":"https:\/\/roveyayinevi.com.tr\/index.php\/wp-json\/wp\/v2\/media?parent=695689"}],"wp:term":[{"taxonomy":"product_brand","embeddable":true,"href":"https:\/\/roveyayinevi.com.tr\/index.php\/wp-json\/wp\/v2\/product_brand?post=695689"},{"taxonomy":"product_cat","embeddable":true,"href":"https:\/\/roveyayinevi.com.tr\/index.php\/wp-json\/wp\/v2\/product_cat?post=695689"},{"taxonomy":"product_tag","embeddable":true,"href":"https:\/\/roveyayinevi.com.tr\/index.php\/wp-json\/wp\/v2\/product_tag?post=695689"}],"curies":[{"name":"wp","href":"https:\/\/api.w.org\/{rel}","templated":true}]}}