{"id":695686,"date":"2025-08-27T14:30:45","date_gmt":"2025-08-27T11:30:45","guid":{"rendered":"https:\/\/roveyayinevi.com.tr\/index.php\/urun\/arabalarin-hikayesi\/"},"modified":"2025-09-01T08:58:51","modified_gmt":"2025-09-01T05:58:51","slug":"arabalarin-hikayesi","status":"publish","type":"product","link":"https:\/\/roveyayinevi.com.tr\/index.php\/urun\/arabalarin-hikayesi\/","title":{"rendered":"Arabalar\u0131n Hikayesi"},"content":{"rendered":"<p>Arabalar\u0131n benzinden \u00f6nce koca koca pillerle \u00e7al\u0131\u015ft\u0131\u011f\u0131n\u0131 biliyor muydunuz? Peki ya ilk ara\u00e7lardan birinin r\u00fczg\u00e2r g\u00fcc\u00fcyle \u00e7al\u0131\u015fan \u00fc\u00e7 tekerlekli bir bisiklet oldu\u011funu? Bunun gibi daha pek \u00e7ok \u015fa\u015f\u0131rt\u0131c\u0131 bilgiyle dolu bu kitapla Da Vinci\u2019nin hayata ge\u00e7irmeye f\u0131rsat bulamad\u0131\u011f\u0131 otomatik arac\u0131ndan Gurney\u2019nin buharl\u0131 y\u00fck arabas\u0131na, Rolls Royce\u2019un G\u00fcm\u00fc\u015f Hayalet\u2019inden Fiat\u2019\u0131n Topolino\u2019suna kadar bin bir \u00e7e\u015fit arabayla son s\u00fcrat bir yolculu\u011fa haz\u0131r olun. Amman emniyet kemerlerinizi takmay\u0131 unutmay\u0131n! Bizden s\u00f6ylemesi&#8230; <\/p>\n","protected":false},"excerpt":{"rendered":"<p>Arabalar\u0131n benzinden \u00f6nce koca koca pillerle \u00e7al\u0131\u015ft\u0131\u011f\u0131n\u0131 biliyor muydunuz? Peki ya ilk ara\u00e7lardan birinin r\u00fczg\u00e2r g\u00fcc\u00fcyle \u00e7al\u0131\u015fan \u00fc\u00e7 tekerlekli bir bisiklet oldu\u011funu? Bunun gibi daha pek<span class=\"excerpt-hellip\"> [\u2026]<\/span><\/p>\n","protected":false},"featured_media":0,"template":"","meta":{"_monsterinsights_skip_tracking":false,"_monsterinsights_sitenote_active":false,"_monsterinsights_sitenote_note":"","_monsterinsights_sitenote_category":0},"product_brand":[],"product_cat":[12312,12304],"product_tag":[],"class_list":{"0":"post-695686","1":"product","2":"type-product","3":"status-publish","5":"product_cat-diger","6":"product_cat-tarih","7":"pa_tur-kitap","8":"pa_yayinevi-bilge-kultur-sanat","9":"pa_yazar-katie-daynes","11":"first","12":"instock","13":"sale","14":"shipping-taxable","15":"purchasable","16":"product-type-simple"},"_links":{"self":[{"href":"https:\/\/roveyayinevi.com.tr\/index.php\/wp-json\/wp\/v2\/product\/695686","targetHints":{"allow":["GET"]}}],"collection":[{"href":"https:\/\/roveyayinevi.com.tr\/index.php\/wp-json\/wp\/v2\/product"}],"about":[{"href":"https:\/\/roveyayinevi.com.tr\/index.php\/wp-json\/wp\/v2\/types\/product"}],"wp:attachment":[{"href":"https:\/\/roveyayinevi.com.tr\/index.php\/wp-json\/wp\/v2\/media?parent=695686"}],"wp:term":[{"taxonomy":"product_brand","embeddable":true,"href":"https:\/\/roveyayinevi.com.tr\/index.php\/wp-json\/wp\/v2\/product_brand?post=695686"},{"taxonomy":"product_cat","embeddable":true,"href":"https:\/\/roveyayinevi.com.tr\/index.php\/wp-json\/wp\/v2\/product_cat?post=695686"},{"taxonomy":"product_tag","embeddable":true,"href":"https:\/\/roveyayinevi.com.tr\/index.php\/wp-json\/wp\/v2\/product_tag?post=695686"}],"curies":[{"name":"wp","href":"https:\/\/api.w.org\/{rel}","templated":true}]}}