{"id":695685,"date":"2025-08-27T14:30:45","date_gmt":"2025-08-27T11:30:45","guid":{"rendered":"https:\/\/roveyayinevi.com.tr\/index.php\/urun\/arzunun-botanigi\/"},"modified":"2026-04-16T02:05:43","modified_gmt":"2026-04-15T23:05:43","slug":"arzunun-botanigi","status":"publish","type":"product","link":"https:\/\/roveyayinevi.com.tr\/index.php\/urun\/arzunun-botanigi\/","title":{"rendered":"Arzunun Botani\u011fi"},"content":{"rendered":"<p>&#8220;Okudu\u011funuz okuyaca\u011f\u0131n\u0131z her \u015feyden daha b\u00fcy\u00fcleyici.&#8221; Entertainment Weekly &#8220;Pollan sadece do\u011fal ya\u015fam \u00fcst\u00fcndeki etkilerimize de\u011fil, kendi do\u011fam\u0131za da \u0131\u015f\u0131k tutuyor. Nefes kesici.&#8221; The New York TimesHepimiz ar\u0131 ile \u00e7i\u00e7e\u011fin dans\u0131n\u0131 biliriz; bal yapmak i\u00e7in nektar ve polen toplayan ar\u0131 ve ar\u0131ya istediklerini vererek genlerini uzaklara yayan \u00e7i\u00e7ek. B\u00fcy\u00fck resmi g\u00f6remeyen ar\u0131 muhtemelen bah\u00e7ede kendisini \u00f6zne, ya\u011fmalad\u0131\u011f\u0131 \u00e7i\u00e7e\u011fi ise nesne san\u0131yor. Meselenin asl\u0131 ise \u015fu; \u00e7i\u00e7ek ar\u0131y\u0131, polenini \u00e7i\u00e7ekten \u00e7i\u00e7e\u011fe ta\u015f\u0131mas\u0131 i\u00e7in zekice kullanmakta. Kabul edelim, bitikilerin bizi de ayn\u0131 \u015fekilde kullanabiliyor olmas\u0131 akl\u0131m\u0131z\u0131n ucundan ge\u00e7miyor. \u0130nsan do\u011fa ili\u015fkisi \u00fcst\u00fcne yaz\u0131lm\u0131\u015f en etkileyici kitaplardan biri kabul edilen Arzunun Botani\u011fi&#8217;nde Michael Pollan insanlarla evcille\u015fmi\u015f bitkiler aras\u0131ndaki \u00e7\u0131kar temelli ili\u015fkiyi b\u00fcy\u00fcleyici bir \u015fekilde sergiliyor. D\u00f6rt temel insan arzusunu  tatl\u0131l\u0131k, g\u00fczellik, sarho\u015fluk ve kontrol- bunlar\u0131 tatmin eden d\u00f6rt bitki -elma, lale, kenevir ve patates- ile ili\u015fkilendirip bu bitkilerin nas\u0131l insano\u011flunun en temel d\u00fcrt\u00fclerini ho\u015fnut etmek i\u00e7in evrildi\u011fini g\u00f6steriyor. Ve sayfalar ilerledik\u00e7e g\u00f6r\u00fcyoruz ki, t\u0131pk\u0131 bizim bu bitkilerden faydaland\u0131\u011f\u0131m\u0131z gibi, bitkiler de bizden faydalan\u0131yor bu kar\u015f\u0131l\u0131kl\u0131 oyunda. <\/p>\n","protected":false},"excerpt":{"rendered":"<p>&#8220;Okudu\u011funuz okuyaca\u011f\u0131n\u0131z her \u015feyden daha b\u00fcy\u00fcleyici.&#8221; Entertainment Weekly &#8220;Pollan sadece do\u011fal ya\u015fam \u00fcst\u00fcndeki etkilerimize de\u011fil, kendi do\u011fam\u0131za da \u0131\u015f\u0131k tutuyor. Nefes kesici.&#8221; The New York TimesHepimiz<span class=\"excerpt-hellip\"> [\u2026]<\/span><\/p>\n","protected":false},"featured_media":0,"template":"","meta":{"_monsterinsights_skip_tracking":false,"_monsterinsights_sitenote_active":false,"_monsterinsights_sitenote_note":"","_monsterinsights_sitenote_category":0},"product_brand":[],"product_cat":[13005,13010],"product_tag":[],"class_list":{"0":"post-695685","1":"product","2":"type-product","3":"status-publish","5":"product_cat-bilim-muhendislik","6":"product_cat-doga-bilimleri","7":"pa_cilt-ciltsiz","8":"pa_tur-kitap","9":"pa_yayinevi-domingo-yayinevi","10":"pa_yazar-michael-pollan","12":"first","13":"instock","14":"sale","15":"shipping-taxable","16":"purchasable","17":"product-type-simple"},"_links":{"self":[{"href":"https:\/\/roveyayinevi.com.tr\/index.php\/wp-json\/wp\/v2\/product\/695685","targetHints":{"allow":["GET"]}}],"collection":[{"href":"https:\/\/roveyayinevi.com.tr\/index.php\/wp-json\/wp\/v2\/product"}],"about":[{"href":"https:\/\/roveyayinevi.com.tr\/index.php\/wp-json\/wp\/v2\/types\/product"}],"wp:attachment":[{"href":"https:\/\/roveyayinevi.com.tr\/index.php\/wp-json\/wp\/v2\/media?parent=695685"}],"wp:term":[{"taxonomy":"product_brand","embeddable":true,"href":"https:\/\/roveyayinevi.com.tr\/index.php\/wp-json\/wp\/v2\/product_brand?post=695685"},{"taxonomy":"product_cat","embeddable":true,"href":"https:\/\/roveyayinevi.com.tr\/index.php\/wp-json\/wp\/v2\/product_cat?post=695685"},{"taxonomy":"product_tag","embeddable":true,"href":"https:\/\/roveyayinevi.com.tr\/index.php\/wp-json\/wp\/v2\/product_tag?post=695685"}],"curies":[{"name":"wp","href":"https:\/\/api.w.org\/{rel}","templated":true}]}}