{"id":695684,"date":"2025-08-27T14:30:45","date_gmt":"2025-08-27T11:30:45","guid":{"rendered":"https:\/\/roveyayinevi.com.tr\/index.php\/urun\/afili-lugat\/"},"modified":"2026-04-16T02:05:43","modified_gmt":"2026-04-15T23:05:43","slug":"afili-lugat","status":"publish","type":"product","link":"https:\/\/roveyayinevi.com.tr\/index.php\/urun\/afili-lugat\/","title":{"rendered":"Afili L\u00fcgat"},"content":{"rendered":"<p>Cahillikler Kitab\u0131n\u0131n Ekibinden&#8230; Kantinde havyar ke\u015ffetmek gibi bir \u015fey&#8230; -Guardian- En parlak zihinlerin en parlak ve en komik s\u00f6zlerini bir araya getiren ve onlar\u0131 \u2018h\u0131rs\u2019tan \u2018endi\u015fe\u2019ye (ya da \u2018enginar\u2019dan \u2018pencere\u2019ye) dek 399 ayr\u0131 ba\u015fl\u0131k alt\u0131nda d\u00fczenleyen, ger\u00e7ekten iyi bir aforizma kitab\u0131: hayat\u0131n, (\u00e7ocu\u011funuzun bal\u0131\u011f\u0131n\u0131n \u00f6l\u00fcm\u00fcnden, kuantum teorisi\u2019ne dek kar\u015f\u0131n\u0131za \u00e7\u0131kabilece\u011fi hemen her durum i\u00e7in yararl\u0131 bir kullan\u0131m sunan bir kitap) bilge \u00f6zl\u00fc s\u00f6zlerden, muhte\u015fem esprilerden, g\u00fcl\u00fcn\u00e7 s\u00f6zlerden ve ger\u00e7e\u011fe, g\u00fczelli\u011fe dair samimiyetle yap\u0131lm\u0131\u015f a\u00e7\u0131klamalardan olu\u015fan bir kaynak kitab\u0131; pratik bir ilgin\u00e7likler rehberi&#8230; T\u00fcm bunlar bir kitab\u0131 almaya de\u011fer k\u0131lmak i\u00e7in yeter de artar bile. Size bir haberimiz var! Bu beyler i\u015fte tam da b\u00f6yle bir kitap kitap derlemi\u015fler&#8230; S\u0131k\u0131c\u0131 \u015feylerden uzak durman\u0131n erbab\u0131 IQ ekibi bu kez size eri\u015filmesi zor kutsal kaseyi: kocaman, yararl\u0131, komik ve ger\u00e7ekten \u00e7ok ilgin\u00e7 bir aforizma kitab\u0131n\u0131 sunuyor&#8230; Kitaptan Se\u00e7meler: \u00d6d\u00fcller hakk\u0131nda bilinmesi gereken tek \u015fey, Mozart\u2019\u0131n onlardan hi\u00e7 kazanmam\u0131\u015f oldu\u011fudur. -Henry Mitchell- \u0130nsan\u0131 yaratmak tuhaf ve \u00f6zg\u00fcn bir fikirmi\u015f ama buna koyunu eklemek, gereksiz bir tekrar olmu\u015f. -Mark Twain- Bu \u00fclkeyi nas\u0131l y\u00f6netece\u011fini bilen herkesin taksi s\u00fcrme ve sa\u00e7 kesmekle me\u015fgul olmas\u0131 ne b\u00fcy\u00fck talihsizlik. -George Burns- Sava\u015f Tanr\u0131\u2019n\u0131n Amerikal\u0131lara co\u011frafyay\u0131 \u00f6\u011fretme y\u00f6ntemidir. -Ambrose Bierce- Mesele rujsa \u00f6nemli olan renk de\u011fil, Tanr\u0131\u2019n\u0131n, dudaklar\u0131n\u0131z\u0131n bitti\u011fi yer konusundaki nihai karar\u0131n\u0131 kabul edebilmektir. -Jerry Seinfield- Beatles \u00fcyeleri yanl\u0131\u015f s\u0131rayla \u00f6l\u00fcyor. -Victor Lewis Smith- Ya\u015fland\u0131\u011f\u0131m\u0131z i\u00e7in vazge\u00e7meyiz oyun oynamaktan, oyun oynamaktan vazge\u00e7ti\u011fimiz i\u00e7in ya\u015flan\u0131r\u0131z. -Bernard Shaw- D\u00fcnyada anla\u015f\u0131mas\u0131 en zor \u015fey, gelir vergisidir. -Albert Einstein- \ufffcTan\u0131t\u0131m Metni<\/p>\n","protected":false},"excerpt":{"rendered":"<p>Cahillikler Kitab\u0131n\u0131n Ekibinden&#8230; Kantinde havyar ke\u015ffetmek gibi bir \u015fey&#8230; -Guardian- En parlak zihinlerin en parlak ve en komik s\u00f6zlerini bir araya getiren ve onlar\u0131 \u2018h\u0131rs\u2019tan \u2018endi\u015fe\u2019ye<span class=\"excerpt-hellip\"> [\u2026]<\/span><\/p>\n","protected":false},"featured_media":0,"template":"","meta":{"_monsterinsights_skip_tracking":false,"_monsterinsights_sitenote_active":false,"_monsterinsights_sitenote_note":"","_monsterinsights_sitenote_category":0},"product_brand":[],"product_cat":[15563],"product_tag":[],"class_list":{"0":"post-695684","1":"product","2":"type-product","3":"status-publish","5":"product_cat-hobi","6":"pa_cilt-ciltli","7":"pa_tur-kitap","8":"pa_yayinevi-domingo-yayinevi","9":"pa_yazar-john-lloyd","11":"first","12":"instock","13":"sale","14":"shipping-taxable","15":"purchasable","16":"product-type-simple"},"_links":{"self":[{"href":"https:\/\/roveyayinevi.com.tr\/index.php\/wp-json\/wp\/v2\/product\/695684","targetHints":{"allow":["GET"]}}],"collection":[{"href":"https:\/\/roveyayinevi.com.tr\/index.php\/wp-json\/wp\/v2\/product"}],"about":[{"href":"https:\/\/roveyayinevi.com.tr\/index.php\/wp-json\/wp\/v2\/types\/product"}],"wp:attachment":[{"href":"https:\/\/roveyayinevi.com.tr\/index.php\/wp-json\/wp\/v2\/media?parent=695684"}],"wp:term":[{"taxonomy":"product_brand","embeddable":true,"href":"https:\/\/roveyayinevi.com.tr\/index.php\/wp-json\/wp\/v2\/product_brand?post=695684"},{"taxonomy":"product_cat","embeddable":true,"href":"https:\/\/roveyayinevi.com.tr\/index.php\/wp-json\/wp\/v2\/product_cat?post=695684"},{"taxonomy":"product_tag","embeddable":true,"href":"https:\/\/roveyayinevi.com.tr\/index.php\/wp-json\/wp\/v2\/product_tag?post=695684"}],"curies":[{"name":"wp","href":"https:\/\/api.w.org\/{rel}","templated":true}]}}