{"id":695682,"date":"2025-08-27T14:30:45","date_gmt":"2025-08-27T11:30:45","guid":{"rendered":"https:\/\/roveyayinevi.com.tr\/index.php\/urun\/altin-isik-5\/"},"modified":"2026-04-16T02:05:43","modified_gmt":"2026-04-15T23:05:43","slug":"altin-isik-5","status":"publish","type":"product","link":"https:\/\/roveyayinevi.com.tr\/index.php\/urun\/altin-isik-5\/","title":{"rendered":"Alt\u0131n I\u015f\u0131k"},"content":{"rendered":"<p>Ziya G\u00f6kalp \u00e7ocuklar i\u00e7in yazd\u0131\u011f\u0131 halk masallar\u0131nda \u00e7al\u0131\u015fkanl\u0131k ve d\u00fcr\u00fcstl\u00fc\u011f\u00fc, hakk\u0131n zulme kar\u015f\u0131 zaferini, g\u00f6r\u00fcn\u00fc\u015fe de\u011fer vermenin k\u00f6t\u00fc sonu\u00e7lar\u0131n\u0131, sabr\u0131n ve iyi kalplili\u011fin faydalar\u0131n\u0131, aile ba\u011f\u0131n\u0131n kutsall\u0131\u011f\u0131n\u0131, kad\u0131n\u0131n toplumun ilerlemesinde rol \u00fcstlenmesi gerekti\u011fini, T\u00fcrk\u2019\u00fcn engin ho\u015fg\u00f6r\u00fcs\u00fcn\u00fcn varl\u0131\u011f\u0131n\u0131 savunmu\u015ftur. Alt\u0131n I\u015f\u0131k\u2019ta halk k\u00fclt\u00fcr\u00fcn\u00fcn i\u015flenmesiyle mill\u00ee bir edebiyat\u0131n meydana getirilebilece\u011fini g\u00f6stermeye \u00e7al\u0131\u015fan yazar bu eserinde \u00e7ocuklara mill\u00ee duygu ve ahl\u00e2k\u00ee de\u011ferler a\u015f\u0131lamaya \u00e7al\u0131\u015f\u0131r. Ziya G\u00f6kalp T\u00fcrk \u00e7ocuklar\u0131n\u0131 yepyeni masallarla bulu\u015fturarak onlar\u0131n g\u00f6n\u00fcllerinde  alt\u0131n \u0131\u015f\u0131k \u0131n yanmas\u0131n\u0131 arzu ediyor. Sahi  alt\u0131n \u0131\u015f\u0131k  ne? Merak ediyorsan\u0131z kitab\u0131 mutlaka okumal\u0131s\u0131n\u0131z. Kelo\u011flan, Tembel Ahmet, Ala Geyik, Ba\u015fat sizi bekleyen masallardan birka\u00e7\u0131 sadece. <\/p>\n","protected":false},"excerpt":{"rendered":"<p>Ziya G\u00f6kalp \u00e7ocuklar i\u00e7in yazd\u0131\u011f\u0131 halk masallar\u0131nda \u00e7al\u0131\u015fkanl\u0131k ve d\u00fcr\u00fcstl\u00fc\u011f\u00fc, hakk\u0131n zulme kar\u015f\u0131 zaferini, g\u00f6r\u00fcn\u00fc\u015fe de\u011fer vermenin k\u00f6t\u00fc sonu\u00e7lar\u0131n\u0131, sabr\u0131n ve iyi kalplili\u011fin faydalar\u0131n\u0131, aile ba\u011f\u0131n\u0131n<span class=\"excerpt-hellip\"> [\u2026]<\/span><\/p>\n","protected":false},"featured_media":0,"template":"","meta":{"_monsterinsights_skip_tracking":false,"_monsterinsights_sitenote_active":false,"_monsterinsights_sitenote_note":"","_monsterinsights_sitenote_category":0},"product_brand":[],"product_cat":[12274,12284],"product_tag":[],"class_list":{"0":"post-695682","1":"product","2":"type-product","3":"status-publish","5":"product_cat-cocuk-ve-genclik-kitaplari","6":"product_cat-hikayeler","7":"pa_tur-kitap","8":"pa_yayinevi-bilge-kultur-sanat","9":"pa_yazar-ziya-gokalp","11":"first","12":"instock","13":"sale","14":"shipping-taxable","15":"purchasable","16":"product-type-simple"},"_links":{"self":[{"href":"https:\/\/roveyayinevi.com.tr\/index.php\/wp-json\/wp\/v2\/product\/695682","targetHints":{"allow":["GET"]}}],"collection":[{"href":"https:\/\/roveyayinevi.com.tr\/index.php\/wp-json\/wp\/v2\/product"}],"about":[{"href":"https:\/\/roveyayinevi.com.tr\/index.php\/wp-json\/wp\/v2\/types\/product"}],"wp:attachment":[{"href":"https:\/\/roveyayinevi.com.tr\/index.php\/wp-json\/wp\/v2\/media?parent=695682"}],"wp:term":[{"taxonomy":"product_brand","embeddable":true,"href":"https:\/\/roveyayinevi.com.tr\/index.php\/wp-json\/wp\/v2\/product_brand?post=695682"},{"taxonomy":"product_cat","embeddable":true,"href":"https:\/\/roveyayinevi.com.tr\/index.php\/wp-json\/wp\/v2\/product_cat?post=695682"},{"taxonomy":"product_tag","embeddable":true,"href":"https:\/\/roveyayinevi.com.tr\/index.php\/wp-json\/wp\/v2\/product_tag?post=695682"}],"curies":[{"name":"wp","href":"https:\/\/api.w.org\/{rel}","templated":true}]}}